{"id":2633,"date":"2023-04-08T18:18:08","date_gmt":"2023-04-08T20:18:08","guid":{"rendered":"https:\/\/apotekar-online.rs\/?post_type=product&#038;p=2633"},"modified":"2026-03-05T08:20:31","modified_gmt":"2026-03-05T10:20:31","slug":"nip-family-silikonska-laza-za-decake-0-6-meseci-2-komada","status":"publish","type":"product","link":"https:\/\/apotekar-online.rs\/ro\/p\/nip-family-silikonska-laza-za-decake-0-6-meseci-2-komada\/","title":{"rendered":"Nip Family silikonska la\u017ea za de\u010dake 0-6 meseci \u2013 2 komada"},"content":{"rendered":"","protected":false},"excerpt":{"rendered":"<p>Nip este un brand german cu peste 80 de ani de tradi\u021bie. Toate produsele sunt dezvoltate \u0219i fabricate \u00een Germania cu ideea de a oferi mamelor \u0219i bebelu\u0219ilor doar produse de cea mai \u00eenalt\u0103 calitate.<\/p>\n<p>Nip Family silicon lie 0-6 2 buc<\/p>\n<p>Nip Family lie este confectionata din silicon, pentru varsta 0-6 luni. Forma anatomic\u0103 cu orificii de ventila\u021bie pe partea din plastic a minciunii protejeaz\u0103 pielea sensibil\u0103 a bebelu\u0219ului de irita\u021bii. Fara bisfenol A.<br \/>\nMaterial: silicon<br \/>\nVarsta: 0-6m<br \/>\nNumar de bucati in pachet: 2 bucati<br \/>\nSterilizare: \u00een cuptorul cu microunde sau sterilizator electric<\/p>\n<p><strong>Not\u0103:<\/strong>\u00a0Ne str\u0103duim s\u0103 fim c\u00e2t mai precisi \u00een descrierea tuturor produselor, dar nu putem garanta c\u0103 toate descrierile sunt complete \u0219i f\u0103r\u0103 erori. Multumesc pentru intelegere.<br \/>\nToate articolele afi\u0219ate pe site fac parte din oferta noastr\u0103, dar nu \u00eenseamn\u0103 c\u0103 sunt disponibile \u00een orice moment.<\/p>","protected":false},"featured_media":2635,"template":"","meta":[],"product_brand":[],"product_cat":[385,340],"product_tag":[],"class_list":{"0":"post-2633","1":"product","2":"type-product","3":"status-publish","4":"has-post-thumbnail","6":"product_cat-bebi-oprema","7":"product_cat-deciji-program","9":"first","10":"instock","11":"shipping-taxable","12":"purchasable","13":"product-type-simple"},"ams_default_variation_id":0,"ams_product_points_reward":[],"ams_product_discount_percentage":0,"ams_price_to_display":600,"ams_acf":[],"jetpack_sharing_enabled":true,"_links":{"self":[{"href":"https:\/\/apotekar-online.rs\/ro\/wp-json\/wp\/v2\/product\/2633","targetHints":{"allow":["GET"]}}],"collection":[{"href":"https:\/\/apotekar-online.rs\/ro\/wp-json\/wp\/v2\/product"}],"about":[{"href":"https:\/\/apotekar-online.rs\/ro\/wp-json\/wp\/v2\/types\/product"}],"wp:featuredmedia":[{"embeddable":true,"href":"https:\/\/apotekar-online.rs\/ro\/wp-json\/wp\/v2\/media\/2635"}],"wp:attachment":[{"href":"https:\/\/apotekar-online.rs\/ro\/wp-json\/wp\/v2\/media?parent=2633"}],"wp:term":[{"taxonomy":"product_brand","embeddable":true,"href":"https:\/\/apotekar-online.rs\/ro\/wp-json\/wp\/v2\/product_brand?post=2633"},{"taxonomy":"product_cat","embeddable":true,"href":"https:\/\/apotekar-online.rs\/ro\/wp-json\/wp\/v2\/product_cat?post=2633"},{"taxonomy":"product_tag","embeddable":true,"href":"https:\/\/apotekar-online.rs\/ro\/wp-json\/wp\/v2\/product_tag?post=2633"}],"curies":[{"name":"wp","href":"https:\/\/api.w.org\/{rel}","templated":true}]}}