{"id":2638,"date":"2023-04-08T18:36:30","date_gmt":"2023-04-08T20:36:30","guid":{"rendered":"https:\/\/apotekar-online.rs\/?post_type=product&#038;p=2638"},"modified":"2026-03-05T08:20:31","modified_gmt":"2026-03-05T10:20:31","slug":"lacalut-baby-0-2-pasta-de-dinti-copii","status":"publish","type":"product","link":"https:\/\/apotekar-online.rs\/ro\/p\/lacalut-baby-0-2-decija-zubna-pasta\/","title":{"rendered":"Pasta de dinti copii Lacalut baby 0-2"},"content":{"rendered":"","protected":false},"excerpt":{"rendered":"<p>Pasta de din\u021bi pentru copii Lacalut este destinat\u0103 celor mai tineri membri ai familiei noastre.<\/p>\n<p>Bebelusul Lacalut hraneste si protejeaza dintii de lapte pana in al doilea an.<\/p>\n<p>Pasta de din\u021bi pentru copii Lacalut cu arom\u0103 de c\u0103p\u0219uni \u0219i banane permite:<\/p>\n<p>protectie impotriva cariilor si a acidului zaharat,<\/p>\n<p>protec\u021bia gingiilor copiilor \u00een primii ani de dezvoltare a acestora,<\/p>\n<p>permite remineralizarea din\u021bilor \u0219i \u00eei cur\u0103\u021b\u0103 delicat.<\/p>\n<p>Toate ingredientele sunt pe baz\u0103 natural\u0103, ceea ce asigur\u0103 \u00een plus siguran\u021ba s\u0103n\u0103t\u0103\u021bii orale.<\/p>\n<p>Nu con\u021bine zah\u0103r \u0219i coloran\u021bi artificiali.<\/p>\n<p>Ambalaj: 55 ml<\/p>\n<p><strong>Not\u0103:<\/strong>\u00a0Ne str\u0103duim s\u0103 fim c\u00e2t mai precisi \u00een descrierea tuturor produselor, dar nu putem garanta c\u0103 toate descrierile sunt complete \u0219i f\u0103r\u0103 erori. Multumesc pentru intelegere.<br \/>\nToate articolele afi\u0219ate pe site fac parte din oferta noastr\u0103, dar nu \u00eenseamn\u0103 c\u0103 sunt disponibile \u00een orice moment.<\/p>","protected":false},"featured_media":2639,"template":"","meta":[],"product_brand":[],"product_cat":[340,385],"product_tag":[],"class_list":{"0":"post-2638","1":"product","2":"type-product","3":"status-publish","4":"has-post-thumbnail","6":"product_cat-deciji-program","7":"product_cat-bebi-oprema","8":"pa_brend-lacalut","10":"first","11":"instock","12":"shipping-taxable","13":"purchasable","14":"product-type-simple"},"ams_default_variation_id":0,"ams_product_points_reward":[],"ams_product_discount_percentage":0,"ams_price_to_display":460,"ams_acf":[],"jetpack_sharing_enabled":true,"_links":{"self":[{"href":"https:\/\/apotekar-online.rs\/ro\/wp-json\/wp\/v2\/product\/2638","targetHints":{"allow":["GET"]}}],"collection":[{"href":"https:\/\/apotekar-online.rs\/ro\/wp-json\/wp\/v2\/product"}],"about":[{"href":"https:\/\/apotekar-online.rs\/ro\/wp-json\/wp\/v2\/types\/product"}],"wp:featuredmedia":[{"embeddable":true,"href":"https:\/\/apotekar-online.rs\/ro\/wp-json\/wp\/v2\/media\/2639"}],"wp:attachment":[{"href":"https:\/\/apotekar-online.rs\/ro\/wp-json\/wp\/v2\/media?parent=2638"}],"wp:term":[{"taxonomy":"product_brand","embeddable":true,"href":"https:\/\/apotekar-online.rs\/ro\/wp-json\/wp\/v2\/product_brand?post=2638"},{"taxonomy":"product_cat","embeddable":true,"href":"https:\/\/apotekar-online.rs\/ro\/wp-json\/wp\/v2\/product_cat?post=2638"},{"taxonomy":"product_tag","embeddable":true,"href":"https:\/\/apotekar-online.rs\/ro\/wp-json\/wp\/v2\/product_tag?post=2638"}],"curies":[{"name":"wp","href":"https:\/\/api.w.org\/{rel}","templated":true}]}}