{"id":2699,"date":"2023-04-12T09:59:28","date_gmt":"2023-04-12T11:59:28","guid":{"rendered":"https:\/\/apotekar-online.rs\/?post_type=product&#038;p=2699"},"modified":"2026-03-05T08:20:30","modified_gmt":"2026-03-05T10:20:30","slug":"sapun-sebamed-bebe-100g","status":"publish","type":"product","link":"https:\/\/apotekar-online.rs\/ro\/p\/sebamed-baby-sapun-100g\/","title":{"rendered":"Sapun Sebamed Baby 100g"},"content":{"rendered":"","protected":false},"excerpt":{"rendered":"<p>Sapunul pentru bebelusi Sebamed este destinat spalarii pielii delicate a copiilor si adultilor cu pielea foarte uscata. A fost testat clinic \u0219i au fost dovedite propriet\u0103\u021bile sale de a \u00eendep\u0103rta gr\u0103simea, hidratarea \u0219i hidratarea pielii. Cu o valoare a pH-ului de 5,5, asigura dezvoltarea unei mantale acide care intareste rezistenta pielii.<\/p>\n<h5><strong>Mod de utilizare<\/strong><\/h5>\n<p>Uda\u021bi pielea \u0219i freca\u021bi u\u0219or cu s\u0103pun p\u00e2n\u0103 se formeaz\u0103 o spum\u0103. Masa\u021bi u\u0219or pome\u021bii cu mi\u0219c\u0103ri circulare \u0219i apoi cl\u0103ti\u021bi pielea.<\/p>\n<h5><strong>Compozi\u0163ie<\/strong><\/h5>\n<p>Amidon de triticum vulgare, lauril sulfosuccinat disodic, acid palmitic, acid stearic, stearat de gliceril, alcool cetearilic, talc, acva, lauril sarcosinat de sodiu, cocamidopropil betain\u0103, lactat de sodiu, cera alba, pantenol, inulin\u0103, lecitin\u0103, aspartan\u0103, magneziu Lizin\u0103, Leucin\u0103, Parfum, CI 77891.<\/p>\n<p>&nbsp;<\/p>","protected":false},"featured_media":2700,"template":"","meta":[],"product_brand":[],"product_cat":[340,385,224],"product_tag":[390,1849,1850,1851],"class_list":{"0":"post-2699","1":"product","2":"type-product","3":"status-publish","4":"has-post-thumbnail","6":"product_cat-deciji-program","7":"product_cat-bebi-oprema","8":"product_cat-kozmetika-za-decu","9":"product_tag-bebe","10":"product_tag-deciji-sapun","11":"product_tag-sapun","12":"product_tag-seba-med","13":"pa_brend-sebamed","15":"first","16":"outofstock","17":"shipping-taxable","18":"product-type-simple"},"ams_default_variation_id":0,"ams_product_points_reward":[],"ams_product_discount_percentage":0,"ams_price_to_display":0,"ams_acf":[],"jetpack_sharing_enabled":true,"_links":{"self":[{"href":"https:\/\/apotekar-online.rs\/ro\/wp-json\/wp\/v2\/product\/2699","targetHints":{"allow":["GET"]}}],"collection":[{"href":"https:\/\/apotekar-online.rs\/ro\/wp-json\/wp\/v2\/product"}],"about":[{"href":"https:\/\/apotekar-online.rs\/ro\/wp-json\/wp\/v2\/types\/product"}],"wp:featuredmedia":[{"embeddable":true,"href":"https:\/\/apotekar-online.rs\/ro\/wp-json\/wp\/v2\/media\/2700"}],"wp:attachment":[{"href":"https:\/\/apotekar-online.rs\/ro\/wp-json\/wp\/v2\/media?parent=2699"}],"wp:term":[{"taxonomy":"product_brand","embeddable":true,"href":"https:\/\/apotekar-online.rs\/ro\/wp-json\/wp\/v2\/product_brand?post=2699"},{"taxonomy":"product_cat","embeddable":true,"href":"https:\/\/apotekar-online.rs\/ro\/wp-json\/wp\/v2\/product_cat?post=2699"},{"taxonomy":"product_tag","embeddable":true,"href":"https:\/\/apotekar-online.rs\/ro\/wp-json\/wp\/v2\/product_tag?post=2699"}],"curies":[{"name":"wp","href":"https:\/\/api.w.org\/{rel}","templated":true}]}}