{"id":2746,"date":"2023-04-17T14:06:28","date_gmt":"2023-04-17T16:06:28","guid":{"rendered":"https:\/\/apotekar-online.rs\/?post_type=product&#038;p=2746"},"modified":"2026-03-05T08:20:30","modified_gmt":"2026-03-05T10:20:30","slug":"crema-pentru-bebelusi-extra-moale-50ml","status":"publish","type":"product","link":"https:\/\/apotekar-online.rs\/ro\/p\/baby-krema-ekstra-meka-50ml\/","title":{"rendered":"Crema pentru bebelusi - extra moale 50ml"},"content":{"rendered":"","protected":false},"excerpt":{"rendered":"<h3>Protectie excelenta a pielii de vremea rece, prevenirea iritatii de scutec si stimularea procesului de recuperare a pielii.<\/h3>\n<div class=\"rich-text\">\n<ul>\n<li>Intareste rezistenta pielii sensibile ale bebelusului<\/li>\n<li>Cu o valoare a pH-ului de 5,5, Baby sebamed este dovedit clinic c\u0103 dezvolt\u0103 o manta acid\u0103<\/li>\n<li>Nu con\u021bine nitro-componente formaldehid\u0103, nitrozamine, dioxan<\/li>\n<li>Fara culori artificiale<\/li>\n<\/ul>\n<p>Caracteristicile produsului:<\/p>\n<ul>\n<li>Protectie intensiva a pielii sensibile ale bebelusului<\/li>\n<li>Protejeaz\u0103 \u00eempotriva influen\u021belor externe d\u0103un\u0103toare<\/li>\n<li>Formeaz\u0103 o pelicul\u0103 protectoare \u00eempotriva usc\u0103ciunii \u0219i irita\u021biilor, impermeabil\u0103<\/li>\n<li>Bogat in pantenol, alantoina si extract de musetel, complexul hidratant si protector calmeaza si regenereaza pielea iritata.<\/li>\n<li>Este u\u0219or de aplicat \u0219i se absoarbe rapid<\/li>\n<li>41% compozi\u021bie lipidic\u0103<\/li>\n<\/ul>\n<h3>Indicatii<\/h3>\n<div class=\"rich-text\">\n<ul>\n<li>Ingrijire intensiva si protectie a pielii sensibile ale bebelusului<\/li>\n<li>Recomandat si pentru zonele cu frecare mare (coate, genunchi)<\/li>\n<li>Pentru fata, zona genito-anala si intregul corp<\/li>\n<li>Protec\u021bie la vreme rece<\/li>\n<li>Pentru pielea extrem de sensibil\u0103 sau uscat\u0103, de ex. \u00een eczema atopic\u0103<\/li>\n<li>Testat dermatologic\/clinic<\/li>\n<\/ul>\n<p><strong>Not\u0103:<\/strong>\u00a0Ne str\u0103duim s\u0103 fim c\u00e2t mai precisi \u00een descrierea tuturor produselor, dar nu putem garanta c\u0103 toate descrierile sunt complete \u0219i f\u0103r\u0103 erori. Multumesc pentru intelegere.<br \/>\nToate articolele afi\u0219ate pe site fac parte din oferta noastr\u0103, dar nu \u00eenseamn\u0103 c\u0103 sunt disponibile \u00een orice moment.<\/p>\n<\/div>\n<\/div>","protected":false},"featured_media":2745,"template":"","meta":[],"product_brand":[],"product_cat":[340,224],"product_tag":[],"class_list":{"0":"post-2746","1":"product","2":"type-product","3":"status-publish","4":"has-post-thumbnail","6":"product_cat-deciji-program","7":"product_cat-kozmetika-za-decu","8":"pa_brend-sebamed","10":"first","11":"instock","12":"shipping-taxable","13":"purchasable","14":"product-type-simple"},"ams_default_variation_id":0,"ams_product_points_reward":[],"ams_product_discount_percentage":0,"ams_price_to_display":390,"ams_acf":[],"jetpack_sharing_enabled":true,"_links":{"self":[{"href":"https:\/\/apotekar-online.rs\/ro\/wp-json\/wp\/v2\/product\/2746","targetHints":{"allow":["GET"]}}],"collection":[{"href":"https:\/\/apotekar-online.rs\/ro\/wp-json\/wp\/v2\/product"}],"about":[{"href":"https:\/\/apotekar-online.rs\/ro\/wp-json\/wp\/v2\/types\/product"}],"wp:featuredmedia":[{"embeddable":true,"href":"https:\/\/apotekar-online.rs\/ro\/wp-json\/wp\/v2\/media\/2745"}],"wp:attachment":[{"href":"https:\/\/apotekar-online.rs\/ro\/wp-json\/wp\/v2\/media?parent=2746"}],"wp:term":[{"taxonomy":"product_brand","embeddable":true,"href":"https:\/\/apotekar-online.rs\/ro\/wp-json\/wp\/v2\/product_brand?post=2746"},{"taxonomy":"product_cat","embeddable":true,"href":"https:\/\/apotekar-online.rs\/ro\/wp-json\/wp\/v2\/product_cat?post=2746"},{"taxonomy":"product_tag","embeddable":true,"href":"https:\/\/apotekar-online.rs\/ro\/wp-json\/wp\/v2\/product_tag?post=2746"}],"curies":[{"name":"wp","href":"https:\/\/api.w.org\/{rel}","templated":true}]}}