{"id":2821,"date":"2023-04-23T09:43:48","date_gmt":"2023-04-23T11:43:48","guid":{"rendered":"https:\/\/apotekar-online.rs\/?post_type=product&#038;p=2821"},"modified":"2026-03-05T08:20:28","modified_gmt":"2026-03-05T10:20:28","slug":"detergent-lichid-frosch-baby-1-5l","status":"publish","type":"product","link":"https:\/\/apotekar-online.rs\/ro\/p\/frosch-baby-tecni-deterdzent-1-5l\/","title":{"rendered":"Detergent lichid Frosch Baby 1,5l"},"content":{"rendered":"","protected":false},"excerpt":{"rendered":"<p>Detergent lichid Frosch Baby 1,5l<br \/>\nDetergentul lichid de rufe Frosch Baby este un produs unic special conceput pentru a face rufele bebelusului tau impecabil de moale si delicate la atingere.<br \/>\nFormula sa sensibil\u0103 pe baz\u0103 de ulei de migdale asigur\u0103 a\u0219ternut \u0219i haine moi, netede \u0219i delicate pentru cei mici.<br \/>\nDatorit\u0103 formul\u0103rii u\u0219oare \u0219i testate dermatologic, acest produs este bl\u00e2nd cu pielea \u0219i, ca atare, este potrivit at\u00e2t pentru bebelu\u0219i, c\u00e2t \u0219i pentru persoanele cu pielea foarte sensibil\u0103.<\/p>\n<p>Ambalaj: 1500 ml.<\/p>\n<p>&nbsp;<\/p>\n<p><strong>Not\u0103:<\/strong>\u00a0Ne str\u0103duim s\u0103 fim c\u00e2t mai precisi \u00een descrierea tuturor produselor, dar nu putem garanta c\u0103 toate descrierile sunt complete \u0219i f\u0103r\u0103 erori. Multumesc pentru intelegere.<br \/>\nToate articolele afi\u0219ate pe site fac parte din oferta noastr\u0103, dar nu \u00eenseamn\u0103 c\u0103 sunt disponibile \u00een orice moment.<\/p>","protected":false},"featured_media":2822,"template":"","meta":[],"product_brand":[],"product_cat":[340,385,224],"product_tag":[410,409,411,299],"class_list":{"0":"post-2821","1":"product","2":"type-product","3":"status-publish","4":"has-post-thumbnail","6":"product_cat-deciji-program","7":"product_cat-bebi-oprema","8":"product_cat-kozmetika-za-decu","9":"product_tag-deterdzenti-i-praskovi-za-bebine-stvari","10":"product_tag-kozmetika-za-decu","11":"product_tag-nega-dece","12":"product_tag-nega-koze","13":"pa_brend-frosch","15":"first","16":"instock","17":"shipping-taxable","18":"purchasable","19":"product-type-simple"},"ams_default_variation_id":0,"ams_product_points_reward":[],"ams_product_discount_percentage":0,"ams_price_to_display":887.62,"ams_acf":[],"jetpack_sharing_enabled":true,"_links":{"self":[{"href":"https:\/\/apotekar-online.rs\/ro\/wp-json\/wp\/v2\/product\/2821","targetHints":{"allow":["GET"]}}],"collection":[{"href":"https:\/\/apotekar-online.rs\/ro\/wp-json\/wp\/v2\/product"}],"about":[{"href":"https:\/\/apotekar-online.rs\/ro\/wp-json\/wp\/v2\/types\/product"}],"wp:featuredmedia":[{"embeddable":true,"href":"https:\/\/apotekar-online.rs\/ro\/wp-json\/wp\/v2\/media\/2822"}],"wp:attachment":[{"href":"https:\/\/apotekar-online.rs\/ro\/wp-json\/wp\/v2\/media?parent=2821"}],"wp:term":[{"taxonomy":"product_brand","embeddable":true,"href":"https:\/\/apotekar-online.rs\/ro\/wp-json\/wp\/v2\/product_brand?post=2821"},{"taxonomy":"product_cat","embeddable":true,"href":"https:\/\/apotekar-online.rs\/ro\/wp-json\/wp\/v2\/product_cat?post=2821"},{"taxonomy":"product_tag","embeddable":true,"href":"https:\/\/apotekar-online.rs\/ro\/wp-json\/wp\/v2\/product_tag?post=2821"}],"curies":[{"name":"wp","href":"https:\/\/api.w.org\/{rel}","templated":true}]}}