{"id":2825,"date":"2023-04-23T09:47:50","date_gmt":"2023-04-23T11:47:50","guid":{"rendered":"https:\/\/apotekar-online.rs\/?post_type=product&#038;p=2825"},"modified":"2026-03-05T08:20:27","modified_gmt":"2026-03-05T10:20:27","slug":"frosch-univerzalno-sredstvo-za-ciscenje-500ml","status":"publish","type":"product","link":"https:\/\/apotekar-online.rs\/ro\/p\/frosch-univerzalno-sredstvo-za-ciscenje-500ml\/","title":{"rendered":"Detergent universal Frosch 500 ml"},"content":{"rendered":"","protected":false},"excerpt":{"rendered":"<p>Frosch baby sredstvo za \u010di\u0161\u0107enje 500ml koristi se za higijensko \u010di\u0161\u0107enje de\u010dije opreme, kao \u0161to su pultevi za presvla\u010denje, hranilice i perive igra\u010dke. \u010cisti brzo i efikasno sve perive povr\u0161ine bez ostavljanja tragova. Formula je ne\u017ena, sa pro-vitaminom B5. Dermatolo\u0161ki testiran, hipoalergijski, bez parfema i boje, ph neutralan.<\/p>\n<p>V\u00e2rsta: 0 m+<br \/>\nPakovanje: 500ml.<\/p>\n<p>&nbsp;<\/p>\n<p><strong>Not\u0103:<\/strong>\u00a0Ne str\u0103duim s\u0103 fim c\u00e2t mai precisi \u00een descrierea tuturor produselor, dar nu putem garanta c\u0103 toate descrierile sunt complete \u0219i f\u0103r\u0103 erori. Multumesc pentru intelegere.<br \/>\nToate articolele afi\u0219ate pe site fac parte din oferta noastr\u0103, dar nu \u00eenseamn\u0103 c\u0103 sunt disponibile \u00een orice moment.<\/p>","protected":false},"featured_media":2826,"template":"","meta":[],"product_brand":[],"product_cat":[340,385,224],"product_tag":[418,411,416,417],"class_list":{"0":"post-2825","1":"product","2":"type-product","3":"status-publish","4":"has-post-thumbnail","6":"product_cat-deciji-program","7":"product_cat-bebi-oprema","8":"product_cat-kozmetika-za-decu","9":"product_tag-decija-oprema","10":"product_tag-nega-dece","11":"product_tag-sredstva-za-pranje-flasica-i-cucli","12":"product_tag-sredstvo-za-ciscenje","13":"pa_brend-frosch","15":"first","16":"instock","17":"shipping-taxable","18":"purchasable","19":"product-type-simple"},"ams_default_variation_id":0,"ams_product_points_reward":[],"ams_product_discount_percentage":0,"ams_price_to_display":295,"ams_acf":[],"jetpack_sharing_enabled":true,"_links":{"self":[{"href":"https:\/\/apotekar-online.rs\/ro\/wp-json\/wp\/v2\/product\/2825","targetHints":{"allow":["GET"]}}],"collection":[{"href":"https:\/\/apotekar-online.rs\/ro\/wp-json\/wp\/v2\/product"}],"about":[{"href":"https:\/\/apotekar-online.rs\/ro\/wp-json\/wp\/v2\/types\/product"}],"wp:featuredmedia":[{"embeddable":true,"href":"https:\/\/apotekar-online.rs\/ro\/wp-json\/wp\/v2\/media\/2826"}],"wp:attachment":[{"href":"https:\/\/apotekar-online.rs\/ro\/wp-json\/wp\/v2\/media?parent=2825"}],"wp:term":[{"taxonomy":"product_brand","embeddable":true,"href":"https:\/\/apotekar-online.rs\/ro\/wp-json\/wp\/v2\/product_brand?post=2825"},{"taxonomy":"product_cat","embeddable":true,"href":"https:\/\/apotekar-online.rs\/ro\/wp-json\/wp\/v2\/product_cat?post=2825"},{"taxonomy":"product_tag","embeddable":true,"href":"https:\/\/apotekar-online.rs\/ro\/wp-json\/wp\/v2\/product_tag?post=2825"}],"curies":[{"name":"wp","href":"https:\/\/api.w.org\/{rel}","templated":true}]}}