{"id":2962,"date":"2023-04-24T09:10:04","date_gmt":"2023-04-24T11:10:04","guid":{"rendered":"https:\/\/apotekar-online.rs\/?post_type=product&#038;p=2962"},"modified":"2026-03-05T08:19:40","modified_gmt":"2026-03-05T10:19:40","slug":"curaprox-suzeta-bebe-marimea-2-albastru-deschis","status":"publish","type":"product","link":"https:\/\/apotekar-online.rs\/ro\/p\/curaprox-baby-duda-velicina-2-svetlo-plava\/","title":{"rendered":"Suzeta Curaprox pentru bebelusi, marimea 2, albastru deschis"},"content":{"rendered":"","protected":false},"excerpt":{"rendered":"<p>Suzeta pentru bebelu\u0219i Curaprox este destinat\u0103 bebelu\u0219ilor cu v\u00e2rsta cuprins\u0103 \u00eentre 18 \u0219i 36 de luni sau cu o greutate de 10 p\u00e2n\u0103 la 14 kilograme.<\/p>\n<p>Suzeta este din silicon. Nu con\u021bine bisfenol A (BPA), ftala\u021bi \u0219i coloran\u021bi AZO.<\/p>\n<p>Ce \u00eenseamn\u0103 biofunc\u021bionalitatea suzetei Curaprox Baby?<\/p>\n<p>Suzeta este conceput\u0103 astfel \u00eenc\u00e2t utilizarea sa s\u0103 nu provoace efecte nedorite precum deformarea maxilarului \u0219i dificult\u0103\u021bi de respira\u021bie pe gur\u0103.<\/p>\n<p>Partea plat\u0103 a p\u0103r\u021bii de aspira\u021bie nu apas\u0103 pe palat, astfel \u00eenc\u00e2t se creeaz\u0103 o arcuire adecvat\u0103. Suzeta previne mu\u0219c\u0103tura deschis\u0103 \u0219i denti\u021bia neregulat\u0103 \u0219i \u00eencurajeaz\u0103 respira\u021bia \u0219i somnul adecvat.<\/p>\n<p>Aripile laterale ale suzetei direc\u021bioneaz\u0103 presiunea \u00een timpul sug\u0103rii c\u0103tre maxilar \u0219i nu c\u0103tre palat, astfel \u00eenc\u00e2t arcada din\u021bilor s\u0103 aib\u0103 o form\u0103 rotunjit\u0103 corespunz\u0103toare.<\/p>\n<p>Scutul reglabil din silicon al suzetei cu creste usoare ii ofera bebelusului o senzatie asemanatoare cu alaptarea, incurajeaza dezvoltarea senzoriala si motrica si ajuta la dezvoltarea procesului natural de deglutitie.<\/p>\n<p>Un mu\u0219tiuc standard creeaz\u0103 un vid \u00een cavitatea copilului \u0219i astfel exercit\u0103 presiune asupra gurii. Dispozitivul de re\u021binere Curaprox Baby exercit\u0103 presiune asupra maxilarului, f\u0103c\u00e2ndu-l s\u0103 se extind\u0103. Astfel, posibilitatea de a dezvolta nereguli precum muscatura incrucisata si muscatura deschisa este redusa semnificativ.<\/p>\n<p>Suzeta este conceput\u0103 astfel \u00eenc\u00e2t s\u0103 nu poat\u0103 fi \u00eenghi\u021bit\u0103. Daca bebe chiar pune suzeta in gura, scoate-o calm si atent.<\/p>\n<p>Nu scufunda\u021bi suzeta \u00een alimente sau medicamente cu zah\u0103r. Suptul prelungit de alimente dulci cre\u0219te riscul apari\u021biei cariilor.<\/p>\n<p>Suzeta nu este o juc\u0103rie de mestecat.<\/p>\n<p>Recomand\u0103m bebelu\u0219ului s\u0103 foloseasc\u0103 suzet\u0103 p\u00e2n\u0103 cel t\u00e2rziu la 36 de luni (3 ani).<\/p>\n<p>Pentru siguran\u021ba copilului dumneavoastr\u0103, inspecta\u021bi cu aten\u021bie suzeta \u00eenainte de fiecare utilizare - mai ales dac\u0103 bebelu\u0219ul \u00eei face din\u021bii. Trage\u021bi suzeta \u00een toate direc\u021biile. Arunca\u021bi suzeta imediat la primul semn de deteriorare sau uzur\u0103.<\/p>\n<p>Utiliza\u021bi numai un suport pentru suzet\u0103 dedicat, care a fost testat conform EAN 12586.<\/p>\n<p>Utiliza\u021bi ap\u0103 dedurizat\u0103 pentru cur\u0103\u021bare, deoarece depunerile de calcar creeaz\u0103 un mediu optim pentru \u00eenmul\u021birea bacteriilor. Dac\u0103 este necesar, pute\u021bi folosi \u0219i un s\u0103pun de cur\u0103\u021bare bl\u00e2nd. \u00cenmuia\u021bi suzeta \u00een ap\u0103 clocotit\u0103 timp de cinci minute \u00eenainte de prima utilizare. Se lasa la racit si se scurge apa din motive de igiena.<\/p>\n<p>Producator: Curaden International AG, Elvetia.<\/p>\n<p><strong>Not\u0103:<\/strong>\u00a0Ne str\u0103duim s\u0103 fim c\u00e2t mai precisi \u00een descrierea tuturor produselor, dar nu putem garanta c\u0103 toate descrierile sunt complete \u0219i f\u0103r\u0103 erori. Multumesc pentru intelegere.<br \/>\nToate articolele afi\u0219ate pe site fac parte din oferta noastr\u0103, dar nu \u00eenseamn\u0103 c\u0103 sunt disponibile \u00een orice moment.<\/p>\n<p>&nbsp;<\/p>","protected":false},"featured_media":2963,"template":"","meta":[],"product_brand":[],"product_cat":[340,385,121,224],"product_tag":[472,470,379,409,411,465,477],"class_list":{"0":"post-2962","1":"product","2":"type-product","3":"status-publish","4":"has-post-thumbnail","6":"product_cat-deciji-program","7":"product_cat-bebi-oprema","8":"product_cat-higijena-usta-i-zuba","9":"product_cat-kozmetika-za-decu","10":"product_tag-curaprox","11":"product_tag-duda-za-bebe","12":"product_tag-higijena-zuba","13":"product_tag-kozmetika-za-decu","14":"product_tag-nega-dece","15":"product_tag-nega-desni","16":"product_tag-velicina-2","17":"pa_brend-curaprox","19":"first","20":"instock","21":"shipping-taxable","22":"purchasable","23":"product-type-simple"},"ams_default_variation_id":0,"ams_product_points_reward":[],"ams_product_discount_percentage":0,"ams_price_to_display":1260,"ams_acf":[],"jetpack_sharing_enabled":true,"_links":{"self":[{"href":"https:\/\/apotekar-online.rs\/ro\/wp-json\/wp\/v2\/product\/2962","targetHints":{"allow":["GET"]}}],"collection":[{"href":"https:\/\/apotekar-online.rs\/ro\/wp-json\/wp\/v2\/product"}],"about":[{"href":"https:\/\/apotekar-online.rs\/ro\/wp-json\/wp\/v2\/types\/product"}],"wp:featuredmedia":[{"embeddable":true,"href":"https:\/\/apotekar-online.rs\/ro\/wp-json\/wp\/v2\/media\/2963"}],"wp:attachment":[{"href":"https:\/\/apotekar-online.rs\/ro\/wp-json\/wp\/v2\/media?parent=2962"}],"wp:term":[{"taxonomy":"product_brand","embeddable":true,"href":"https:\/\/apotekar-online.rs\/ro\/wp-json\/wp\/v2\/product_brand?post=2962"},{"taxonomy":"product_cat","embeddable":true,"href":"https:\/\/apotekar-online.rs\/ro\/wp-json\/wp\/v2\/product_cat?post=2962"},{"taxonomy":"product_tag","embeddable":true,"href":"https:\/\/apotekar-online.rs\/ro\/wp-json\/wp\/v2\/product_tag?post=2962"}],"curies":[{"name":"wp","href":"https:\/\/api.w.org\/{rel}","templated":true}]}}