{"id":2995,"date":"2023-04-25T14:42:12","date_gmt":"2023-04-25T16:42:12","guid":{"rendered":"https:\/\/apotekar-online.rs\/?post_type=product&#038;p=2995"},"modified":"2026-03-05T08:19:39","modified_gmt":"2026-03-05T10:19:39","slug":"frosch-baby-baby-si-sampon-300-ml","status":"publish","type":"product","link":"https:\/\/apotekar-online.rs\/ro\/p\/frosch-baby-kupka-i-sampom-300-ml\/","title":{"rendered":"Frosch baie si sampon pentru bebelusi 300 ml"},"content":{"rendered":"","protected":false},"excerpt":{"rendered":"<p>Baia si samponul Frosch pentru copii 3000ml este o formula blanda, fara lacrimi si fara incurcare, care hidrateaza si protejeaza pielea sensibila a copiilor. Contine proteine din grau care hranesc parul si il fac usor de pieptanat. Produsul are Ph neutru \u0219i testat dermatologic.<\/p>\n<p><strong>Not\u0103:<\/strong>\u00a0Ne str\u0103duim s\u0103 fim c\u00e2t mai precisi \u00een descrierea tuturor produselor, dar nu putem garanta c\u0103 toate descrierile sunt complete \u0219i f\u0103r\u0103 erori. Multumesc pentru intelegere.<br \/>\nToate articolele afi\u0219ate pe site fac parte din oferta noastr\u0103, dar nu \u00eenseamn\u0103 c\u0103 sunt disponibile \u00een orice moment.<\/p>","protected":false},"featured_media":2996,"template":"","meta":[],"product_brand":[],"product_cat":[340,224],"product_tag":[],"class_list":{"0":"post-2995","1":"product","2":"type-product","3":"status-publish","4":"has-post-thumbnail","6":"product_cat-deciji-program","7":"product_cat-kozmetika-za-decu","9":"first","10":"instock","11":"shipping-taxable","12":"purchasable","13":"product-type-simple"},"ams_default_variation_id":0,"ams_product_points_reward":[],"ams_product_discount_percentage":0,"ams_price_to_display":295,"ams_acf":[],"jetpack_sharing_enabled":true,"_links":{"self":[{"href":"https:\/\/apotekar-online.rs\/ro\/wp-json\/wp\/v2\/product\/2995","targetHints":{"allow":["GET"]}}],"collection":[{"href":"https:\/\/apotekar-online.rs\/ro\/wp-json\/wp\/v2\/product"}],"about":[{"href":"https:\/\/apotekar-online.rs\/ro\/wp-json\/wp\/v2\/types\/product"}],"wp:featuredmedia":[{"embeddable":true,"href":"https:\/\/apotekar-online.rs\/ro\/wp-json\/wp\/v2\/media\/2996"}],"wp:attachment":[{"href":"https:\/\/apotekar-online.rs\/ro\/wp-json\/wp\/v2\/media?parent=2995"}],"wp:term":[{"taxonomy":"product_brand","embeddable":true,"href":"https:\/\/apotekar-online.rs\/ro\/wp-json\/wp\/v2\/product_brand?post=2995"},{"taxonomy":"product_cat","embeddable":true,"href":"https:\/\/apotekar-online.rs\/ro\/wp-json\/wp\/v2\/product_cat?post=2995"},{"taxonomy":"product_tag","embeddable":true,"href":"https:\/\/apotekar-online.rs\/ro\/wp-json\/wp\/v2\/product_tag?post=2995"}],"curies":[{"name":"wp","href":"https:\/\/api.w.org\/{rel}","templated":true}]}}