{"id":3013,"date":"2023-04-27T05:08:17","date_gmt":"2023-04-27T07:08:17","guid":{"rendered":"https:\/\/apotekar-online.rs\/?post_type=product&#038;p=3013"},"modified":"2026-03-05T08:19:39","modified_gmt":"2026-03-05T10:19:39","slug":"nutrino-organic-pire-jabuka-125-g","status":"publish","type":"product","link":"https:\/\/apotekar-online.rs\/ro\/p\/nutrino-organic-pire-jabuka-125-g\/","title":{"rendered":"Piure de mere organic Nutrino 125 g"},"content":{"rendered":"","protected":false},"excerpt":{"rendered":"<p>Piureul Nutra este un produs practic de purtat \u0219i consumat \u00een afara casei. Capacul permite reutilizarea piureului \u0219i \u00eempiedic\u0103 scurgerea acestuia. Fructe 100%, fara gluten si zahar adaugat. Pachetul contine 125 g.<\/p>\n<p><b>Mod de utilizare:<\/b><\/p>\n<p>Un produs finit care este utilizat f\u0103r\u0103 preg\u0103tire prealabil\u0103.<\/p>\n<p><strong>Compozi\u0163ie<\/strong><\/p>\n<p>100% fruct<\/p>\n<p><strong>Not\u0103:<\/strong>\u00a0Ne str\u0103duim s\u0103 fim c\u00e2t mai precisi \u00een descrierea tuturor produselor, dar nu putem garanta c\u0103 toate descrierile sunt complete \u0219i f\u0103r\u0103 erori. Multumesc pentru intelegere.<br \/>\nToate articolele afi\u0219ate pe site fac parte din oferta noastr\u0103, dar nu \u00eenseamn\u0103 c\u0103 sunt disponibile \u00een orice moment.<\/p>","protected":false},"featured_media":3014,"template":"","meta":[],"product_brand":[],"product_cat":[340,369],"product_tag":[],"class_list":{"0":"post-3013","1":"product","2":"type-product","3":"status-publish","4":"has-post-thumbnail","6":"product_cat-deciji-program","7":"product_cat-decija-hrana","8":"pa_brend-nutrino","10":"first","11":"instock","12":"shipping-taxable","13":"purchasable","14":"product-type-simple"},"ams_default_variation_id":0,"ams_product_points_reward":[],"ams_product_discount_percentage":0,"ams_price_to_display":175,"ams_acf":[],"jetpack_sharing_enabled":true,"_links":{"self":[{"href":"https:\/\/apotekar-online.rs\/ro\/wp-json\/wp\/v2\/product\/3013","targetHints":{"allow":["GET"]}}],"collection":[{"href":"https:\/\/apotekar-online.rs\/ro\/wp-json\/wp\/v2\/product"}],"about":[{"href":"https:\/\/apotekar-online.rs\/ro\/wp-json\/wp\/v2\/types\/product"}],"wp:featuredmedia":[{"embeddable":true,"href":"https:\/\/apotekar-online.rs\/ro\/wp-json\/wp\/v2\/media\/3014"}],"wp:attachment":[{"href":"https:\/\/apotekar-online.rs\/ro\/wp-json\/wp\/v2\/media?parent=3013"}],"wp:term":[{"taxonomy":"product_brand","embeddable":true,"href":"https:\/\/apotekar-online.rs\/ro\/wp-json\/wp\/v2\/product_brand?post=3013"},{"taxonomy":"product_cat","embeddable":true,"href":"https:\/\/apotekar-online.rs\/ro\/wp-json\/wp\/v2\/product_cat?post=3013"},{"taxonomy":"product_tag","embeddable":true,"href":"https:\/\/apotekar-online.rs\/ro\/wp-json\/wp\/v2\/product_tag?post=3013"}],"curies":[{"name":"wp","href":"https:\/\/api.w.org\/{rel}","templated":true}]}}