{"id":3031,"date":"2023-04-30T14:14:21","date_gmt":"2023-04-30T16:14:21","guid":{"rendered":"https:\/\/apotekar-online.rs\/?post_type=product&#038;p=3031"},"modified":"2026-03-05T08:19:39","modified_gmt":"2026-03-05T10:19:39","slug":"salvit-apetit-solutie-oral-150-ml","status":"publish","type":"product","link":"https:\/\/apotekar-online.rs\/ro\/p\/salvit-apetit-oralni-rastvor-150-ml\/","title":{"rendered":"Salvit Apetit solu\u021bie oral\u0103 150 ml"},"content":{"rendered":"","protected":false},"excerpt":{"rendered":"<p>Datorit\u0103 combina\u021biei unice de extracte de plante, siropul Salvit Appetite cre\u0219te apetitul \u00eentr-un mod eficient \u0219i sigur. Are efect hr\u0103nitor deoarece ingredientele sale sunt o surs\u0103 de proteine, aminoacizi \u0219i vitamine. Pachetul contine 150 ml.<\/p>\n<p><strong>Dozaj \u0219i mod de utilizare:<br \/>\n<\/strong>Copii cu v\u00e2rsta peste 3 ani: se recomand\u0103 s\u0103 lua\u021bi 5 ml o dat\u0103 pe zi \u00eenainte sau \u00een timpul mesei.<br \/>\nAdul\u021bi: se recomand\u0103 s\u0103 lua\u021bi 15 ml zilnic \u00eenainte sau \u00een timpul meselor.\u00a0<strong><br \/>\n<\/strong><\/p>\n<p><strong>Compozitie:<\/strong><br \/>\nSalvit Apetit con\u021bine \u00een 5 ml: extract de frunze de ment\u0103 33,4 mg, extract de fructe de fenicul 30,25 mg, extract de r\u0103d\u0103cin\u0103 de p\u0103p\u0103die 25 mg, extract de r\u0103d\u0103cin\u0103 de p\u0103trunjel 25 mg, extract de r\u0103d\u0103cin\u0103 de ghimbir 2,5 mg, vitamina B3 (niacin\u0103) 2,5 mg, vitamina B1 ( clorhidrat de tiamin\u0103) 0,18 mg, Vitamina B2 (riboflavin\u0103) 0,25 mg, Vitamina B6 (clorhidrat de piridoxin\u0103) 0,24 mg, Vitamina B12 (cianocobalamin\u0103) 0,4 \u03bcg, Biotin\u0103 (D- biotin\u0103) 16 \u03bcg.<\/p>\n<p><strong>Not\u0103:<\/strong>\u00a0Ne str\u0103duim s\u0103 fim c\u00e2t mai precisi \u00een descrierea tuturor produselor, dar nu putem garanta c\u0103 toate descrierile sunt complete \u0219i f\u0103r\u0103 erori. Multumesc pentru intelegere.<br \/>\nToate articolele afi\u0219ate pe site fac parte din oferta noastr\u0103, dar nu \u00eenseamn\u0103 c\u0103 sunt disponibile \u00een orice moment.<\/p>","protected":false},"featured_media":3032,"template":"","meta":[],"product_brand":[],"product_cat":[340,106,127],"product_tag":[485,180,179,270,334,307,306,324,232,304],"class_list":{"0":"post-3031","1":"product","2":"type-product","3":"status-publish","4":"has-post-thumbnail","6":"product_cat-deciji-program","7":"product_cat-preparati-za-apetit-i-imunitet-kod-dece","8":"product_cat-vitamini-i-minerali-za-decu","9":"product_tag-aminokiseline","10":"product_tag-deca","11":"product_tag-imunitet","12":"product_tag-minerali","13":"product_tag-sirup","14":"product_tag-vitamin-b1","15":"product_tag-vitamin-b2","16":"product_tag-vitamin-b3","17":"product_tag-vitamin-b6","18":"product_tag-vitamini","19":"pa_brend-salvus","21":"first","22":"instock","23":"shipping-taxable","24":"purchasable","25":"product-type-simple"},"ams_default_variation_id":0,"ams_product_points_reward":[],"ams_product_discount_percentage":0,"ams_price_to_display":1095,"ams_acf":[],"jetpack_sharing_enabled":true,"_links":{"self":[{"href":"https:\/\/apotekar-online.rs\/ro\/wp-json\/wp\/v2\/product\/3031","targetHints":{"allow":["GET"]}}],"collection":[{"href":"https:\/\/apotekar-online.rs\/ro\/wp-json\/wp\/v2\/product"}],"about":[{"href":"https:\/\/apotekar-online.rs\/ro\/wp-json\/wp\/v2\/types\/product"}],"wp:featuredmedia":[{"embeddable":true,"href":"https:\/\/apotekar-online.rs\/ro\/wp-json\/wp\/v2\/media\/3032"}],"wp:attachment":[{"href":"https:\/\/apotekar-online.rs\/ro\/wp-json\/wp\/v2\/media?parent=3031"}],"wp:term":[{"taxonomy":"product_brand","embeddable":true,"href":"https:\/\/apotekar-online.rs\/ro\/wp-json\/wp\/v2\/product_brand?post=3031"},{"taxonomy":"product_cat","embeddable":true,"href":"https:\/\/apotekar-online.rs\/ro\/wp-json\/wp\/v2\/product_cat?post=3031"},{"taxonomy":"product_tag","embeddable":true,"href":"https:\/\/apotekar-online.rs\/ro\/wp-json\/wp\/v2\/product_tag?post=3031"}],"curies":[{"name":"wp","href":"https:\/\/api.w.org\/{rel}","templated":true}]}}