{"id":3039,"date":"2023-04-30T14:53:41","date_gmt":"2023-04-30T16:53:41","guid":{"rendered":"https:\/\/apotekar-online.rs\/?post_type=product&#038;p=3039"},"modified":"2026-03-05T08:19:38","modified_gmt":"2026-03-05T10:19:38","slug":"vitamina-b12-kinder-spray-20ml","status":"publish","type":"product","link":"https:\/\/apotekar-online.rs\/ro\/p\/vitamin-b12-kinder-spray-20ml\/","title":{"rendered":"Vitamina B12 Kinder Spray 20ml"},"content":{"rendered":"","protected":false},"excerpt":{"rendered":"<p>Vitamina B12 (metilcobalamin\u0103) sub form\u0103 de spray pentru uz oral.<br \/>\nDoza de 3\u00b5g - 160 doze \u00eentr-un pachet - cu dozare simpl\u0103: o dat\u0103 pe zi.<br \/>\nDestinat copiilor peste patru ani.<br \/>\nSprijin pentru func\u021bionarea normal\u0103 a sistemului nervos, imunitar \u0219i gastrointestinal.<br \/>\nSprijin pentru eritropoieza corect\u0103.<br \/>\nNu contine alcool.<br \/>\nPotrivit pentru vegani \u0219i vegetarieni.<\/p>\n<p><strong>Dozaj \u0219i mod de utilizare:<br \/>\n<\/strong>Copii peste 4 ani - o data pe zi aplicati copilului o doza de spray direct in gura. Agita\u021bi flaconul cu con\u021binutul \u00eenainte de utilizare.<br \/>\nDoza zilnic\u0103 recomandat\u0103 (PDU) de vitamina B12 pentru adul\u021bi (peste 14 ani) este de 2,5 \u00b5g. Folosind doza zilnic\u0103 recomandat\u0103 de 1 spray direct \u00een gura spray-ului de produs B12 Kinder, spray-ul oral ofer\u0103 3,0 \u00b5g de vitamina B12, adic\u0103 120,0% PDU (doza zilnic\u0103 recomandat\u0103) pentru vitamina B12.<strong><br \/>\n<\/strong><\/p>\n<p><strong>Compozitie:<br \/>\n<\/strong>Apa de izvor de munte, glicerina de origine organica (agent de ingrosare), xilitol (indulcitor), acid citric, sorbat de potasiu (conservant).<\/p>\n<p><strong>Not\u0103:<\/strong>\u00a0Ne str\u0103duim s\u0103 fim c\u00e2t mai precisi \u00een descrierea tuturor produselor, dar nu putem garanta c\u0103 toate descrierile sunt complete \u0219i f\u0103r\u0103 erori. Multumesc pentru intelegere.<br \/>\nToate articolele afi\u0219ate pe site fac parte din oferta noastr\u0103, dar nu \u00eenseamn\u0103 c\u0103 sunt disponibile \u00een orice moment.<\/p>\n<p>&nbsp;<\/p>","protected":false},"featured_media":3040,"template":"","meta":[],"product_brand":[],"product_cat":[340,106,127],"product_tag":[180,194,179,270,322,494,291],"class_list":{"0":"post-3039","1":"product","2":"type-product","3":"status-publish","4":"has-post-thumbnail","6":"product_cat-deciji-program","7":"product_cat-preparati-za-apetit-i-imunitet-kod-dece","8":"product_cat-vitamini-i-minerali-za-decu","9":"product_tag-deca","10":"product_tag-glicerin","11":"product_tag-imunitet","12":"product_tag-minerali","13":"product_tag-nervni-sistem","14":"product_tag-sprej","15":"product_tag-vitamin-b12","16":"pa_brend-vemax-pharma","18":"first","19":"outofstock","20":"shipping-taxable","21":"purchasable","22":"product-type-simple"},"ams_default_variation_id":0,"ams_product_points_reward":[],"ams_product_discount_percentage":0,"ams_price_to_display":2346,"ams_acf":[],"jetpack_sharing_enabled":true,"_links":{"self":[{"href":"https:\/\/apotekar-online.rs\/ro\/wp-json\/wp\/v2\/product\/3039","targetHints":{"allow":["GET"]}}],"collection":[{"href":"https:\/\/apotekar-online.rs\/ro\/wp-json\/wp\/v2\/product"}],"about":[{"href":"https:\/\/apotekar-online.rs\/ro\/wp-json\/wp\/v2\/types\/product"}],"wp:featuredmedia":[{"embeddable":true,"href":"https:\/\/apotekar-online.rs\/ro\/wp-json\/wp\/v2\/media\/3040"}],"wp:attachment":[{"href":"https:\/\/apotekar-online.rs\/ro\/wp-json\/wp\/v2\/media?parent=3039"}],"wp:term":[{"taxonomy":"product_brand","embeddable":true,"href":"https:\/\/apotekar-online.rs\/ro\/wp-json\/wp\/v2\/product_brand?post=3039"},{"taxonomy":"product_cat","embeddable":true,"href":"https:\/\/apotekar-online.rs\/ro\/wp-json\/wp\/v2\/product_cat?post=3039"},{"taxonomy":"product_tag","embeddable":true,"href":"https:\/\/apotekar-online.rs\/ro\/wp-json\/wp\/v2\/product_tag?post=3039"}],"curies":[{"name":"wp","href":"https:\/\/api.w.org\/{rel}","templated":true}]}}