{"id":3042,"date":"2023-04-30T15:05:22","date_gmt":"2023-04-30T17:05:22","guid":{"rendered":"https:\/\/apotekar-online.rs\/?post_type=product&#038;p=3042"},"modified":"2026-03-31T00:00:08","modified_gmt":"2026-03-31T02:00:08","slug":"supradyn-kids-immuno-boost-100-bomboane-verzi","status":"publish","type":"product","link":"https:\/\/apotekar-online.rs\/ro\/p\/supradyn-kids-imuno-boost-100-zele-bombona\/","title":{"rendered":"Supradyn Kids Immuno Boost, 100 de bomboane jeleu"},"content":{"rendered":"","protected":false},"excerpt":{"rendered":"<p>Supliment nutritiv cu vitamine C \u0219i D \u0219i zinc sub form\u0103 de bomboane jeleu. Vitaminele C \u0219i D, precum \u0219i zincul, ajut\u0103 la reglarea sistemului imunitar la toate nivelurile de ap\u0103rare. Lipsa vitaminei C determin\u0103 sl\u0103birea imunit\u0103\u021bii \u0219i o susceptibilitate crescut\u0103 la infec\u021bii. Vitamina D ajut\u0103 la absorb\u021bia \u0219i utilizarea calciului \u0219i fosforului \u0219i poate ajuta la reducerea riscului de infec\u021bii virale, la men\u021binerea imunit\u0103\u021bii, a for\u021bei musculare \u0219i a densit\u0103\u021bii osoase. Pachetul con\u021bine 100 de bomboane jeleu cu arom\u0103 de portocale, c\u0103p\u0219uni \u0219i papaya.<\/p>\n<p><strong>Dozaj \u0219i mod de utilizare:<br \/>\n<\/strong>Copiilor de la 4 la 6 ani li se recomanda cate 1 bomboana jeleu pe zi, iar copiilor mai mari de 7 ani 1-2 bomboane jeleu pe zi.<\/p>\n<p><strong>Compozitie:<br \/>\n<\/strong>O bomboan\u0103: vitamina C 40 mg, vitamina D 5,0 \u03bcg, zinc 2,5 mg.<\/p>\n<p><strong>Not\u0103:<\/strong>\u00a0Ne str\u0103duim s\u0103 fim c\u00e2t mai precisi \u00een descrierea tuturor produselor, dar nu putem garanta c\u0103 toate descrierile sunt complete \u0219i f\u0103r\u0103 erori. Multumesc pentru intelegere.<br \/>\nToate articolele afi\u0219ate pe site fac parte din oferta noastr\u0103, dar nu \u00eenseamn\u0103 c\u0103 sunt disponibile \u00een orice moment.<\/p>\n<p>&nbsp;<\/p>","protected":false},"featured_media":3044,"template":"","meta":[],"product_brand":[3094],"product_cat":[340,106,78,127],"product_tag":[180,496,372,270,245,246,304,497],"class_list":{"0":"post-3042","1":"product","2":"type-product","3":"status-publish","4":"has-post-thumbnail","6":"product_brand-bayer","7":"product_cat-deciji-program","8":"product_cat-preparati-za-apetit-i-imunitet-kod-dece","9":"product_cat-vitamini-i-minerali","10":"product_cat-vitamini-i-minerali-za-decu","11":"product_tag-deca","12":"product_tag-dodatak-ishrani","13":"product_tag-imuni-sistem","14":"product_tag-minerali","15":"product_tag-vitamin-c","16":"product_tag-vitamin-d","17":"product_tag-vitamini","18":"product_tag-zele-bombone","19":"pa_brend-supradyn","21":"first","22":"instock","23":"shipping-taxable","24":"purchasable","25":"product-type-simple"},"ams_default_variation_id":0,"ams_product_points_reward":[],"ams_product_discount_percentage":0,"ams_price_to_display":2518.5,"ams_acf":[],"jetpack_sharing_enabled":true,"_links":{"self":[{"href":"https:\/\/apotekar-online.rs\/ro\/wp-json\/wp\/v2\/product\/3042","targetHints":{"allow":["GET"]}}],"collection":[{"href":"https:\/\/apotekar-online.rs\/ro\/wp-json\/wp\/v2\/product"}],"about":[{"href":"https:\/\/apotekar-online.rs\/ro\/wp-json\/wp\/v2\/types\/product"}],"wp:featuredmedia":[{"embeddable":true,"href":"https:\/\/apotekar-online.rs\/ro\/wp-json\/wp\/v2\/media\/3044"}],"wp:attachment":[{"href":"https:\/\/apotekar-online.rs\/ro\/wp-json\/wp\/v2\/media?parent=3042"}],"wp:term":[{"taxonomy":"product_brand","embeddable":true,"href":"https:\/\/apotekar-online.rs\/ro\/wp-json\/wp\/v2\/product_brand?post=3042"},{"taxonomy":"product_cat","embeddable":true,"href":"https:\/\/apotekar-online.rs\/ro\/wp-json\/wp\/v2\/product_cat?post=3042"},{"taxonomy":"product_tag","embeddable":true,"href":"https:\/\/apotekar-online.rs\/ro\/wp-json\/wp\/v2\/product_tag?post=3042"}],"curies":[{"name":"wp","href":"https:\/\/api.w.org\/{rel}","templated":true}]}}