{"id":3047,"date":"2023-04-30T15:21:18","date_gmt":"2023-04-30T17:21:18","guid":{"rendered":"https:\/\/apotekar-online.rs\/?post_type=product&#038;p=3047"},"modified":"2026-03-05T08:19:38","modified_gmt":"2026-03-05T10:19:38","slug":"sambucus-kids-sirop-120-ml","status":"publish","type":"product","link":"https:\/\/apotekar-online.rs\/ro\/p\/sambucus-kids-sirup-120-ml\/","title":{"rendered":"Sirop Sambucus Kids, 120 ml"},"content":{"rendered":"","protected":false},"excerpt":{"rendered":"<p>Sambucus Kids sirop este un supliment alimentar sub form\u0103 de sirop cu extracte din fructe de soc negru, standardizat pentru<br \/>\no colec\u021bie de compu\u0219i biologic activi: antociani \u0219i polifenoli, destinate imunit\u0103\u021bii la copii. Zova contribuie la func\u021bionarea normal\u0103 a sistemului imunitar. Sirop cu aroma naturala de zmeura, fara coloranti artificiali, fara glucoza si conservanti, cu gust potrivit pentru copii.<\/p>\n<p><strong>Dozaj \u0219i mod de utilizare:<br \/>\n<\/strong>Agita\u021bi bine siropul \u00eenainte de utilizare. Copii 1-6 ani: 5-10 ml pe zi (1 lingurita de 1-2 ori pe zi). Copii peste 6 ani si adulti: 10-25 ml pe zi (1 lingurita de 2-5 ori pe zi). Potrivit pentru diabetici, f\u0103r\u0103 zah\u0103r.<\/p>\n<p><strong>Compozitie:<br \/>\n<\/strong>Sirop de agave; regulator de aciditate - acid citric; extract de fructe de soc negru (Sambucus nigra L.) standardizat la antociani 13%, DER 64:1; extract de fructe de soc negru (Sambucus nigra L.) standardizat la 10% polifenoli, DER %:1; arom\u0103 natural\u0103 de zmeur\u0103; maltodextrin\u0103, pudr\u0103 de zmeur\u0103.<\/p>\n<p><strong>Not\u0103:<\/strong>\u00a0Ne str\u0103duim s\u0103 fim c\u00e2t mai precisi \u00een descrierea tuturor produselor, dar nu putem garanta c\u0103 toate descrierile sunt complete \u0219i f\u0103r\u0103 erori. Multumesc pentru intelegere.<br \/>\nToate articolele afi\u0219ate pe site fac parte din oferta noastr\u0103, dar nu \u00eenseamn\u0103 c\u0103 sunt disponibile \u00een orice moment.<\/p>","protected":false},"featured_media":3048,"template":"","meta":[],"product_brand":[],"product_cat":[340,106,127],"product_tag":[501,180,179,270,499,304],"class_list":{"0":"post-3047","1":"product","2":"type-product","3":"status-publish","4":"has-post-thumbnail","6":"product_cat-deciji-program","7":"product_cat-preparati-za-apetit-i-imunitet-kod-dece","8":"product_cat-vitamini-i-minerali-za-decu","9":"product_tag-bez-konzervansa","10":"product_tag-deca","11":"product_tag-imunitet","12":"product_tag-minerali","13":"product_tag-tecni-sirup","14":"product_tag-vitamini","15":"pa_brend-tetesept","17":"first","18":"instock","19":"shipping-taxable","20":"purchasable","21":"product-type-simple"},"ams_default_variation_id":0,"ams_product_points_reward":[],"ams_product_discount_percentage":0,"ams_price_to_display":890,"ams_acf":[],"jetpack_sharing_enabled":true,"_links":{"self":[{"href":"https:\/\/apotekar-online.rs\/ro\/wp-json\/wp\/v2\/product\/3047","targetHints":{"allow":["GET"]}}],"collection":[{"href":"https:\/\/apotekar-online.rs\/ro\/wp-json\/wp\/v2\/product"}],"about":[{"href":"https:\/\/apotekar-online.rs\/ro\/wp-json\/wp\/v2\/types\/product"}],"wp:featuredmedia":[{"embeddable":true,"href":"https:\/\/apotekar-online.rs\/ro\/wp-json\/wp\/v2\/media\/3048"}],"wp:attachment":[{"href":"https:\/\/apotekar-online.rs\/ro\/wp-json\/wp\/v2\/media?parent=3047"}],"wp:term":[{"taxonomy":"product_brand","embeddable":true,"href":"https:\/\/apotekar-online.rs\/ro\/wp-json\/wp\/v2\/product_brand?post=3047"},{"taxonomy":"product_cat","embeddable":true,"href":"https:\/\/apotekar-online.rs\/ro\/wp-json\/wp\/v2\/product_cat?post=3047"},{"taxonomy":"product_tag","embeddable":true,"href":"https:\/\/apotekar-online.rs\/ro\/wp-json\/wp\/v2\/product_tag?post=3047"}],"curies":[{"name":"wp","href":"https:\/\/api.w.org\/{rel}","templated":true}]}}