{"id":3063,"date":"2023-04-30T16:26:13","date_gmt":"2023-04-30T18:26:13","guid":{"rendered":"https:\/\/apotekar-online.rs\/?post_type=product&#038;p=3063"},"modified":"2026-03-05T08:19:38","modified_gmt":"2026-03-05T10:19:38","slug":"propolis-c-100-24-tablete","status":"publish","type":"product","link":"https:\/\/apotekar-online.rs\/ro\/p\/propolis-c-100-24-tablete\/","title":{"rendered":"Propolis C-100 24 comprimate"},"content":{"rendered":"","protected":false},"excerpt":{"rendered":"<p>Propolis C este un supliment alimentar pe baz\u0103 de extract de propolis \u0219i vitamina C din compozi\u021bie, care are un efect preventiv pentru \u00eent\u0103rirea imunit\u0103\u021bii \u0219i prevenirea apari\u021biei r\u0103celilor \u0219i infec\u021biilor. Contribuie la functionarea normala a sistemului imunitar si se recomanda utilizarea preparatului mai ales in perioadele in care racelile si infectiile virale sunt frecvente.<\/p>\n<p><strong>Dozaj \u0219i mod de utilizare:<br \/>\n<\/strong><\/p>\n<p>Propolisul C poate fi folosit de copiii cu v\u00e2rsta peste trei ani. Adul\u021bii pot lua una p\u00e2n\u0103 la trei comprimate pe zi, copiii una p\u00e2n\u0103 la dou\u0103 comprimate dizolvate \u00een gur\u0103. Dup\u0103 administrarea comprimatului, nu consuma\u021bi alimente sau b\u0103uturi timp de 30 de minute.<\/p>\n<p><strong>Compozitie:<br \/>\n<\/strong>Extract de propolis, vitamina C. Alte ingrediente: zaharoza, antiaglomeranti, manitol si stearat de magneziu, aroma naturala de portocale.<\/p>\n<p><strong>Not\u0103:<\/strong>\u00a0Ne str\u0103duim s\u0103 fim c\u00e2t mai precisi \u00een descrierea tuturor produselor, dar nu putem garanta c\u0103 toate descrierile sunt complete \u0219i f\u0103r\u0103 erori. Multumesc pentru intelegere.<br \/>\nToate articolele afi\u0219ate pe site fac parte din oferta noastr\u0103, dar nu \u00eenseamn\u0103 c\u0103 sunt disponibile \u00een orice moment.<\/p>\n<p>&nbsp;<\/p>\n<p>&nbsp;<\/p>","protected":false},"featured_media":3064,"template":"","meta":[],"product_brand":[],"product_cat":[340,106,127],"product_tag":[487,180,179,270,332,245,304],"class_list":{"0":"post-3063","1":"product","2":"type-product","3":"status-publish","4":"has-post-thumbnail","6":"product_cat-deciji-program","7":"product_cat-preparati-za-apetit-i-imunitet-kod-dece","8":"product_cat-vitamini-i-minerali-za-decu","9":"product_tag-apetit","10":"product_tag-deca","11":"product_tag-imunitet","12":"product_tag-minerali","13":"product_tag-rast-i-razvoj","14":"product_tag-vitamin-c","15":"product_tag-vitamini","16":"pa_brend-eko-farm","18":"first","19":"instock","20":"shipping-taxable","21":"purchasable","22":"product-type-simple"},"ams_default_variation_id":0,"ams_product_points_reward":[],"ams_product_discount_percentage":0,"ams_price_to_display":177.48,"ams_acf":[],"jetpack_sharing_enabled":true,"_links":{"self":[{"href":"https:\/\/apotekar-online.rs\/ro\/wp-json\/wp\/v2\/product\/3063","targetHints":{"allow":["GET"]}}],"collection":[{"href":"https:\/\/apotekar-online.rs\/ro\/wp-json\/wp\/v2\/product"}],"about":[{"href":"https:\/\/apotekar-online.rs\/ro\/wp-json\/wp\/v2\/types\/product"}],"wp:featuredmedia":[{"embeddable":true,"href":"https:\/\/apotekar-online.rs\/ro\/wp-json\/wp\/v2\/media\/3064"}],"wp:attachment":[{"href":"https:\/\/apotekar-online.rs\/ro\/wp-json\/wp\/v2\/media?parent=3063"}],"wp:term":[{"taxonomy":"product_brand","embeddable":true,"href":"https:\/\/apotekar-online.rs\/ro\/wp-json\/wp\/v2\/product_brand?post=3063"},{"taxonomy":"product_cat","embeddable":true,"href":"https:\/\/apotekar-online.rs\/ro\/wp-json\/wp\/v2\/product_cat?post=3063"},{"taxonomy":"product_tag","embeddable":true,"href":"https:\/\/apotekar-online.rs\/ro\/wp-json\/wp\/v2\/product_tag?post=3063"}],"curies":[{"name":"wp","href":"https:\/\/api.w.org\/{rel}","templated":true}]}}