{"id":3085,"date":"2023-04-30T17:38:17","date_gmt":"2023-04-30T19:38:17","guid":{"rendered":"https:\/\/apotekar-online.rs\/?post_type=product&#038;p=3085"},"modified":"2026-03-05T08:19:37","modified_gmt":"2026-03-05T10:19:37","slug":"sirop-de-hrisca-100-ml","status":"publish","type":"product","link":"https:\/\/apotekar-online.rs\/ro\/p\/sirup-od-bokvice-100-ml\/","title":{"rendered":"Sirop de hrisca 100 ml"},"content":{"rendered":"","protected":false},"excerpt":{"rendered":"<p><strong>Dozaj \u0219i mod de utilizare:<br \/>\n<\/strong>Copii: 1 lingur\u0103 mic\u0103 (5 ml) de 4 ori pe zi. Adulti: 2 linguri mici (10 ml) de 4 ori pe zi. Agita\u021bi \u00eenainte de utilizare.<\/p>\n<p><strong>Not\u0103:<\/strong>\u00a0Ne str\u0103duim s\u0103 fim c\u00e2t mai precisi \u00een descrierea tuturor produselor, dar nu putem garanta c\u0103 toate descrierile sunt complete \u0219i f\u0103r\u0103 erori. Multumesc pentru intelegere.<br \/>\nToate articolele afi\u0219ate pe site fac parte din oferta noastr\u0103, dar nu \u00eenseamn\u0103 c\u0103 sunt disponibile \u00een orice moment.<\/p>","protected":false},"featured_media":3087,"template":"","meta":[],"product_brand":[],"product_cat":[340,148],"product_tag":[529,180,496,179,305,270,181,334,499,304],"class_list":{"0":"post-3085","1":"product","2":"type-product","3":"status-publish","4":"has-post-thumbnail","6":"product_cat-deciji-program","7":"product_cat-preparati-za-prehladu-i-kasalj-kod-dece","8":"product_tag-bokvica","9":"product_tag-deca","10":"product_tag-dodatak-ishrani","11":"product_tag-imunitet","12":"product_tag-kasalj","13":"product_tag-minerali","14":"product_tag-prehlada","15":"product_tag-sirup","16":"product_tag-tecni-sirup","17":"product_tag-vitamini","18":"pa_brend-galenska-laboratorija","20":"first","21":"instock","22":"shipping-taxable","23":"purchasable","24":"product-type-simple"},"ams_default_variation_id":0,"ams_product_points_reward":[],"ams_product_discount_percentage":0,"ams_price_to_display":295,"ams_acf":[],"jetpack_sharing_enabled":true,"_links":{"self":[{"href":"https:\/\/apotekar-online.rs\/ro\/wp-json\/wp\/v2\/product\/3085","targetHints":{"allow":["GET"]}}],"collection":[{"href":"https:\/\/apotekar-online.rs\/ro\/wp-json\/wp\/v2\/product"}],"about":[{"href":"https:\/\/apotekar-online.rs\/ro\/wp-json\/wp\/v2\/types\/product"}],"wp:featuredmedia":[{"embeddable":true,"href":"https:\/\/apotekar-online.rs\/ro\/wp-json\/wp\/v2\/media\/3087"}],"wp:attachment":[{"href":"https:\/\/apotekar-online.rs\/ro\/wp-json\/wp\/v2\/media?parent=3085"}],"wp:term":[{"taxonomy":"product_brand","embeddable":true,"href":"https:\/\/apotekar-online.rs\/ro\/wp-json\/wp\/v2\/product_brand?post=3085"},{"taxonomy":"product_cat","embeddable":true,"href":"https:\/\/apotekar-online.rs\/ro\/wp-json\/wp\/v2\/product_cat?post=3085"},{"taxonomy":"product_tag","embeddable":true,"href":"https:\/\/apotekar-online.rs\/ro\/wp-json\/wp\/v2\/product_tag?post=3085"}],"curies":[{"name":"wp","href":"https:\/\/api.w.org\/{rel}","templated":true}]}}