{"id":3109,"date":"2023-05-02T15:35:48","date_gmt":"2023-05-02T17:35:48","guid":{"rendered":"https:\/\/apotekar-online.rs\/?post_type=product&#038;p=3109"},"modified":"2026-03-05T08:19:37","modified_gmt":"2026-03-05T10:19:37","slug":"plante-cu-miere-125-ml","status":"publish","type":"product","link":"https:\/\/apotekar-online.rs\/ro\/p\/herbiko-sa-medom-125-ml\/","title":{"rendered":"Herbiko cu miere 125 ml"},"content":{"rendered":"","protected":false},"excerpt":{"rendered":"<p>Herbico cu miere, ajuta la calmarea tusei uscate si faciliteaza expectoratia in caz de tuse productiva. Mierea ajut\u0103 la s\u0103n\u0103tatea c\u0103ilor respiratorii, acoper\u0103 membrana mucoas\u0103 a c\u0103ilor respiratorii \u0219i calmeaz\u0103 tusea. Pe langa miere, mai contine extract de marshmallow, extract de tita amaruie, musetel, frunza de busuioc si vitamina C. Cu componenta sa dulce, mierea stimuleaza productia de mucus (reflex de salivatie) care imbraca mucoasa tractului respirator si calmeaza tusea. atacuri. Mierea este un calmant natural al tusei.<\/p>\n<p><strong>Dozaj \u0219i mod de utilizare:<br \/>\n<\/strong>Adul\u021bi \u0219i copii peste 12 ani 3x15ml, copii de la 3 la 12 ani 3x5ml.<\/p>\n<p><strong>Compozitie:<br \/>\n<\/strong>Miere de lunc\u0103, extract lichid de marshmallow, extract lichid de r\u0103d\u0103cin\u0103 de brusture, extract lichid de floare de mu\u0219e\u021bel, extract lichid de frunze de busuioc, vitamina C, ap\u0103 purificat\u0103.<\/p>\n<p><strong>Not\u0103:<\/strong>\u00a0Ne str\u0103duim s\u0103 fim c\u00e2t mai precisi \u00een descrierea tuturor produselor, dar nu putem garanta c\u0103 toate descrierile sunt complete \u0219i f\u0103r\u0103 erori. Multumesc pentru intelegere.<br \/>\nToate articolele afi\u0219ate pe site fac parte din oferta noastr\u0103, dar nu \u00eenseamn\u0103 c\u0103 sunt disponibile \u00een orice moment.<\/p>","protected":false},"featured_media":3110,"template":"","meta":[],"product_brand":[3082],"product_cat":[340,151,148],"product_tag":[515,545,180,536,527,525,305,516,532,499,245],"class_list":{"0":"post-3109","1":"product","2":"type-product","3":"status-publish","4":"has-post-thumbnail","6":"product_brand-herbiko","7":"product_cat-deciji-program","8":"product_cat-prehlada-i-kasalj","9":"product_cat-preparati-za-prehladu-i-kasalj-kod-dece","10":"product_tag-beli-slez","11":"product_tag-bosiljak","12":"product_tag-deca","13":"product_tag-disajni-putevi","14":"product_tag-jagorcevina","15":"product_tag-kamilica","16":"product_tag-kasalj","17":"product_tag-med","18":"product_tag-odrasli","19":"product_tag-tecni-sirup","20":"product_tag-vitamin-c","21":"pa_brend-herbiko","23":"first","24":"instock","25":"shipping-taxable","26":"purchasable","27":"product-type-simple"},"ams_default_variation_id":0,"ams_product_points_reward":[],"ams_product_discount_percentage":0,"ams_price_to_display":688,"ams_acf":[],"jetpack_sharing_enabled":true,"_links":{"self":[{"href":"https:\/\/apotekar-online.rs\/ro\/wp-json\/wp\/v2\/product\/3109","targetHints":{"allow":["GET"]}}],"collection":[{"href":"https:\/\/apotekar-online.rs\/ro\/wp-json\/wp\/v2\/product"}],"about":[{"href":"https:\/\/apotekar-online.rs\/ro\/wp-json\/wp\/v2\/types\/product"}],"wp:featuredmedia":[{"embeddable":true,"href":"https:\/\/apotekar-online.rs\/ro\/wp-json\/wp\/v2\/media\/3110"}],"wp:attachment":[{"href":"https:\/\/apotekar-online.rs\/ro\/wp-json\/wp\/v2\/media?parent=3109"}],"wp:term":[{"taxonomy":"product_brand","embeddable":true,"href":"https:\/\/apotekar-online.rs\/ro\/wp-json\/wp\/v2\/product_brand?post=3109"},{"taxonomy":"product_cat","embeddable":true,"href":"https:\/\/apotekar-online.rs\/ro\/wp-json\/wp\/v2\/product_cat?post=3109"},{"taxonomy":"product_tag","embeddable":true,"href":"https:\/\/apotekar-online.rs\/ro\/wp-json\/wp\/v2\/product_tag?post=3109"}],"curies":[{"name":"wp","href":"https:\/\/api.w.org\/{rel}","templated":true}]}}