{"id":3141,"date":"2023-05-30T10:29:24","date_gmt":"2023-05-30T12:29:24","guid":{"rendered":"https:\/\/apotekar-online.rs\/?post_type=product&#038;p=3141"},"modified":"2026-03-05T08:19:36","modified_gmt":"2026-03-05T10:19:36","slug":"sebamed-lotiune-solara-spf-50-150-ml","status":"publish","type":"product","link":"https:\/\/apotekar-online.rs\/ro\/p\/sebamed-losion-za-suncanje-spf-50-150-ml\/","title":{"rendered":"Lotiune de protectie solara Sebamed SPF 50+ 150 ml"},"content":{"rendered":"","protected":false},"excerpt":{"rendered":"<p>Lo\u021biunea solar\u0103 Sebamed SPF 50+ ofer\u0103 protec\u021bie UVA\/UVB fiabil\u0103, cu pH echilibrat. Un sistem de filtrare UVA\/UVB extrem de eficient, combinat cu micropigmen\u021bi, previne deteriorarea \u0219i irita\u021bia cauzate de expunerea la soare.<\/p>\n<p><strong>Dozaj \u0219i mod de utilizare:<br \/>\n<\/strong>Aplica\u021bi pe piele cu 15 minute \u00eenainte de expunerea la soare. Repeta\u021bi aplicarea dup\u0103 cum este necesar, mai ales dup\u0103 umezirea cu ap\u0103. Se aplica foarte usor si nu ingrasa pielea. Este rezistent la apa. Poate fi folosit si la copii.<\/p>\n<p><strong>Compozitie:<br \/>\n<\/strong>Lo\u021biunea solar\u0103 Sebamed SPF 50+ ofer\u0103 protec\u021bie anti-\u00eemb\u0103tr\u00e2nire a pielii cu vitamina E \u0219i provitamina B5 regeneratoare. Formula naturala Hydro-Fructol face pielea expusa la soare moale si supla si ii pastreaza elasticitatea.<\/p>\n<p><strong>Not\u0103:<\/strong>\u00a0Ne str\u0103duim s\u0103 fim c\u00e2t mai precisi \u00een descrierea tuturor produselor, dar nu putem garanta c\u0103 toate descrierile sunt complete \u0219i f\u0103r\u0103 erori. Multumesc pentru intelegere.<br \/>\nToate articolele afi\u0219ate pe site fac parte din oferta noastr\u0103, dar nu \u00eenseamn\u0103 c\u0103 sunt disponibile \u00een orice moment.<\/p>","protected":false},"featured_media":3142,"template":"","meta":[],"product_brand":[],"product_cat":[340,224,547,178,177],"product_tag":[564,216,411,567,550,554,436,437,566,559],"class_list":{"0":"post-3141","1":"product","2":"type-product","3":"status-publish","4":"has-post-thumbnail","6":"product_cat-deciji-program","7":"product_cat-kozmetika-za-decu","8":"product_cat-kozmetika-i-nega-za-odrasle","9":"product_cat-nega-lica","10":"product_cat-nega-tela","11":"product_tag-kozmetika-za-odrasle","12":"product_tag-losion","13":"product_tag-nega-dece","14":"product_tag-regeneracija","15":"product_tag-sebamed","16":"product_tag-spf-50","17":"product_tag-uva-zastita","18":"product_tag-uvb-zastita","19":"product_tag-vodootporan","20":"product_tag-zastita-od-sunca","21":"pa_brend-sebamed","23":"first","24":"instock","25":"shipping-taxable","26":"purchasable","27":"product-type-simple"},"ams_default_variation_id":0,"ams_product_points_reward":[],"ams_product_discount_percentage":0,"ams_price_to_display":1550,"ams_acf":[],"jetpack_sharing_enabled":true,"_links":{"self":[{"href":"https:\/\/apotekar-online.rs\/ro\/wp-json\/wp\/v2\/product\/3141","targetHints":{"allow":["GET"]}}],"collection":[{"href":"https:\/\/apotekar-online.rs\/ro\/wp-json\/wp\/v2\/product"}],"about":[{"href":"https:\/\/apotekar-online.rs\/ro\/wp-json\/wp\/v2\/types\/product"}],"wp:featuredmedia":[{"embeddable":true,"href":"https:\/\/apotekar-online.rs\/ro\/wp-json\/wp\/v2\/media\/3142"}],"wp:attachment":[{"href":"https:\/\/apotekar-online.rs\/ro\/wp-json\/wp\/v2\/media?parent=3141"}],"wp:term":[{"taxonomy":"product_brand","embeddable":true,"href":"https:\/\/apotekar-online.rs\/ro\/wp-json\/wp\/v2\/product_brand?post=3141"},{"taxonomy":"product_cat","embeddable":true,"href":"https:\/\/apotekar-online.rs\/ro\/wp-json\/wp\/v2\/product_cat?post=3141"},{"taxonomy":"product_tag","embeddable":true,"href":"https:\/\/apotekar-online.rs\/ro\/wp-json\/wp\/v2\/product_tag?post=3141"}],"curies":[{"name":"wp","href":"https:\/\/api.w.org\/{rel}","templated":true}]}}