{"id":3143,"date":"2023-05-30T12:00:43","date_gmt":"2023-05-30T14:00:43","guid":{"rendered":"https:\/\/apotekar-online.rs\/?post_type=product&#038;p=3143"},"modified":"2026-03-05T08:19:36","modified_gmt":"2026-03-05T10:19:36","slug":"sebamed-lotiune-de-protectie-solara-pentru-bebelusi-spf-50-lotiune-de-protectie-solara-spf-30","status":"publish","type":"product","link":"https:\/\/apotekar-online.rs\/ro\/p\/sebamed-baby-losion-za-zastitu-od-sunca-spf-50-losion-za-zastitu-od-sunca-spf-30\/","title":{"rendered":"Sebamed Baby lotiune protectie solara SPF 50 200ml + lotiune protectie solara SPF 30 150ml"},"content":{"rendered":"","protected":false},"excerpt":{"rendered":"<div class=\"elementor-element elementor-element-79f62c0 elementor-widget elementor-widget-woocommerce-product-short-description\" data-id=\"79f62c0\" data-element_type=\"widget\" data-widget_type=\"woocommerce-product-short-description.default\">\n<div class=\"elementor-widget-container\">\n<div class=\"woocommerce-product-details__short-description\">\n<p><strong>Ac\u021biunea 1+1<\/strong> : Sebamed Baby Sun Protection Lotion SPF 50 + Sun Protection Lotion SPF 30.<\/p>\n<p><strong>Not\u0103:<\/strong>\u00a0Ne str\u0103duim s\u0103 fim c\u00e2t mai precisi \u00een descrierea tuturor produselor, dar nu putem garanta c\u0103 toate descrierile sunt complete \u0219i f\u0103r\u0103 erori. Multumesc pentru intelegere.<br \/>\nToate articolele afi\u0219ate pe site fac parte din oferta noastr\u0103, dar nu \u00eenseamn\u0103 c\u0103 sunt disponibile \u00een orice moment.<\/p>\n<\/div>\n<\/div>\n<\/div>\n<div class=\"elementor-element elementor-element-10c0132 elementor-woo-meta--view-table elementor-widget elementor-widget-woocommerce-product-meta\" data-id=\"10c0132\" data-element_type=\"widget\" data-widget_type=\"woocommerce-product-meta.default\">\n<div class=\"elementor-widget-container\">\n<div class=\"product_meta\"><\/div>\n<\/div>\n<\/div>","protected":false},"featured_media":3144,"template":"","meta":[],"product_brand":[],"product_cat":[340,224,547],"product_tag":[409,564,216,354,563,550,556,554,436,437,557,559],"class_list":{"0":"post-3143","1":"product","2":"type-product","3":"status-publish","4":"has-post-thumbnail","6":"product_cat-deciji-program","7":"product_cat-kozmetika-za-decu","8":"product_cat-kozmetika-i-nega-za-odrasle","9":"product_tag-kozmetika-za-decu","10":"product_tag-kozmetika-za-odrasle","11":"product_tag-losion","12":"product_tag-nega-deca","13":"product_tag-nega-za-odrasle","14":"product_tag-sebamed","15":"product_tag-spf-30","16":"product_tag-spf-50","17":"product_tag-uva-zastita","18":"product_tag-uvb-zastita","19":"product_tag-zastita-koze","20":"product_tag-zastita-od-sunca","21":"pa_brend-sebamed","23":"first","24":"instock","25":"shipping-taxable","26":"product-type-simple"},"ams_default_variation_id":0,"ams_product_points_reward":[],"ams_product_discount_percentage":0,"ams_price_to_display":0,"ams_acf":[],"jetpack_sharing_enabled":true,"_links":{"self":[{"href":"https:\/\/apotekar-online.rs\/ro\/wp-json\/wp\/v2\/product\/3143","targetHints":{"allow":["GET"]}}],"collection":[{"href":"https:\/\/apotekar-online.rs\/ro\/wp-json\/wp\/v2\/product"}],"about":[{"href":"https:\/\/apotekar-online.rs\/ro\/wp-json\/wp\/v2\/types\/product"}],"wp:featuredmedia":[{"embeddable":true,"href":"https:\/\/apotekar-online.rs\/ro\/wp-json\/wp\/v2\/media\/3144"}],"wp:attachment":[{"href":"https:\/\/apotekar-online.rs\/ro\/wp-json\/wp\/v2\/media?parent=3143"}],"wp:term":[{"taxonomy":"product_brand","embeddable":true,"href":"https:\/\/apotekar-online.rs\/ro\/wp-json\/wp\/v2\/product_brand?post=3143"},{"taxonomy":"product_cat","embeddable":true,"href":"https:\/\/apotekar-online.rs\/ro\/wp-json\/wp\/v2\/product_cat?post=3143"},{"taxonomy":"product_tag","embeddable":true,"href":"https:\/\/apotekar-online.rs\/ro\/wp-json\/wp\/v2\/product_tag?post=3143"}],"curies":[{"name":"wp","href":"https:\/\/api.w.org\/{rel}","templated":true}]}}