{"id":3146,"date":"2023-05-30T12:08:26","date_gmt":"2023-05-30T14:08:26","guid":{"rendered":"https:\/\/apotekar-online.rs\/?post_type=product&#038;p=3146"},"modified":"2026-03-05T08:19:36","modified_gmt":"2026-03-05T10:19:36","slug":"sebamed-lotiune-de-protectie-solara-spf-50-150-ml-crema-solara-pentru-copii-spf-50-75-ml","status":"publish","type":"product","link":"https:\/\/apotekar-online.rs\/ro\/p\/sebamed-losion-za-suncanje-spf-50-150-ml-sun-decija-krema-spf-50-75ml\/","title":{"rendered":"Sebamed Lo\u021biune de protec\u021bie solar\u0103 SPF 50 150 ml+ Crem\u0103 solar\u0103 pentru copii SPF 50+ 75 ml"},"content":{"rendered":"","protected":false},"excerpt":{"rendered":"<p><strong>Ac\u021biunea 1+1<\/strong> : Sebamed Sunscreen Lotion SPF 50 150 ml+ Sun Crema Copii SPF 50+ 75ml.<\/p>\n<p><strong>Not\u0103:<\/strong>\u00a0Ne str\u0103duim s\u0103 fim c\u00e2t mai precisi \u00een descrierea tuturor produselor, dar nu putem garanta c\u0103 toate descrierile sunt complete \u0219i f\u0103r\u0103 erori. Multumesc pentru intelegere.<br \/>\nToate articolele afi\u0219ate pe site fac parte din oferta noastr\u0103, dar nu \u00eenseamn\u0103 c\u0103 sunt disponibile \u00een orice moment.<\/p>","protected":false},"featured_media":3147,"template":"","meta":[],"product_brand":[],"product_cat":[340,224,547],"product_tag":[569,409,564,561,216,550,436,437,559],"class_list":{"0":"post-3146","1":"product","2":"type-product","3":"status-publish","4":"has-post-thumbnail","6":"product_cat-deciji-program","7":"product_cat-kozmetika-za-decu","8":"product_cat-kozmetika-i-nega-za-odrasle","9":"product_tag-569","10":"product_tag-kozmetika-za-decu","11":"product_tag-kozmetika-za-odrasle","12":"product_tag-krema-za-suncanje","13":"product_tag-losion","14":"product_tag-sebamed","15":"product_tag-uva-zastita","16":"product_tag-uvb-zastita","17":"product_tag-zastita-od-sunca","18":"pa_brend-sebamed","20":"first","21":"instock","22":"shipping-taxable","23":"product-type-simple"},"ams_default_variation_id":0,"ams_product_points_reward":[],"ams_product_discount_percentage":0,"ams_price_to_display":0,"ams_acf":[],"jetpack_sharing_enabled":true,"_links":{"self":[{"href":"https:\/\/apotekar-online.rs\/ro\/wp-json\/wp\/v2\/product\/3146","targetHints":{"allow":["GET"]}}],"collection":[{"href":"https:\/\/apotekar-online.rs\/ro\/wp-json\/wp\/v2\/product"}],"about":[{"href":"https:\/\/apotekar-online.rs\/ro\/wp-json\/wp\/v2\/types\/product"}],"wp:featuredmedia":[{"embeddable":true,"href":"https:\/\/apotekar-online.rs\/ro\/wp-json\/wp\/v2\/media\/3147"}],"wp:attachment":[{"href":"https:\/\/apotekar-online.rs\/ro\/wp-json\/wp\/v2\/media?parent=3146"}],"wp:term":[{"taxonomy":"product_brand","embeddable":true,"href":"https:\/\/apotekar-online.rs\/ro\/wp-json\/wp\/v2\/product_brand?post=3146"},{"taxonomy":"product_cat","embeddable":true,"href":"https:\/\/apotekar-online.rs\/ro\/wp-json\/wp\/v2\/product_cat?post=3146"},{"taxonomy":"product_tag","embeddable":true,"href":"https:\/\/apotekar-online.rs\/ro\/wp-json\/wp\/v2\/product_tag?post=3146"}],"curies":[{"name":"wp","href":"https:\/\/api.w.org\/{rel}","templated":true}]}}