{"id":3166,"date":"2023-06-01T07:58:44","date_gmt":"2023-06-01T09:58:44","guid":{"rendered":"https:\/\/apotekar-online.rs\/?post_type=product&#038;p=3166"},"modified":"2026-03-31T00:00:09","modified_gmt":"2026-03-31T02:00:09","slug":"centrum-silver-50-femei-30-tableta","status":"publish","type":"product","link":"https:\/\/apotekar-online.rs\/ro\/p\/centrum-silver-50-women-30-tableta\/","title":{"rendered":"Centrum Silver 50+ Women, 30 tablete"},"content":{"rendered":"","protected":false},"excerpt":{"rendered":"<p>Datorit\u0103 compozi\u021biei sale, Centrum Silver 50+ Women este destinat nevoilor nutri\u021bionale ale femeilor de peste 50 de ani cu hipovitaminoz\u0103 de vitamina D, osteopenie \u0219i osteoporoz\u0103, persoanelor cu imunitate sl\u0103bit\u0103 \u0219i afectat\u0103, persoanelor cu tulbur\u0103ri de metabolism energetic, tulbur\u0103ri de activitate hormonal\u0103, tulbur\u0103ri de vedere \u0219i cognitive. .functii, precum si alte tulburari in care este necesara completarea vitaminelor si mineralelor prezente in produs, a caror compozitie este adaptata nevoilor femeilor peste 50 de ani. Produsul se aplica sub supraveghere medicala.<\/p>\n<h5><strong>Dozaj \u0219i mod de administrare<\/strong><\/h5>\n<p>Produsul este destinat femeilor peste 50 de ani. Lua\u021bi 1 comprimat pe zi cu ap\u0103, de preferin\u021b\u0103 la mas\u0103.<\/p>\n<p>&nbsp;<\/p>","protected":false},"featured_media":8820,"template":"","meta":[],"product_brand":[3215],"product_cat":[77,3054,78],"product_tag":[3000,179,2104,1233,759],"class_list":{"0":"post-3166","1":"product","2":"type-product","3":"status-publish","4":"has-post-thumbnail","6":"product_brand-centrum","7":"product_cat-imunitet","8":"product_cat-akcija","9":"product_cat-vitamini-i-minerali","10":"product_tag-centrum","11":"product_tag-imunitet","12":"product_tag-kompleks-vitamini","13":"product_tag-za-zene","14":"product_tag-zene","15":"pa_brend-centrum","17":"first","18":"instock","19":"shipping-taxable","20":"purchasable","21":"product-type-simple"},"ams_default_variation_id":0,"ams_product_points_reward":[],"ams_product_discount_percentage":0,"ams_price_to_display":1610,"ams_acf":[],"jetpack_sharing_enabled":true,"_links":{"self":[{"href":"https:\/\/apotekar-online.rs\/ro\/wp-json\/wp\/v2\/product\/3166","targetHints":{"allow":["GET"]}}],"collection":[{"href":"https:\/\/apotekar-online.rs\/ro\/wp-json\/wp\/v2\/product"}],"about":[{"href":"https:\/\/apotekar-online.rs\/ro\/wp-json\/wp\/v2\/types\/product"}],"wp:featuredmedia":[{"embeddable":true,"href":"https:\/\/apotekar-online.rs\/ro\/wp-json\/wp\/v2\/media\/8820"}],"wp:attachment":[{"href":"https:\/\/apotekar-online.rs\/ro\/wp-json\/wp\/v2\/media?parent=3166"}],"wp:term":[{"taxonomy":"product_brand","embeddable":true,"href":"https:\/\/apotekar-online.rs\/ro\/wp-json\/wp\/v2\/product_brand?post=3166"},{"taxonomy":"product_cat","embeddable":true,"href":"https:\/\/apotekar-online.rs\/ro\/wp-json\/wp\/v2\/product_cat?post=3166"},{"taxonomy":"product_tag","embeddable":true,"href":"https:\/\/apotekar-online.rs\/ro\/wp-json\/wp\/v2\/product_tag?post=3166"}],"curies":[{"name":"wp","href":"https:\/\/api.w.org\/{rel}","templated":true}]}}