{"id":3169,"date":"2023-06-05T18:40:19","date_gmt":"2023-06-05T20:40:19","guid":{"rendered":"https:\/\/apotekar-online.rs\/?post_type=product&#038;p=3169"},"modified":"2026-03-05T08:38:29","modified_gmt":"2026-03-05T10:38:29","slug":"colosal-30-tablet","status":"publish","type":"product","link":"https:\/\/apotekar-online.rs\/ro\/p\/colosal-30-tableta\/","title":{"rendered":"Colosal, 30 de tablete"},"content":{"rendered":"","protected":false},"excerpt":{"rendered":"<p><b>Colosal<\/b>\u00a0este un supliment nutritiv pe baz\u0103 de acid butiric, fructooligosaharide \u0219i culturi vii de Bifidobacterium bifidum \u0219i Bifidobacterium lactis, care este utilizat \u00een boli \u0219i afec\u021biuni precum sindromul colonului iritabil, boala Crohn sau inflama\u021bia intestinal\u0103 (diverticulit\u0103). Amelioreaz\u0103 simptomele precum diareea, durerile abdominale \u0219i starea general\u0103 de r\u0103u.<\/p>\n<p>* Tableta gastrorezistenta cu eliberare ajustata ajunge in intestinul gros in intregime, unde se dizolva si elibereaza componentele.<\/p>\n<p>* Acidul butiric este principala surs\u0103 de energie pentru celulele colonului (colonocite), stimuleaz\u0103 metabolismul \u0219i maturizarea fiziologic\u0103 a acestora, \u0219i joac\u0103 un rol cheie \u00een men\u021binerea integrit\u0103\u021bii mucoasei \u0219i \u00een procesele de vindecare a leziunilor de pe intestine; favorizeaz\u0103 reabsorb\u021bia apei \u0219i a sodiului \u00een intestine; ajut\u0103 la sc\u0103derea pH-ului intestinal prin crearea unui mediu nefavorabil pentru dezvoltarea bacteriilor patogene.<\/p>\n<p>* Bifidobacteriile sunt cele mai importante bacterii g\u0103site \u00een colonul adul\u021bilor \u0219i copiilor. Num\u0103rul de bifidobacterii scade odat\u0103 cu v\u00e2rsta \u0219i cu deteriorarea st\u0103rii de s\u0103n\u0103tate. Beneficiile integr\u0103rii bifidobacteriilor:<\/p>\n<p>- prevenirea coloniz\u0103rii intestinale de c\u0103tre bacterii patogene ostile \u0219i drojdii cu care bifidobacteriile concureaz\u0103 pentru nutrien\u021bi;<br \/>\n- producerea de acid acetic si lactic, care scad pH-ul intestinelor si fac astfel zona nelocubila pentru alte bacterii;<br \/>\n- stoparea bacteriilor care pot transforma nitra\u021bii alimentari \u00een nitri\u021bi poten\u021bial periculo\u0219i;<br \/>\n- o bun\u0103 adaptare a bifidobacteriilor poate ajuta la rezolvarea problemei constipa\u021biei \u0219i la \u00eembun\u0103t\u0103\u021birea func\u021biei intestinale.<\/p>\n<p>* FOS (fructooligozaharide) sunt carbohidra\u021bi complec\u0219i, zaharuri naturale sub form\u0103 de polimeri, care sunt aproape complet indigestibili. Fructooligozaharidele sunt hrana pentru culturile bacteriene vii.<\/p>\n<p><b>Dozaj \u0219i mod de utilizare<\/b><\/p>\n<p><b> <\/b>Se recomand\u0103 s\u0103 lua\u021bi 2 comprimate pe zi \u00een prima lun\u0103, apoi 1 comprimat pe zi \u00een a doua lun\u0103.<\/p>\n<p>* Comprimatul nu trebuie mestecat sau spart.<\/p>\n<p><b>Compozi\u0163ie:<\/b>\u00a0agent de \u00eenc\u0103rcare - celuloz\u0103 microcristalin\u0103; butirat de calciu; agent de \u00eenc\u0103rcare - hidroxipropilmetilceluloz\u0103; fructooligozaharide (FOS); agen\u021bi de glazur\u0103 - amidon, talc, glicerol, dioxid de titan; agent antiaglomerant - stearat de magneziu; Bifidobacterium bifidum BBF055-DSM 25565; regulator de aciditate - acid citric; Bifidobacterium lactis BL050-DSM 25566; agent de \u00eenc\u0103rcare - polivinilpirolidon\u0103; culoare \u2013 albastru patent V<\/p>","protected":false},"featured_media":3170,"template":"","meta":[],"product_brand":[],"product_cat":[81,3054],"product_tag":[1709],"class_list":{"0":"post-3169","1":"product","2":"type-product","3":"status-publish","4":"has-post-thumbnail","6":"product_cat-probiotici-i-enzimi","7":"product_cat-akcija","8":"product_tag-betty","10":"first","11":"instock","12":"shipping-taxable","13":"purchasable","14":"product-type-simple"},"ams_default_variation_id":0,"ams_product_points_reward":[],"ams_product_discount_percentage":0,"ams_price_to_display":2255,"ams_acf":[],"jetpack_sharing_enabled":true,"_links":{"self":[{"href":"https:\/\/apotekar-online.rs\/ro\/wp-json\/wp\/v2\/product\/3169","targetHints":{"allow":["GET"]}}],"collection":[{"href":"https:\/\/apotekar-online.rs\/ro\/wp-json\/wp\/v2\/product"}],"about":[{"href":"https:\/\/apotekar-online.rs\/ro\/wp-json\/wp\/v2\/types\/product"}],"wp:featuredmedia":[{"embeddable":true,"href":"https:\/\/apotekar-online.rs\/ro\/wp-json\/wp\/v2\/media\/3170"}],"wp:attachment":[{"href":"https:\/\/apotekar-online.rs\/ro\/wp-json\/wp\/v2\/media?parent=3169"}],"wp:term":[{"taxonomy":"product_brand","embeddable":true,"href":"https:\/\/apotekar-online.rs\/ro\/wp-json\/wp\/v2\/product_brand?post=3169"},{"taxonomy":"product_cat","embeddable":true,"href":"https:\/\/apotekar-online.rs\/ro\/wp-json\/wp\/v2\/product_cat?post=3169"},{"taxonomy":"product_tag","embeddable":true,"href":"https:\/\/apotekar-online.rs\/ro\/wp-json\/wp\/v2\/product_tag?post=3169"}],"curies":[{"name":"wp","href":"https:\/\/api.w.org\/{rel}","templated":true}]}}