{"id":3173,"date":"2023-06-05T20:04:20","date_gmt":"2023-06-05T22:04:20","guid":{"rendered":"https:\/\/apotekar-online.rs\/?post_type=product&#038;p=3173"},"modified":"2026-03-05T08:19:35","modified_gmt":"2026-03-05T10:19:35","slug":"3173","status":"publish","type":"product","link":"https:\/\/apotekar-online.rs\/ro\/p\/3173\/","title":{"rendered":"Nailner 2 in 1 tratament usor impotriva ciupercii unghiilor"},"content":{"rendered":"","protected":false},"excerpt":{"rendered":"<p>Trateaz\u0103 \u0219i previne infec\u021biile fungice ale unghiilor. Cu efect de str\u0103lucire - rezultate vizibile deja dup\u0103 7 zile.<br \/>\nProtejeaz\u0103 unghia nou crescut\u0103 de infec\u021bii. Testat clinic.<\/p>\n<p><strong>Mod de utilizare:<\/strong><\/p>\n<p>Aplica nailner pe unghiile curate si uscate. \u00cenainte de fiecare utilizare, \u00eendep\u0103rta\u021bi orice lac de unghii cosmetic r\u0103mas. Solu\u021bia trebuie s\u0103 acopere \u00eentreaga suprafa\u021b\u0103 a unghiei. A\u0219tepta\u021bi cel pu\u021bin 1 p\u00e2n\u0103 la 2 minute pentru ca solu\u021bia s\u0103 se absoarb\u0103 complet \u00een unghie. Nailner poate fi folosit pe unghiile de la m\u00e2ini sau de la picioare. Dup\u0103 aplicarea produsului Nailner pe unghie, pute\u021bi aplica lac cosmetic.<\/p>\n<p><strong>Not\u0103:<\/strong>\u00a0Ne str\u0103duim s\u0103 fim c\u00e2t mai precisi \u00een descrierea tuturor produselor, dar nu putem garanta c\u0103 toate descrierile sunt complete \u0219i f\u0103r\u0103 erori. Multumesc pentru intelegere.<br \/>\nToate articolele afi\u0219ate pe site fac parte din oferta noastr\u0103, dar nu \u00eenseamn\u0103 c\u0103 sunt disponibile \u00een orice moment.<\/p>\n<p>&nbsp;<\/p>","protected":false},"featured_media":3267,"template":"","meta":[],"product_brand":[],"product_cat":[80,547],"product_tag":[647,648,645,646],"class_list":{"0":"post-3173","1":"product","2":"type-product","3":"status-publish","4":"has-post-thumbnail","6":"product_cat-koza-kosa-i-nokti","7":"product_cat-kozmetika-i-nega-za-odrasle","8":"product_tag-efekat-posvetljivanja","9":"product_tag-klinicki-ispitano","10":"product_tag-lak-za-nokte","11":"product_tag-zastita-od-gljivica","12":"pa_brend-nailner","14":"first","15":"instock","16":"shipping-taxable","17":"purchasable","18":"product-type-simple"},"ams_default_variation_id":0,"ams_product_points_reward":[],"ams_product_discount_percentage":0,"ams_price_to_display":1870,"ams_acf":[],"jetpack_sharing_enabled":true,"_links":{"self":[{"href":"https:\/\/apotekar-online.rs\/ro\/wp-json\/wp\/v2\/product\/3173","targetHints":{"allow":["GET"]}}],"collection":[{"href":"https:\/\/apotekar-online.rs\/ro\/wp-json\/wp\/v2\/product"}],"about":[{"href":"https:\/\/apotekar-online.rs\/ro\/wp-json\/wp\/v2\/types\/product"}],"wp:featuredmedia":[{"embeddable":true,"href":"https:\/\/apotekar-online.rs\/ro\/wp-json\/wp\/v2\/media\/3267"}],"wp:attachment":[{"href":"https:\/\/apotekar-online.rs\/ro\/wp-json\/wp\/v2\/media?parent=3173"}],"wp:term":[{"taxonomy":"product_brand","embeddable":true,"href":"https:\/\/apotekar-online.rs\/ro\/wp-json\/wp\/v2\/product_brand?post=3173"},{"taxonomy":"product_cat","embeddable":true,"href":"https:\/\/apotekar-online.rs\/ro\/wp-json\/wp\/v2\/product_cat?post=3173"},{"taxonomy":"product_tag","embeddable":true,"href":"https:\/\/apotekar-online.rs\/ro\/wp-json\/wp\/v2\/product_tag?post=3173"}],"curies":[{"name":"wp","href":"https:\/\/api.w.org\/{rel}","templated":true}]}}