{"id":3256,"date":"2023-06-08T14:18:59","date_gmt":"2023-06-08T16:18:59","guid":{"rendered":"https:\/\/apotekar-online.rs\/?post_type=product&#038;p=3256"},"modified":"2026-03-05T08:16:04","modified_gmt":"2026-03-05T10:16:04","slug":"serrap-md-forte-120000-spu-capsule-a-10","status":"publish","type":"product","link":"https:\/\/apotekar-online.rs\/ro\/p\/serrap-md-forte-120000-spu-kapsule-a-10\/","title":{"rendered":"Serrap MD Forte 120000 SPU capsule A 10"},"content":{"rendered":"","protected":false},"excerpt":{"rendered":"<p>\u00cendep\u0103rteaz\u0103 eficient durerea \u0219i umflarea.<br \/>\n- Reduce posibilitatea form\u0103rii de trombi \u0219i tromboze care provoac\u0103 infarct miocardic \u0219i accident vascular cerebral.<br \/>\n- \u00cembun\u0103t\u0103\u021be\u0219te efectul antibioticelor.<br \/>\n- Accelereaz\u0103 diluarea \u0219i eliminarea mucusului, puroiului \u0219i hematomului, accelereaz\u0103 semnificativ recuperarea.<br \/>\nEnzim\u0103 proteolitic\u0103 cu mul\u021bi ani de utilizare, sigur\u0103 pentru pacien\u021bi. Produs din enterobacterium Serratia tip E-15, care este considerat\u0103 cea mai bun\u0103 surs\u0103 de serrapeptaz\u0103 de calitate. Aceast\u0103 enzim\u0103 con\u021bine zinc, care este important pentru activitatea proteolitic\u0103. Con\u021binutul Serrap MD - a este de 2250 SPU\/mg, \u00een timp ce celelalte au aproximativ 2000 SPU\/mg, ceea ce face ca Serrap MD s\u0103 fie mai puternic, mai bun, mai eficient.<br \/>\nSpre deosebire de alte serrapeptaze de pe pia\u021b\u0103, procesul de fermenta\u021bie de cea mai \u00eenalt\u0103 calitate este utilizat pentru procesul de produc\u021bie a Serrap MD.<br \/>\n\u00cen compara\u021bie cu al\u021bi produc\u0103tori, Serrap MD con\u021bine o enzim\u0103 dubl\u0103 protejat\u0103:<br \/>\nSerapeptaza este sub form\u0103 de pulbere care este amestecat\u0103 cu maltodextrin\u0103 \u0219i HPMC ca purt\u0103tori \u0219i ca atare este ea \u00eens\u0103\u0219i gastrorezistent\u0103, dar este \u0219i umplut\u0103 \u00eentr-o capsul\u0103 gastrorezistent\u0103 \u0219i astfel calitatea Serapeptazei este protejat\u0103 mai eficient de sucul gastric. . Recomandat veganilor si vegetarienilor.<\/p>\n<p><strong>Dozaj \u0219i mod de utilizare:<br \/>\n<\/strong>1 capsul\u0103 pe zi Serrap MD Forte 120.000 cu 200 ml ap\u0103 cu 1 or\u0103 \u00eenainte de mas\u0103 sau 2 ore dup\u0103 mas\u0103.<\/p>\n<p><strong>Not\u0103:<\/strong>\u00a0Ne str\u0103duim s\u0103 fim c\u00e2t mai precisi \u00een descrierea tuturor produselor, dar nu putem garanta c\u0103 toate descrierile sunt complete \u0219i f\u0103r\u0103 erori. Multumesc pentru intelegere.<br \/>\nToate articolele afi\u0219ate pe site fac parte din oferta noastr\u0103, dar nu \u00eenseamn\u0103 c\u0103 sunt disponibile \u00een orice moment.<\/p>","protected":false},"featured_media":3257,"template":"","meta":[],"product_brand":[],"product_cat":[81],"product_tag":[348,185,633,634,632,297],"class_list":{"0":"post-3256","1":"product","2":"type-product","3":"status-publish","4":"has-post-thumbnail","6":"product_cat-probiotici-i-enzimi","7":"product_tag-bol","8":"product_tag-cink","9":"product_tag-e-15","10":"product_tag-enterobakterija","11":"product_tag-enzim","12":"product_tag-otok","13":"pa_brend-serrap","15":"first","16":"instock","17":"shipping-taxable","18":"purchasable","19":"product-type-simple"},"ams_default_variation_id":0,"ams_product_points_reward":[],"ams_product_discount_percentage":0,"ams_price_to_display":1296,"ams_acf":[],"jetpack_sharing_enabled":true,"_links":{"self":[{"href":"https:\/\/apotekar-online.rs\/ro\/wp-json\/wp\/v2\/product\/3256","targetHints":{"allow":["GET"]}}],"collection":[{"href":"https:\/\/apotekar-online.rs\/ro\/wp-json\/wp\/v2\/product"}],"about":[{"href":"https:\/\/apotekar-online.rs\/ro\/wp-json\/wp\/v2\/types\/product"}],"wp:featuredmedia":[{"embeddable":true,"href":"https:\/\/apotekar-online.rs\/ro\/wp-json\/wp\/v2\/media\/3257"}],"wp:attachment":[{"href":"https:\/\/apotekar-online.rs\/ro\/wp-json\/wp\/v2\/media?parent=3256"}],"wp:term":[{"taxonomy":"product_brand","embeddable":true,"href":"https:\/\/apotekar-online.rs\/ro\/wp-json\/wp\/v2\/product_brand?post=3256"},{"taxonomy":"product_cat","embeddable":true,"href":"https:\/\/apotekar-online.rs\/ro\/wp-json\/wp\/v2\/product_cat?post=3256"},{"taxonomy":"product_tag","embeddable":true,"href":"https:\/\/apotekar-online.rs\/ro\/wp-json\/wp\/v2\/product_tag?post=3256"}],"curies":[{"name":"wp","href":"https:\/\/api.w.org\/{rel}","templated":true}]}}