{"id":3283,"date":"2023-06-11T09:28:56","date_gmt":"2023-06-11T11:28:56","guid":{"rendered":"https:\/\/apotekar-online.rs\/?post_type=product&#038;p=3283"},"modified":"2026-03-05T08:16:02","modified_gmt":"2026-03-05T10:16:02","slug":"rabenhorst-multivitamin-antioksidant-750-ml","status":"publish","type":"product","link":"https:\/\/apotekar-online.rs\/ro\/p\/rabenhorst-multivitamin-antioksidant-750-ml\/","title":{"rendered":"Rabenhorst Multivitamin Antioksidant 750 ml"},"content":{"rendered":"","protected":false},"excerpt":{"rendered":"<p>Antioksidanti su supstance ili hranljive materije u na\u0161oj hrani koje mogu spre\u010diti ili usporiti oksidativno o\u0161tec\u0301enje organizma. Kada na\u0161e c\u0301elije koriste kiseonik, one proizvode slobodne radikale koji mogu naneti \u0161tetu. Antioksidanti deluju kao \u010dista\u010di slobodnih radikala, \u010dime spre\u010davaju i popravljaju \u0161tetu koju prouzrokuju slobodni radikali. Zdravstveni problemi kao \u0161to su bolesti srca, degeneracija makule, dijabetes i rak nastaju usled oksidativnog o\u0161tec\u0301enja.o\u0161tec\u0301enje organizma<\/p>\n<p><strong>Dozaj \u0219i mod de utilizare:<br \/>\n<\/strong>Preporuka za unos: 150 ml\/dan.<\/p>\n<p><strong>Compozitie:<br \/>\n<\/strong>Sok od crvenog gro\u017e\u0111a *, sok od jabuke *, sok od crne ribizle *, sok od aronije *, pire acerola *, sok od bazge *, sok od borovnice *, sok od nara *, sok od brusnice *.<\/p>\n<p>*Iz kontrolisanog organskog uzgoja.<\/p>\n<p><strong>Not\u0103:<\/strong>\u00a0Ne str\u0103duim s\u0103 fim c\u00e2t mai precisi \u00een descrierea tuturor produselor, dar nu putem garanta c\u0103 toate descrierile sunt complete \u0219i f\u0103r\u0103 erori. Multumesc pentru intelegere.<br \/>\nToate articolele afi\u0219ate pe site fac parte din oferta noastr\u0103, dar nu \u00eenseamn\u0103 c\u0103 sunt disponibile \u00een orice moment.<\/p>\n<p>&nbsp;<\/p>","protected":false},"featured_media":3285,"template":"","meta":[],"product_brand":[],"product_cat":[77,78],"product_tag":[679,179,643,270,680,664,681,304],"class_list":{"0":"post-3283","1":"product","2":"type-product","3":"status-publish","4":"has-post-thumbnail","6":"product_cat-imunitet","7":"product_cat-vitamini-i-minerali","8":"product_tag-antioksidanti","9":"product_tag-imunitet","10":"product_tag-jacanje-imuniteta","11":"product_tag-minerali","12":"product_tag-multivitamin","13":"product_tag-organski-sok","14":"product_tag-ostecenje-organizma","15":"product_tag-vitamini","16":"pa_brend-rabenhorst","18":"first","19":"instock","20":"shipping-taxable","21":"purchasable","22":"product-type-simple"},"ams_default_variation_id":0,"ams_product_points_reward":[],"ams_product_discount_percentage":0,"ams_price_to_display":523.93,"ams_acf":[],"jetpack_sharing_enabled":true,"_links":{"self":[{"href":"https:\/\/apotekar-online.rs\/ro\/wp-json\/wp\/v2\/product\/3283","targetHints":{"allow":["GET"]}}],"collection":[{"href":"https:\/\/apotekar-online.rs\/ro\/wp-json\/wp\/v2\/product"}],"about":[{"href":"https:\/\/apotekar-online.rs\/ro\/wp-json\/wp\/v2\/types\/product"}],"wp:featuredmedia":[{"embeddable":true,"href":"https:\/\/apotekar-online.rs\/ro\/wp-json\/wp\/v2\/media\/3285"}],"wp:attachment":[{"href":"https:\/\/apotekar-online.rs\/ro\/wp-json\/wp\/v2\/media?parent=3283"}],"wp:term":[{"taxonomy":"product_brand","embeddable":true,"href":"https:\/\/apotekar-online.rs\/ro\/wp-json\/wp\/v2\/product_brand?post=3283"},{"taxonomy":"product_cat","embeddable":true,"href":"https:\/\/apotekar-online.rs\/ro\/wp-json\/wp\/v2\/product_cat?post=3283"},{"taxonomy":"product_tag","embeddable":true,"href":"https:\/\/apotekar-online.rs\/ro\/wp-json\/wp\/v2\/product_tag?post=3283"}],"curies":[{"name":"wp","href":"https:\/\/api.w.org\/{rel}","templated":true}]}}