{"id":3293,"date":"2023-06-13T13:45:58","date_gmt":"2023-06-13T15:45:58","guid":{"rendered":"https:\/\/apotekar-online.rs\/?post_type=product&#038;p=3293"},"modified":"2026-04-05T18:11:10","modified_gmt":"2026-04-05T20:11:10","slug":"maxmedica-b12-neuro-max-30-capsule","status":"publish","type":"product","link":"https:\/\/apotekar-online.rs\/ro\/p\/maxmedica-b12-neuro-max-30-kapsula\/","title":{"rendered":"MaxMedica B12 Neuro Max 30 capsule"},"content":{"rendered":"","protected":false},"excerpt":{"rendered":"<p><strong>B12 Neuro Max<\/strong>\u00a0capsulele sunt formulate pe baz\u0103 de vitamina B12, acid folic \u0219i biotin\u0103. Efectul sinergic al acestor ingrediente active contribuie la \u00eembun\u0103t\u0103\u021birea circula\u021biei periferice \u0219i cerebrale, \u00een timp ce vitamina B12 ajut\u0103 la formarea globulelor ro\u0219ii \u0219i particip\u0103 la transmiterea impulsurilor nervoase.<\/p>\n<p>&nbsp;<\/p>\n<p>Se recomand\u0103 aplicarea\u00a0<strong>B12 Neuro Max<\/strong>\u00a0capsul\u0103:<\/p>\n<ul>\n<li>pentru func\u021bionarea normal\u0103 a sistemului nervos<\/li>\n<li>\u00een anemia megaloblastic\u0103 (macrocitar\u0103).<\/li>\n<li>pentru sinteza materialului genetic (ADN \u0219i ARN) \u0219i a aminoacizilor<\/li>\n<li>\u00een scopul cre\u0219terii \u0219i dezvolt\u0103rii adecvate<\/li>\n<li>pentru producerea de energie (pentru oboseal\u0103 cronic\u0103, sl\u0103biciune).<\/li>\n<\/ul>\n<p>&nbsp;<\/p>\n<p><strong>Dozaj \u0219i mod de utilizare:<br \/>\n<\/strong>Se recomand\u0103 s\u0103 lua\u021bi 1 capsul\u0103 pe zi, diminea\u021ba<strong>.<\/strong><\/p>\n<p><strong>Compozitie:<br \/>\n<\/strong>Vitamina B12 (cianocobalamina) 1000 \u00b5g; acid folic (acid pteroilmonoglutamic) 170 ug; biotin\u0103 (D-biotin\u0103) 100 ug; maltodextrin\u0103; antiaglomeranti: stearat de magneziu si dioxid de siliciu; capsul\u0103: gelatin\u0103, ap\u0103 purificat\u0103; culoare - dioxid de titan.<\/p>\n<p>&nbsp;<\/p>","protected":false},"featured_media":8795,"template":"","meta":[],"product_brand":[3293],"product_cat":[83,78,84,85],"product_tag":[261,693,279,692,694,322,332,691,291],"class_list":{"0":"post-3293","1":"product","2":"type-product","3":"status-publish","4":"has-post-thumbnail","6":"product_brand-maxmedica","7":"product_cat-preparati-za-anemiju","8":"product_cat-vitamini-i-minerali","9":"product_cat-zdravlje-muskaraca","10":"product_cat-zdravlje-zena","11":"product_tag-anemija","12":"product_tag-energija","13":"product_tag-folna-kiselina","14":"product_tag-malaksalost","15":"product_tag-mozdana-cirkulacija","16":"product_tag-nervni-sistem","17":"product_tag-rast-i-razvoj","18":"product_tag-umor","19":"product_tag-vitamin-b12","20":"pa_brend-max-medica","22":"first","23":"instock","24":"shipping-taxable","25":"purchasable","26":"product-type-simple"},"ams_default_variation_id":0,"ams_product_points_reward":[],"ams_product_discount_percentage":0,"ams_price_to_display":1069.5,"ams_acf":[],"jetpack_sharing_enabled":true,"_links":{"self":[{"href":"https:\/\/apotekar-online.rs\/ro\/wp-json\/wp\/v2\/product\/3293","targetHints":{"allow":["GET"]}}],"collection":[{"href":"https:\/\/apotekar-online.rs\/ro\/wp-json\/wp\/v2\/product"}],"about":[{"href":"https:\/\/apotekar-online.rs\/ro\/wp-json\/wp\/v2\/types\/product"}],"wp:featuredmedia":[{"embeddable":true,"href":"https:\/\/apotekar-online.rs\/ro\/wp-json\/wp\/v2\/media\/8795"}],"wp:attachment":[{"href":"https:\/\/apotekar-online.rs\/ro\/wp-json\/wp\/v2\/media?parent=3293"}],"wp:term":[{"taxonomy":"product_brand","embeddable":true,"href":"https:\/\/apotekar-online.rs\/ro\/wp-json\/wp\/v2\/product_brand?post=3293"},{"taxonomy":"product_cat","embeddable":true,"href":"https:\/\/apotekar-online.rs\/ro\/wp-json\/wp\/v2\/product_cat?post=3293"},{"taxonomy":"product_tag","embeddable":true,"href":"https:\/\/apotekar-online.rs\/ro\/wp-json\/wp\/v2\/product_tag?post=3293"}],"curies":[{"name":"wp","href":"https:\/\/api.w.org\/{rel}","templated":true}]}}