{"id":3332,"date":"2023-06-16T08:19:39","date_gmt":"2023-06-16T10:19:39","guid":{"rendered":"https:\/\/apotekar-online.rs\/?post_type=product&#038;p=3332"},"modified":"2026-03-05T08:16:00","modified_gmt":"2026-03-05T10:16:00","slug":"avent-suzeta-pentru-bebelusi-ultra-air-0-6m-bufnita-cerb-2-buc","status":"publish","type":"product","link":"https:\/\/apotekar-online.rs\/ro\/p\/avent-varalica-za-bebe-ultra-air-0-6m-owl-deer-2kom\/","title":{"rendered":"Suzet\u0103 Avent pentru bebelu\u0219i ultra air 0-6m bufni\u021b\u0103\/cerb (2 buc)"},"content":{"rendered":"","protected":false},"excerpt":{"rendered":"<p>Tri\u0219or pentru bebelu\u0219i de la 0 la 6 luni.<\/p>\n<p>Ap\u0103r\u0103toarea pentru tri\u0219oare are 4 deschideri extra mari \u0219i este special conceput\u0103 pentru un flux maxim de aer pentru a men\u021bine pielea sensibil\u0103 a bebelu\u0219ului uscat\u0103 \u00een timpul utiliz\u0103rii, realizat\u0103 din silicon f\u0103r\u0103 BPA, inodor \u0219i f\u0103r\u0103 gust, urm\u0103re\u0219te dezvoltarea natural\u0103 a gurii, din\u021bilor \u0219i gingiilor copilului. .<\/p>\n<ul>\n<li>Varsta de la 0-6 luni<\/li>\n<li>2 bucati per pachet<\/li>\n<li>F\u0103r\u0103 BPA<\/li>\n<li>Inodor si fara gust<\/li>\n<li>Suzeta ortodontica si simetrica<\/li>\n<li>Urmareste dezvoltarea naturala a gurii, a dintilor si a gingiilor copilului<\/li>\n<li>Flux suplimentar de aer pentru mai pu\u021bin\u0103 iritare a pielii din jurul gurii \u0219i urmeaz\u0103 forma natural\u0103 a fe\u021bei bebelu\u0219ului.<\/li>\n<li>Suzeta este puternic\u0103, durabil\u0103 \u0219i nu \u00ee\u0219i va pierde forma sau culoarea \u00een timp<\/li>\n<li>Poate fi sterilizat<\/li>\n<\/ul>\n<p><strong>Not\u0103:<\/strong>\u00a0Ne str\u0103duim s\u0103 fim c\u00e2t mai precisi \u00een descrierea tuturor produselor, dar nu putem garanta c\u0103 toate descrierile sunt complete \u0219i f\u0103r\u0103 erori. Multumesc pentru intelegere.<br \/>\nToate articolele afi\u0219ate pe site fac parte din oferta noastr\u0103, dar nu \u00eenseamn\u0103 c\u0103 sunt disponibile \u00een orice moment.<\/p>","protected":false},"featured_media":3333,"template":"","meta":[],"product_brand":[],"product_cat":[385,369,340],"product_tag":[],"class_list":{"0":"post-3332","1":"product","2":"type-product","3":"status-publish","4":"has-post-thumbnail","6":"product_cat-bebi-oprema","7":"product_cat-decija-hrana","8":"product_cat-deciji-program","9":"pa_brend-avent","11":"first","12":"instock","13":"shipping-taxable","14":"purchasable","15":"product-type-simple"},"ams_default_variation_id":0,"ams_product_points_reward":[],"ams_product_discount_percentage":0,"ams_price_to_display":970,"ams_acf":[],"jetpack_sharing_enabled":true,"_links":{"self":[{"href":"https:\/\/apotekar-online.rs\/ro\/wp-json\/wp\/v2\/product\/3332","targetHints":{"allow":["GET"]}}],"collection":[{"href":"https:\/\/apotekar-online.rs\/ro\/wp-json\/wp\/v2\/product"}],"about":[{"href":"https:\/\/apotekar-online.rs\/ro\/wp-json\/wp\/v2\/types\/product"}],"wp:featuredmedia":[{"embeddable":true,"href":"https:\/\/apotekar-online.rs\/ro\/wp-json\/wp\/v2\/media\/3333"}],"wp:attachment":[{"href":"https:\/\/apotekar-online.rs\/ro\/wp-json\/wp\/v2\/media?parent=3332"}],"wp:term":[{"taxonomy":"product_brand","embeddable":true,"href":"https:\/\/apotekar-online.rs\/ro\/wp-json\/wp\/v2\/product_brand?post=3332"},{"taxonomy":"product_cat","embeddable":true,"href":"https:\/\/apotekar-online.rs\/ro\/wp-json\/wp\/v2\/product_cat?post=3332"},{"taxonomy":"product_tag","embeddable":true,"href":"https:\/\/apotekar-online.rs\/ro\/wp-json\/wp\/v2\/product_tag?post=3332"}],"curies":[{"name":"wp","href":"https:\/\/api.w.org\/{rel}","templated":true}]}}