{"id":3375,"date":"2023-06-19T07:56:06","date_gmt":"2023-06-19T09:56:06","guid":{"rendered":"https:\/\/apotekar-online.rs\/?post_type=product&#038;p=3375"},"modified":"2026-03-05T08:15:58","modified_gmt":"2026-03-05T10:15:58","slug":"hobby-balzam-za-kosu-classic-500ml","status":"publish","type":"product","link":"https:\/\/apotekar-online.rs\/ro\/p\/hobby-balzam-za-kosu-classic-500ml\/","title":{"rendered":"Balsam de p\u0103r Hobby Classic 500 ml"},"content":{"rendered":"","protected":false},"excerpt":{"rendered":"<p id=\"tw-target-rmn\" class=\"tw-data-text tw-text-small tw-ta\" dir=\"ltr\"><span class=\"Y2IQFc\">Moliciune \u0219i str\u0103lucire. Ofera un aspect natural si radiant, cu ajutorul uleiurilor hranitoare pe care le contine.<\/span><\/p>\n<p class=\"tw-data-text tw-text-small tw-ta\" dir=\"ltr\"><span class=\"Y2IQFc\"><strong>Not\u0103:<\/strong>\u00a0Ne str\u0103duim s\u0103 fim c\u00e2t mai precisi \u00een descrierea tuturor produselor, dar nu putem garanta c\u0103 toate descrierile sunt complete \u0219i f\u0103r\u0103 erori. Multumesc pentru intelegere. Toate articolele afi\u0219ate pe site fac parte din oferta noastr\u0103, dar nu \u00eenseamn\u0103 c\u0103 sunt disponibile \u00een orice moment.<\/span><\/p>","protected":false},"featured_media":3376,"template":"","meta":[],"product_brand":[],"product_cat":[147],"product_tag":[243,773,770,771,772],"class_list":{"0":"post-3375","1":"product","2":"type-product","3":"status-publish","4":"has-post-thumbnail","6":"product_cat-samponi-za-negu-kose","7":"product_tag-balzam","8":"product_tag-blistav-izgled","9":"product_tag-hranljiva-ulja","10":"product_tag-nega-kose","11":"product_tag-zastita-kose","12":"pa_brend-hobby","14":"first","15":"instock","16":"shipping-taxable","17":"purchasable","18":"product-type-simple"},"ams_default_variation_id":0,"ams_product_points_reward":[],"ams_product_discount_percentage":0,"ams_price_to_display":220,"ams_acf":[],"jetpack_sharing_enabled":true,"_links":{"self":[{"href":"https:\/\/apotekar-online.rs\/ro\/wp-json\/wp\/v2\/product\/3375","targetHints":{"allow":["GET"]}}],"collection":[{"href":"https:\/\/apotekar-online.rs\/ro\/wp-json\/wp\/v2\/product"}],"about":[{"href":"https:\/\/apotekar-online.rs\/ro\/wp-json\/wp\/v2\/types\/product"}],"wp:featuredmedia":[{"embeddable":true,"href":"https:\/\/apotekar-online.rs\/ro\/wp-json\/wp\/v2\/media\/3376"}],"wp:attachment":[{"href":"https:\/\/apotekar-online.rs\/ro\/wp-json\/wp\/v2\/media?parent=3375"}],"wp:term":[{"taxonomy":"product_brand","embeddable":true,"href":"https:\/\/apotekar-online.rs\/ro\/wp-json\/wp\/v2\/product_brand?post=3375"},{"taxonomy":"product_cat","embeddable":true,"href":"https:\/\/apotekar-online.rs\/ro\/wp-json\/wp\/v2\/product_cat?post=3375"},{"taxonomy":"product_tag","embeddable":true,"href":"https:\/\/apotekar-online.rs\/ro\/wp-json\/wp\/v2\/product_tag?post=3375"}],"curies":[{"name":"wp","href":"https:\/\/api.w.org\/{rel}","templated":true}]}}