{"id":3400,"date":"2023-06-23T18:02:34","date_gmt":"2023-06-23T20:02:34","guid":{"rendered":"https:\/\/apotekar-online.rs\/?post_type=product&#038;p=3400"},"modified":"2026-03-05T08:15:57","modified_gmt":"2026-03-05T10:15:57","slug":"biota-intima-gel-za-intimnu-negu-100-ml","status":"publish","type":"product","link":"https:\/\/apotekar-online.rs\/ro\/p\/biota-intima-gel-za-intimnu-negu-100-ml\/","title":{"rendered":"Gel Biota Intima pentru ingrijire intima, 100 ml"},"content":{"rendered":"","protected":false},"excerpt":{"rendered":"<p>Biota intima gel je blago i pH-prilago\u0111eno sredstvo za svakodnevno odr\u017eavanje zdrave i \u010diste\u00a0intimne regije.<\/p>\n<p><b>Opera\u021biune:<\/b><\/p>\n<ul>\n<li>Gel koji ne\u017eno \u010disti intimnu regiju.<\/li>\n<li>Blaga hipoalergena formula bogata biljnim ekstraktima.<\/li>\n<li>Optimalna pH vrednost.<\/li>\n<li>Odr\u017eava vaginalnu mikrobiotu u ravnote\u017ei. Pru\u017ea dugotrajan ose\u0107aj sve\u017eine i \u010disto\u0107e tokom celog dana.<\/li>\n<li>Namenjen je tokom le\u010denja vaginalnih infekcija, \u017eenama u menopauzi, u trudno\u0107i i tokom dojenja, kod devoj\u010dica i adolescentkinja, za svakodnevnu upotreba u cilju odr\u017eavanja \u010diste i zdrave intimne zone.<\/li>\n<\/ul>\n<p><b>Mod de aplicare:<\/b><\/p>\n<p>Jednom dnevno naneti tokom tu\u0161iranja i isprati.<\/p>\n<div><b>Compozi\u0163ie:<\/b><\/div>\n<p>&nbsp;<\/p>\n<p>&nbsp;<\/p>\n<p>&nbsp;<\/p>\n<ul>\n<li>Ekstrakt nevena &#8211; antiinflamatorno, regenerativno i antisepti\u010dko dejstvo. Poma\u017ee kod zaceljivanja rana i o\u017eiljaka, podmla\u0111uje ko\u017eu.<\/li>\n<li>Pantenol &#8211; regeneracija vaginalne sluznice, odr\u017eava njenu prirodnu vla\u017enost.<\/li>\n<li>Alantoin &#8211; umiruje iritacije, ubla\u017eava svrab i crvenilo.<\/li>\n<li>Ekstrakt aloje &#8211; hidrira, rashla\u0111uje i umiruje vaginalnu sluzoko\u017eu.<\/li>\n<li>Hijaluronska kiselina &#8211; smanjuje vaginalnu suvo\u0107u i atrofiju, vla\u017ei i hidrira, posebno poma\u017ee \u017eenama na hemioterapiji i u menopauzi.<\/li>\n<li>Mle\u010dna kiselina &#8211; odr\u017eava odgovaraju\u0107i pH intimnog podru\u010dja. Neutrali\u0161e neprijatan miris.<\/li>\n<li>Vitamin E &#8211; ja\u010da vaginalni epitel, smanjuje iritacije, prirodni lubrikant.<\/li>\n<\/ul>\n<p><b>B\u0103t\u0103torit:<\/b>\u00a0100 ml<\/p>\n<p><strong>Not\u0103:<\/strong>\u00a0Ne str\u0103duim s\u0103 fim c\u00e2t mai precisi \u00een descrierea tuturor produselor, dar nu putem garanta c\u0103 toate descrierile sunt complete \u0219i f\u0103r\u0103 erori. Multumesc pentru intelegere.<br \/>\nToate articolele afi\u0219ate pe site fac parte din oferta noastr\u0103, dar nu \u00eenseamn\u0103 c\u0103 sunt disponibile \u00een orice moment<\/p>\n<p>&nbsp;<\/p>","protected":false},"featured_media":3401,"template":"","meta":[],"product_brand":[],"product_cat":[88,85],"product_tag":[419,785,787],"class_list":{"0":"post-3400","1":"product","2":"type-product","3":"status-publish","4":"has-post-thumbnail","6":"product_cat-intimna-nega","7":"product_cat-zdravlje-zena","8":"product_tag-hipoalergijski","9":"product_tag-intimna-higijena","10":"product_tag-mlecna-kiselina","11":"pa_brend-biota-intima","13":"first","14":"instock","15":"shipping-taxable","16":"purchasable","17":"product-type-simple"},"ams_default_variation_id":0,"ams_product_points_reward":[],"ams_product_discount_percentage":0,"ams_price_to_display":1009.58,"ams_acf":[],"jetpack_sharing_enabled":true,"_links":{"self":[{"href":"https:\/\/apotekar-online.rs\/ro\/wp-json\/wp\/v2\/product\/3400","targetHints":{"allow":["GET"]}}],"collection":[{"href":"https:\/\/apotekar-online.rs\/ro\/wp-json\/wp\/v2\/product"}],"about":[{"href":"https:\/\/apotekar-online.rs\/ro\/wp-json\/wp\/v2\/types\/product"}],"wp:featuredmedia":[{"embeddable":true,"href":"https:\/\/apotekar-online.rs\/ro\/wp-json\/wp\/v2\/media\/3401"}],"wp:attachment":[{"href":"https:\/\/apotekar-online.rs\/ro\/wp-json\/wp\/v2\/media?parent=3400"}],"wp:term":[{"taxonomy":"product_brand","embeddable":true,"href":"https:\/\/apotekar-online.rs\/ro\/wp-json\/wp\/v2\/product_brand?post=3400"},{"taxonomy":"product_cat","embeddable":true,"href":"https:\/\/apotekar-online.rs\/ro\/wp-json\/wp\/v2\/product_cat?post=3400"},{"taxonomy":"product_tag","embeddable":true,"href":"https:\/\/apotekar-online.rs\/ro\/wp-json\/wp\/v2\/product_tag?post=3400"}],"curies":[{"name":"wp","href":"https:\/\/api.w.org\/{rel}","templated":true}]}}