{"id":3402,"date":"2023-06-23T18:08:53","date_gmt":"2023-06-23T20:08:53","guid":{"rendered":"https:\/\/apotekar-online.rs\/?post_type=product&#038;p=3402"},"modified":"2026-03-05T08:15:57","modified_gmt":"2026-03-05T10:15:57","slug":"biota-intima-15-capsule","status":"publish","type":"product","link":"https:\/\/apotekar-online.rs\/ro\/p\/biota-intima-15-kapsula\/","title":{"rendered":"Biota Intima, 15 capsule"},"content":{"rendered":"","protected":false},"excerpt":{"rendered":"<p style=\"font-weight: 400;\"><b><strong>Opera\u021biune:<\/strong><\/b><br \/>\nCapsulele BIOTA intima reprezint\u0103 o combina\u021bie unic\u0103 de p\u00e2n\u0103 la 6 bacterii probiotice foarte specifice \u0219i doi imunomodulatori cheie: lactoferin\u0103 \u0219i vitamina D.<br \/>\nCele mai abundente bacterii din microbiota vaginal\u0103 a unei femei s\u0103n\u0103toase apar\u021bin grupului lactobacililor. Aceste bacterii men\u021bin un mediu acid \u0219i creeaz\u0103 condi\u021bii nefavorabile pentru cre\u0219terea \u0219i dezvoltarea microorganismelor d\u0103un\u0103toare. Igiena inadecvat\u0103, expunerea la stres, modific\u0103rile hormonale, utilizarea antibioticelor, perturbarea imunit\u0103\u021bii generale sau locale \u0219i o serie de al\u021bi factori pot duce la sc\u0103derea num\u0103rului de lactobacili \u0219i pot duce la infec\u021bii vaginale.<br \/>\nBIOTA Intima con\u021bine culturi bacteriene atent selectate care se g\u0103sesc predominant \u00een microbiota vaginal\u0103 s\u0103n\u0103toas\u0103<\/p>\n<ul style=\"font-weight: 400;\">\n<li>Destinat femeilor de toate v\u00e2rstele (fete, femei de v\u00e2rst\u0103 reproductiv\u0103, femei \u00eens\u0103rcinate, femei care al\u0103pteaz\u0103, femei aflate la menopauz\u0103),<\/li>\n<li>Suport necesar pentru orice terapie antimicrobiana (antibiotic + BIOTA intima, antifungic + BIOTA intima),<\/li>\n<li>Utilizare obligatorie dup\u0103 terapia antimicrobian\u0103,<\/li>\n<li>Aplicare preventiv\u0103 \u00een timpul \u0219i dup\u0103 ciclul menstrual pentru a preveni infec\u021biile vaginale, intestinale \u0219i urinare,<\/li>\n<li>Sprijin eficient \u00een stabilirea unei microbiote vaginale s\u0103n\u0103toase \u00een preg\u0103tirea VTO<\/li>\n<li>Sigur pentru utilizare pe toat\u0103 durata sarcinii \u0219i \u00een timpul al\u0103pt\u0103rii,<\/li>\n<li>Promoveaz\u0103 imunitatea sistemic\u0103 \u0219i local\u0103 datorit\u0103 imunomodulatorilor naturali (lactoferin\u0103 \u0219i vitamina D).<\/li>\n<\/ul>\n<p>&nbsp;<\/p>\n<p style=\"font-weight: 400;\"><b>Dozaj \u0219i mod de utilizare<\/b><\/p>\n<p style=\"font-weight: 400;\">1 capsul\u0103 pe zi, \u00eentre mese, timp de 4-6 s\u0103pt\u0103m\u00e2ni.<\/p>\n<p style=\"font-weight: 400;\"><b><strong>Compozi\u0163ie:<\/strong><\/b><br \/>\n1 capsula contine:<br \/>\nLactobacillus crispatus KS 127.1 \u2026\u2026\u2026\u2026\u2026\u2026\u2026\u2026\u2026.. 1\u00d7109 cfu<br \/>\nLactobacillus gasseri LG050 \u2026\u2026\u2026\u2026\u2026\u2026\u2026\u2026\u2026\u2026\u2026\u2026\u2026 1\u00d7109 cfu<br \/>\nLactobacillus jensenii KS121.1 \u2026\u2026\u2026\u2026\u2026\u2026\u2026\u2026\u2026\u2026\u2026. 1\u00d7109 ufc<br \/>\nLactobacillus reuteri LR92 \u2026\u2026\u2026\u2026\u2026\u2026\u2026\u2026\u2026\u2026\u2026\u2026\u2026\u2026\u2026\u2026. 1\u00d7109 ufc<br \/>\nLactobacillus rhamnosus IMC501 \u2026\u2026\u2026\u2026\u2026\u2026\u2026\u2026\u2026. 1\u00d7109 ufc<br \/>\nLactobacillus paracasei IMC502 \u2026\u2026\u2026\u2026\u2026\u2026\u2026\u2026\u2026\u2026 1\u00d7109 cfu<br \/>\nLactoferin\u0103 \u2026\u2026\u2026\u2026\u2026\u2026\u2026\u2026\u2026\u2026\u2026\u2026\u2026\u2026\u2026\u2026\u2026\u2026\u2026\u2026\u2026\u2026\u2026\u2026\u2026\u2026\u2026\u2026\u2026\u2026\u2026\u2026.. 10 mg<br \/>\nVitamina D3 (sub form\u0103 de colecalciferol) \u2026\u2026\u2026\u2026\u2026\u2026. 5 ug<\/p>\n<p style=\"font-weight: 400;\"><b><strong>B\u0103t\u0103torit:<\/strong><\/b>\u00a015 capsule<\/p>\n<p><strong>Not\u0103:<\/strong>\u00a0Ne str\u0103duim s\u0103 fim c\u00e2t mai precisi \u00een descrierea tuturor produselor, dar nu putem garanta c\u0103 toate descrierile sunt complete \u0219i f\u0103r\u0103 erori. Multumesc pentru intelegere.<br \/>\nToate articolele afi\u0219ate pe site fac parte din oferta noastr\u0103, dar nu \u00eenseamn\u0103 c\u0103 sunt disponibile \u00een orice moment<\/p>\n<p>&nbsp;<\/p>\n<p>&nbsp;<\/p>","protected":false},"featured_media":3403,"template":"","meta":[],"product_brand":[],"product_cat":[88,81,85],"product_tag":[785,760,790],"class_list":{"0":"post-3402","1":"product","2":"type-product","3":"status-publish","4":"has-post-thumbnail","6":"product_cat-intimna-nega","7":"product_cat-probiotici-i-enzimi","8":"product_cat-zdravlje-zena","9":"product_tag-intimna-higijena","10":"product_tag-intimna-nega","11":"product_tag-vaginalna-mikrobiota","12":"pa_brend-biota-intima","14":"first","15":"instock","16":"shipping-taxable","17":"purchasable","18":"product-type-simple"},"ams_default_variation_id":0,"ams_product_points_reward":[],"ams_product_discount_percentage":0,"ams_price_to_display":1665.85,"ams_acf":[],"jetpack_sharing_enabled":true,"_links":{"self":[{"href":"https:\/\/apotekar-online.rs\/ro\/wp-json\/wp\/v2\/product\/3402","targetHints":{"allow":["GET"]}}],"collection":[{"href":"https:\/\/apotekar-online.rs\/ro\/wp-json\/wp\/v2\/product"}],"about":[{"href":"https:\/\/apotekar-online.rs\/ro\/wp-json\/wp\/v2\/types\/product"}],"wp:featuredmedia":[{"embeddable":true,"href":"https:\/\/apotekar-online.rs\/ro\/wp-json\/wp\/v2\/media\/3403"}],"wp:attachment":[{"href":"https:\/\/apotekar-online.rs\/ro\/wp-json\/wp\/v2\/media?parent=3402"}],"wp:term":[{"taxonomy":"product_brand","embeddable":true,"href":"https:\/\/apotekar-online.rs\/ro\/wp-json\/wp\/v2\/product_brand?post=3402"},{"taxonomy":"product_cat","embeddable":true,"href":"https:\/\/apotekar-online.rs\/ro\/wp-json\/wp\/v2\/product_cat?post=3402"},{"taxonomy":"product_tag","embeddable":true,"href":"https:\/\/apotekar-online.rs\/ro\/wp-json\/wp\/v2\/product_tag?post=3402"}],"curies":[{"name":"wp","href":"https:\/\/api.w.org\/{rel}","templated":true}]}}