{"id":3422,"date":"2023-06-28T09:43:14","date_gmt":"2023-06-28T11:43:14","guid":{"rendered":"https:\/\/apotekar-online.rs\/?post_type=product&#038;p=3422"},"modified":"2026-03-05T08:15:56","modified_gmt":"2026-03-05T10:15:56","slug":"flufsan-pelene-za-dan-m-velicina-20-komada","status":"publish","type":"product","link":"https:\/\/apotekar-online.rs\/ro\/p\/flufsan-pelene-za-dan-m-velicina-20-komada\/","title":{"rendered":"Scutece Flufsan pentru ziua M marimea 20 bucati"},"content":{"rendered":"","protected":false},"excerpt":{"rendered":"<div class=\"elementor-element elementor-element-c388605 elementor-widget elementor-widget-woocommerce-product-short-description\" data-id=\"c388605\" data-element_type=\"widget\" data-widget_type=\"woocommerce-product-short-description.default\">\n<div class=\"elementor-widget-container\">\n<div class=\"woocommerce-product-details__short-description\">\n<p>Scutecele zilnice ofer\u0103 protec\u021bie \u0219i confort sigur \u00een cazurile de incontinen\u021b\u0103 moderat\u0103 \u0219i sever\u0103. Sunt destinate persoanelor cu mobilitate redus\u0103.<\/p>\n<p>Partea elastica din jurul piciorului si banda elastica autoadeziva din jurul taliei asigura ca scutecul sa se adapteze la forma corpului utilizatorului si ofera protectie si igiena maxima.<\/p>\n<p>Caracteristici:<\/p>\n<p>Sistem de absorb\u021bie rapid\u0103 - care permite absorb\u021bia unei cantit\u0103\u021bi mari de lichid \u00eentr-o perioad\u0103 scurt\u0103 de timp, dar astfel \u00eenc\u00e2t suprafa\u021ba scutecului s\u0103 r\u0103m\u00e2n\u0103 uscat\u0103 \u0219i, prin urmare, pielea.<br \/>\nSistem Odor Stop - fiecare scutec are un miez absorbant antibacterian care previne dezvoltarea bacteriilor si a mirosurilor neplacute.<br \/>\nMiezul scutecului este realizat din celuloza pura, intarita suplimentar in partea centrala, cu polimeri superabsorbanti care contribuie la cresterea absorbtiei prin reducerea mirosurilor neplacute.<br \/>\nAu un indicator de umiditate pentru siguranta maxima<br \/>\nSunt acoperite cu material antialergic care protejeaz\u0103 pielea de irita\u021bii \u0219i ro\u0219ea\u021b\u0103.<\/p>\n<p>Za obim od 80-115cm<\/p>\n<p>De la 40-70 kg<\/p>\n<p><strong>Not\u0103:<\/strong>\u00a0Ne str\u0103duim s\u0103 fim c\u00e2t mai precisi \u00een descrierea tuturor produselor, dar nu putem garanta c\u0103 toate descrierile sunt complete \u0219i f\u0103r\u0103 erori. Multumesc pentru intelegere.<br \/>\nToate articolele afi\u0219ate pe site fac parte din oferta noastr\u0103, dar nu \u00eenseamn\u0103 c\u0103 sunt disponibile \u00een orice moment.<\/p>\n<\/div>\n<\/div>\n<\/div>","protected":false},"featured_media":3423,"template":"","meta":[],"product_brand":[],"product_cat":[176],"product_tag":[795,794],"class_list":{"0":"post-3422","1":"product","2":"type-product","3":"status-publish","4":"has-post-thumbnail","6":"product_cat-medicinska-oprema-i-materijal","7":"product_tag-inkontinencija","8":"product_tag-pelene-za-odrasle","9":"pa_brend-flufsan","11":"first","12":"instock","13":"shipping-taxable","14":"purchasable","15":"product-type-simple"},"ams_default_variation_id":0,"ams_product_points_reward":[],"ams_product_discount_percentage":0,"ams_price_to_display":1050,"ams_acf":[],"jetpack_sharing_enabled":true,"_links":{"self":[{"href":"https:\/\/apotekar-online.rs\/ro\/wp-json\/wp\/v2\/product\/3422","targetHints":{"allow":["GET"]}}],"collection":[{"href":"https:\/\/apotekar-online.rs\/ro\/wp-json\/wp\/v2\/product"}],"about":[{"href":"https:\/\/apotekar-online.rs\/ro\/wp-json\/wp\/v2\/types\/product"}],"wp:featuredmedia":[{"embeddable":true,"href":"https:\/\/apotekar-online.rs\/ro\/wp-json\/wp\/v2\/media\/3423"}],"wp:attachment":[{"href":"https:\/\/apotekar-online.rs\/ro\/wp-json\/wp\/v2\/media?parent=3422"}],"wp:term":[{"taxonomy":"product_brand","embeddable":true,"href":"https:\/\/apotekar-online.rs\/ro\/wp-json\/wp\/v2\/product_brand?post=3422"},{"taxonomy":"product_cat","embeddable":true,"href":"https:\/\/apotekar-online.rs\/ro\/wp-json\/wp\/v2\/product_cat?post=3422"},{"taxonomy":"product_tag","embeddable":true,"href":"https:\/\/apotekar-online.rs\/ro\/wp-json\/wp\/v2\/product_tag?post=3422"}],"curies":[{"name":"wp","href":"https:\/\/api.w.org\/{rel}","templated":true}]}}