{"id":3424,"date":"2023-06-28T10:36:10","date_gmt":"2023-06-28T12:36:10","guid":{"rendered":"https:\/\/apotekar-online.rs\/?post_type=product&#038;p=3424"},"modified":"2026-03-05T08:15:56","modified_gmt":"2026-03-05T10:15:56","slug":"pantaloni-scutec-flufsan-marimea-xl-14-bucati","status":"publish","type":"product","link":"https:\/\/apotekar-online.rs\/ro\/p\/flufsan-gace-pelene-xl-velicina-14-komada\/","title":{"rendered":"Flufsan scutece chiloti marimea XL 14 bucati"},"content":{"rendered":"","protected":false},"excerpt":{"rendered":"<p>Chilo\u021bii de scutece PULL ON au form\u0103 de lenjerie intim\u0103 \u0219i ofer\u0103 protec\u021bie maxim\u0103 \u00een cazurile de incontinen\u021b\u0103 medie \u0219i sever\u0103. Datorit\u0103 designului lor specific, sunt potrivite pentru persoanele active \u0219i adesea \u00een mi\u0219care.<\/p>\n<p>Nu sunt vizibile sub haine, ceea ce ofer\u0103 discre\u021bie, confort \u0219i siguran\u021b\u0103 suplimentar\u0103 atunci c\u00e2nd desf\u0103\u0219oar\u0103 activit\u0103\u021bi zilnice. Se poarta ca lenjerie intima, iar marginile moi si elastice permit aderenta usoara a scutecului si adaptarea acestuia la corpul utilizatorului.<\/p>\n<p>Caracteristici:<\/p>\n<p>Respirabil- Chilo\u021bii de scutece Flufsan au un strat exterior de material care permite pielii s\u0103 respire \u0219i aerului s\u0103 circule, ceea ce previne umiditatea nedorit\u0103 a pielii.<br \/>\nSistem de absorb\u021bie rapid\u0103 - care permite absorb\u021bia unei cantit\u0103\u021bi mari de lichid \u00eentr-o perioad\u0103 scurt\u0103 de timp, dar astfel \u00eenc\u00e2t suprafa\u021ba scutecului s\u0103 r\u0103m\u00e2n\u0103 uscat\u0103 \u0219i, prin urmare, pielea.<br \/>\nSistem Odor Stop - fiecare scutec are un miez absorbant antibacterian care previne dezvoltarea bacteriilor si a mirosurilor neplacute.<br \/>\nScutecele au un miez de celuloz\u0103 cu o parte superabsorbant\u0103 care contribuie la cre\u0219terea absorb\u021biei.<\/p>\n<p>Pentru o circumferin\u021b\u0103 de 120-170 cm<\/p>\n<p><strong>Not\u0103:<\/strong>\u00a0Ne str\u0103duim s\u0103 fim c\u00e2t mai precisi \u00een descrierea tuturor produselor, dar nu putem garanta c\u0103 toate descrierile sunt complete \u0219i f\u0103r\u0103 erori. Multumesc pentru intelegere.<br \/>\nToate articolele afi\u0219ate pe site fac parte din oferta noastr\u0103, dar nu \u00eenseamn\u0103 c\u0103 sunt disponibile \u00een orice moment.<\/p>","protected":false},"featured_media":3425,"template":"","meta":[],"product_brand":[],"product_cat":[176],"product_tag":[795,796,794],"class_list":{"0":"post-3424","1":"product","2":"type-product","3":"status-publish","4":"has-post-thumbnail","6":"product_cat-medicinska-oprema-i-materijal","7":"product_tag-inkontinencija","8":"product_tag-pelene-gace","9":"product_tag-pelene-za-odrasle","10":"pa_brend-flufsan","12":"first","13":"instock","14":"shipping-taxable","15":"purchasable","16":"product-type-simple"},"ams_default_variation_id":0,"ams_product_points_reward":[],"ams_product_discount_percentage":0,"ams_price_to_display":1260,"ams_acf":[],"jetpack_sharing_enabled":true,"_links":{"self":[{"href":"https:\/\/apotekar-online.rs\/ro\/wp-json\/wp\/v2\/product\/3424","targetHints":{"allow":["GET"]}}],"collection":[{"href":"https:\/\/apotekar-online.rs\/ro\/wp-json\/wp\/v2\/product"}],"about":[{"href":"https:\/\/apotekar-online.rs\/ro\/wp-json\/wp\/v2\/types\/product"}],"wp:featuredmedia":[{"embeddable":true,"href":"https:\/\/apotekar-online.rs\/ro\/wp-json\/wp\/v2\/media\/3425"}],"wp:attachment":[{"href":"https:\/\/apotekar-online.rs\/ro\/wp-json\/wp\/v2\/media?parent=3424"}],"wp:term":[{"taxonomy":"product_brand","embeddable":true,"href":"https:\/\/apotekar-online.rs\/ro\/wp-json\/wp\/v2\/product_brand?post=3424"},{"taxonomy":"product_cat","embeddable":true,"href":"https:\/\/apotekar-online.rs\/ro\/wp-json\/wp\/v2\/product_cat?post=3424"},{"taxonomy":"product_tag","embeddable":true,"href":"https:\/\/apotekar-online.rs\/ro\/wp-json\/wp\/v2\/product_tag?post=3424"}],"curies":[{"name":"wp","href":"https:\/\/api.w.org\/{rel}","templated":true}]}}