{"id":3487,"date":"2023-07-20T07:22:51","date_gmt":"2023-07-20T09:22:51","guid":{"rendered":"https:\/\/apotekar-online.rs\/?post_type=product&#038;p=3487"},"modified":"2026-03-05T08:15:54","modified_gmt":"2026-03-05T10:15:54","slug":"dove-solutii-nutritive-sampon-pro-age-400ml","status":"publish","type":"product","link":"https:\/\/apotekar-online.rs\/ro\/p\/dove-nutritive-solutions-pro-age-sampon-400ml\/","title":{"rendered":"Dove solu\u021bii nutri\u021bionale \u0219ampon PRO-AGE 400ml"},"content":{"rendered":"","protected":false},"excerpt":{"rendered":"<p>\u0218ampon de \u00eent\u0103rire \u00eempotriva \u00eemb\u0103tr\u00e2nirii p\u0103rului pentru femei 400 ml<\/p>\n<p><strong>\u0218ampon Dove Nutritive Solutions Pro-age\u00a0<\/strong>\u0218amponul anti-\u00eemb\u0103tr\u00e2nire con\u021bine o formul\u0103 special\u0103 de MicroMousture Serum\u2122 care \u00eent\u0103re\u0219te, restabile\u0219te \u0219i red\u0103 un aspect s\u0103n\u0103tos \u0219i tineresc. \u0218amponul cur\u0103\u021b\u0103 \u0219i \u00eengrije\u0219te p\u0103rul sub\u021bire \u0219i fragil. Revitalizeaz\u0103 fibrele p\u0103rului \u0219i \u00eent\u0103re\u0219te p\u0103rul sub\u021biere. Hidrateaz\u0103 profund.<\/p>\n<p><strong>Not\u0103:<\/strong>\u00a0Ne str\u0103duim s\u0103 fim c\u00e2t mai precisi \u00een descrierea tuturor produselor, dar nu putem garanta c\u0103 toate descrierile sunt complete \u0219i f\u0103r\u0103 erori. Multumesc pentru intelegere.<br \/>\nToate articolele afi\u0219ate pe site fac parte din oferta noastr\u0103, dar nu \u00eenseamn\u0103 c\u0103 sunt disponibile \u00een orice moment.<\/p>","protected":false},"featured_media":3488,"template":"","meta":[],"product_brand":[],"product_cat":[547,147],"product_tag":[812,811],"class_list":{"0":"post-3487","1":"product","2":"type-product","3":"status-publish","4":"has-post-thumbnail","6":"product_cat-kozmetika-i-nega-za-odrasle","7":"product_cat-samponi-za-negu-kose","8":"product_tag-pro-age","9":"product_tag-sampon","10":"pa_brend-dove","12":"first","13":"instock","14":"shipping-taxable","15":"purchasable","16":"product-type-simple"},"ams_default_variation_id":0,"ams_product_points_reward":[],"ams_product_discount_percentage":0,"ams_price_to_display":360,"ams_acf":[],"jetpack_sharing_enabled":true,"_links":{"self":[{"href":"https:\/\/apotekar-online.rs\/ro\/wp-json\/wp\/v2\/product\/3487","targetHints":{"allow":["GET"]}}],"collection":[{"href":"https:\/\/apotekar-online.rs\/ro\/wp-json\/wp\/v2\/product"}],"about":[{"href":"https:\/\/apotekar-online.rs\/ro\/wp-json\/wp\/v2\/types\/product"}],"wp:featuredmedia":[{"embeddable":true,"href":"https:\/\/apotekar-online.rs\/ro\/wp-json\/wp\/v2\/media\/3488"}],"wp:attachment":[{"href":"https:\/\/apotekar-online.rs\/ro\/wp-json\/wp\/v2\/media?parent=3487"}],"wp:term":[{"taxonomy":"product_brand","embeddable":true,"href":"https:\/\/apotekar-online.rs\/ro\/wp-json\/wp\/v2\/product_brand?post=3487"},{"taxonomy":"product_cat","embeddable":true,"href":"https:\/\/apotekar-online.rs\/ro\/wp-json\/wp\/v2\/product_cat?post=3487"},{"taxonomy":"product_tag","embeddable":true,"href":"https:\/\/apotekar-online.rs\/ro\/wp-json\/wp\/v2\/product_tag?post=3487"}],"curies":[{"name":"wp","href":"https:\/\/api.w.org\/{rel}","templated":true}]}}