{"id":3568,"date":"2023-07-24T08:51:19","date_gmt":"2023-07-24T10:51:19","guid":{"rendered":"https:\/\/apotekar-online.rs\/?post_type=product&#038;p=3568"},"modified":"2026-03-05T08:15:09","modified_gmt":"2026-03-05T10:15:09","slug":"sampon-afrodita-pentru-par-si-corp-argan-1000ml","status":"publish","type":"product","link":"https:\/\/apotekar-online.rs\/ro\/p\/afrodita-sampon-za-kosu-i-telo-argan-1000ml\/","title":{"rendered":"Sampon Afrodita pentru par si corp Argan 1000ml"},"content":{"rendered":"","protected":false},"excerpt":{"rendered":"<p>Formula 100% de ulei de argan organic hr\u0103ne\u0219te delicat \u0219i face pielea mai moale \u0219i ofer\u0103 regenerarea p\u0103rului de la r\u0103d\u0103cin\u0103 p\u00e2n\u0103 la v\u00e2rf.<\/p>\n<ul>\n<li>\u00a0\u00a0\u00a0 2 \u00een 1<\/li>\n<li>\u00a0 \u00a0 fara silicon<\/li>\n<li>\u00a0\u00a0\u00a0 VEGETARIAN<\/li>\n<\/ul>\n<p><strong>Compozi\u0163ie:\u00a0<\/strong>Aqua, Sodium Laureth Sulfat, Sodium Chloride, Cocamidopropil Betain\u0103, Coco-Glucoside, Parfum, Argania Spinosa Kernel Oil, PEG-40 Hidrogenated Castro Oil, Acid citric, Sodium Sulfat, Metilizotiazolinon\u0103, Metilcloroizotiazolinon\u0103, CI1472, CI1472, CI1472, CI1472<\/p>\n<p><strong>Not\u0103:<\/strong>\u00a0Ne str\u0103duim s\u0103 fim c\u00e2t mai precisi \u00een descrierea tuturor produselor, dar nu putem garanta c\u0103 toate descrierile sunt complete \u0219i f\u0103r\u0103 erori. Multumesc pentru intelegere.<br \/>\nToate articolele afi\u0219ate pe site fac parte din oferta noastr\u0103, dar nu \u00eenseamn\u0103 c\u0103 sunt disponibile \u00een orice moment.<\/p>","protected":false},"featured_media":3569,"template":"","meta":[],"product_brand":[],"product_cat":[547,147,1073],"product_tag":[863,862,864],"class_list":{"0":"post-3568","1":"product","2":"type-product","3":"status-publish","4":"has-post-thumbnail","6":"product_cat-kozmetika-i-nega-za-odrasle","7":"product_cat-samponi-za-negu-kose","8":"product_cat-samponi","9":"product_tag-argan","10":"product_tag-bez-silikona","11":"product_tag-sampon-i-kupka","12":"pa_brend-afrodita","14":"first","15":"instock","16":"shipping-taxable","17":"purchasable","18":"product-type-simple"},"ams_default_variation_id":0,"ams_product_points_reward":[],"ams_product_discount_percentage":0,"ams_price_to_display":480,"ams_acf":[],"jetpack_sharing_enabled":true,"_links":{"self":[{"href":"https:\/\/apotekar-online.rs\/ro\/wp-json\/wp\/v2\/product\/3568","targetHints":{"allow":["GET"]}}],"collection":[{"href":"https:\/\/apotekar-online.rs\/ro\/wp-json\/wp\/v2\/product"}],"about":[{"href":"https:\/\/apotekar-online.rs\/ro\/wp-json\/wp\/v2\/types\/product"}],"wp:featuredmedia":[{"embeddable":true,"href":"https:\/\/apotekar-online.rs\/ro\/wp-json\/wp\/v2\/media\/3569"}],"wp:attachment":[{"href":"https:\/\/apotekar-online.rs\/ro\/wp-json\/wp\/v2\/media?parent=3568"}],"wp:term":[{"taxonomy":"product_brand","embeddable":true,"href":"https:\/\/apotekar-online.rs\/ro\/wp-json\/wp\/v2\/product_brand?post=3568"},{"taxonomy":"product_cat","embeddable":true,"href":"https:\/\/apotekar-online.rs\/ro\/wp-json\/wp\/v2\/product_cat?post=3568"},{"taxonomy":"product_tag","embeddable":true,"href":"https:\/\/apotekar-online.rs\/ro\/wp-json\/wp\/v2\/product_tag?post=3568"}],"curies":[{"name":"wp","href":"https:\/\/api.w.org\/{rel}","templated":true}]}}