{"id":3572,"date":"2023-07-24T09:09:41","date_gmt":"2023-07-24T11:09:41","guid":{"rendered":"https:\/\/apotekar-online.rs\/?post_type=product&#038;p=3572"},"modified":"2026-03-05T08:15:09","modified_gmt":"2026-03-05T10:15:09","slug":"sampon-afrodita-pentru-par-si-corp-aloe-vera-1000ml","status":"publish","type":"product","link":"https:\/\/apotekar-online.rs\/ro\/p\/afrodita-sampon-za-kosu-i-telo-aloe-vera-1000ml\/","title":{"rendered":"Sampon Afrodita pentru par si corp ALOE VERA 1000ml"},"content":{"rendered":"","protected":false},"excerpt":{"rendered":"<p>Sampon revigorant pentru par si corp ALOE VERA 2 in 1. Suc concentrat de aloe vera si ulei esential de menta pentru prospetime de neegalat si ingrijire a pielii si parului. Are efect hidratant \u0219i revitalizant. Activeaz\u0103 sim\u021burile \u0219i ofer\u0103 energie nou\u0103 pentru corp \u0219i spirit. Valoarea optim\u0103 a pH-ului. Despre silicon %. VEGETARIAN. PROSPESOARE INSPIRATA DIN NATURA!<\/p>\n<p><strong>Compozi\u0163ie:<\/strong>Aqua, Sodium Laureth Sulfate, Sodium Chloride, Cocamidopropyl Betaine, Parfum, Coco-Glucoside, Cocamide DEA, Aloe Barbadensis Leaf Juice, Mentha Arvensis Leaf Oil, Glicol Distearat, Cocamid MEA, Laureth-10, Potasium Sorbat, Sodium Benzoate, Sulfat de sodiu, acid citric, metilcloroizotiazolinon\u0103, metilizotiazolinon\u0103, Hexil Cinnamal, CI 42051, CI 19140.<\/p>\n<p><strong>Not\u0103:<\/strong>\u00a0Ne str\u0103duim s\u0103 fim c\u00e2t mai precisi \u00een descrierea tuturor produselor, dar nu putem garanta c\u0103 toate descrierile sunt complete \u0219i f\u0103r\u0103 erori. Multumesc pentru intelegere.<br \/>\nToate articolele afi\u0219ate pe site fac parte din oferta noastr\u0103, dar nu \u00eenseamn\u0103 c\u0103 sunt disponibile \u00een orice moment.<\/p>\n<p>&nbsp;<\/p>","protected":false},"featured_media":3573,"template":"","meta":[],"product_brand":[],"product_cat":[147,547,1073],"product_tag":[816,862,866,444,867],"class_list":{"0":"post-3572","1":"product","2":"type-product","3":"status-publish","4":"has-post-thumbnail","6":"product_cat-samponi-za-negu-kose","7":"product_cat-kozmetika-i-nega-za-odrasle","8":"product_cat-samponi","9":"product_tag-aloe-vera","10":"product_tag-bez-silikona","11":"product_tag-hidratantna","12":"product_tag-kupke-i-samponi","13":"product_tag-osvezava","14":"pa_brend-afrodita","16":"first","17":"instock","18":"shipping-taxable","19":"purchasable","20":"product-type-simple"},"ams_default_variation_id":0,"ams_product_points_reward":[],"ams_product_discount_percentage":0,"ams_price_to_display":460.8,"ams_acf":[],"jetpack_sharing_enabled":true,"_links":{"self":[{"href":"https:\/\/apotekar-online.rs\/ro\/wp-json\/wp\/v2\/product\/3572","targetHints":{"allow":["GET"]}}],"collection":[{"href":"https:\/\/apotekar-online.rs\/ro\/wp-json\/wp\/v2\/product"}],"about":[{"href":"https:\/\/apotekar-online.rs\/ro\/wp-json\/wp\/v2\/types\/product"}],"wp:featuredmedia":[{"embeddable":true,"href":"https:\/\/apotekar-online.rs\/ro\/wp-json\/wp\/v2\/media\/3573"}],"wp:attachment":[{"href":"https:\/\/apotekar-online.rs\/ro\/wp-json\/wp\/v2\/media?parent=3572"}],"wp:term":[{"taxonomy":"product_brand","embeddable":true,"href":"https:\/\/apotekar-online.rs\/ro\/wp-json\/wp\/v2\/product_brand?post=3572"},{"taxonomy":"product_cat","embeddable":true,"href":"https:\/\/apotekar-online.rs\/ro\/wp-json\/wp\/v2\/product_cat?post=3572"},{"taxonomy":"product_tag","embeddable":true,"href":"https:\/\/apotekar-online.rs\/ro\/wp-json\/wp\/v2\/product_tag?post=3572"}],"curies":[{"name":"wp","href":"https:\/\/api.w.org\/{rel}","templated":true}]}}