{"id":3574,"date":"2023-07-24T09:15:02","date_gmt":"2023-07-24T11:15:02","guid":{"rendered":"https:\/\/apotekar-online.rs\/?post_type=product&#038;p=3574"},"modified":"2026-03-05T08:15:09","modified_gmt":"2026-03-05T10:15:09","slug":"afrodita-sampon-za-kosu-i-telo-hyaluron-1000ml","status":"publish","type":"product","link":"https:\/\/apotekar-online.rs\/ro\/p\/afrodita-sampon-za-kosu-i-telo-hyaluron-1000ml\/","title":{"rendered":"Sampon Afrodita pentru par si corp HYALURON 1000ml"},"content":{"rendered":"","protected":false},"excerpt":{"rendered":"<p>Hidratantni \u0161ampon za kosu i telo HYALURON 2u1. Patentirana hijaluronsa kiselina, 100 % prirodnog porekla, hidrira kosu i vlasi\u0161te te blagotvorno neguje ko\u017eu tela. Spre\u010dava isu\u0161ivanje ko\u017ee i kose te deluje osve\u017euju\u0107e. optimalna pH vrednost . O %\u00a0 silikona. VEGAN. SVE\u017dINA NADAHNUTA PRIRODOM!<\/p>\n<p><strong>Compozi\u0163ie: <\/strong>Aqua, Sodium Laureth Sulfate, Sodium Chloride, Cocamidopropyl Betaine, Parfum, Coco-Glucoside, PEG-40 Hydrogenated Castor Oil, Sodium Hyaluronate, Citric Acid, Sodium Sulfate,Octocrylene, Homosalate, Butyl Methoxydibenzoylmethane, Tocopherol, Helianthus Annuus Seed Oil, Methylchloroisothiazolinone, Methylisothiazolinone, CI 42051.<\/p>\n<p><strong>Not\u0103:<\/strong>\u00a0Ne str\u0103duim s\u0103 fim c\u00e2t mai precisi \u00een descrierea tuturor produselor, dar nu putem garanta c\u0103 toate descrierile sunt complete \u0219i f\u0103r\u0103 erori. Multumesc pentru intelegere.<br \/>\nToate articolele afi\u0219ate pe site fac parte din oferta noastr\u0103, dar nu \u00eenseamn\u0103 c\u0103 sunt disponibile \u00een orice moment.<\/p>\n<p>&nbsp;<\/p>","protected":false},"featured_media":3575,"template":"","meta":[],"product_brand":[],"product_cat":[547,177,147,1073],"product_tag":[869,868,444],"class_list":{"0":"post-3574","1":"product","2":"type-product","3":"status-publish","4":"has-post-thumbnail","6":"product_cat-kozmetika-i-nega-za-odrasle","7":"product_cat-nega-tela","8":"product_cat-samponi-za-negu-kose","9":"product_cat-samponi","10":"product_tag-hidrira","11":"product_tag-hyaluron","12":"product_tag-kupke-i-samponi","13":"pa_brend-afrodita","15":"first","16":"instock","17":"shipping-taxable","18":"purchasable","19":"product-type-simple"},"ams_default_variation_id":0,"ams_product_points_reward":[],"ams_product_discount_percentage":0,"ams_price_to_display":460.8,"ams_acf":[],"jetpack_sharing_enabled":true,"_links":{"self":[{"href":"https:\/\/apotekar-online.rs\/ro\/wp-json\/wp\/v2\/product\/3574","targetHints":{"allow":["GET"]}}],"collection":[{"href":"https:\/\/apotekar-online.rs\/ro\/wp-json\/wp\/v2\/product"}],"about":[{"href":"https:\/\/apotekar-online.rs\/ro\/wp-json\/wp\/v2\/types\/product"}],"wp:featuredmedia":[{"embeddable":true,"href":"https:\/\/apotekar-online.rs\/ro\/wp-json\/wp\/v2\/media\/3575"}],"wp:attachment":[{"href":"https:\/\/apotekar-online.rs\/ro\/wp-json\/wp\/v2\/media?parent=3574"}],"wp:term":[{"taxonomy":"product_brand","embeddable":true,"href":"https:\/\/apotekar-online.rs\/ro\/wp-json\/wp\/v2\/product_brand?post=3574"},{"taxonomy":"product_cat","embeddable":true,"href":"https:\/\/apotekar-online.rs\/ro\/wp-json\/wp\/v2\/product_cat?post=3574"},{"taxonomy":"product_tag","embeddable":true,"href":"https:\/\/apotekar-online.rs\/ro\/wp-json\/wp\/v2\/product_tag?post=3574"}],"curies":[{"name":"wp","href":"https:\/\/api.w.org\/{rel}","templated":true}]}}