{"id":3620,"date":"2023-07-26T10:13:43","date_gmt":"2023-07-26T12:13:43","guid":{"rendered":"https:\/\/apotekar-online.rs\/?post_type=product&#038;p=3620"},"modified":"2026-03-05T08:15:07","modified_gmt":"2026-03-05T10:15:07","slug":"sampon-nerilex-contra-caderea-parului-200-ml","status":"publish","type":"product","link":"https:\/\/apotekar-online.rs\/ro\/p\/nerilex-sampon-protiv-opadanja-kose-200-ml\/","title":{"rendered":"Sampon Nerilex impotriva caderii parului 200 ml"},"content":{"rendered":"","protected":false},"excerpt":{"rendered":"<p>Previne caderea parului. Hr\u0103ne\u0219te \u0219i hr\u0103ne\u0219te r\u0103d\u0103cina p\u0103rului \u0219i scalpul. Activeaz\u0103 r\u0103d\u0103cina p\u0103rului \u0219i \u00eei stimuleaz\u0103 cre\u0219terea. Previne formarea matretii. \u00cendep\u0103rteaz\u0103 excesul de ulei din p\u0103r \u0219i scalp. Cur\u0103\u021b\u0103 temeinic scalpul \u0219i \u00eent\u0103re\u0219te r\u0103d\u0103cinile p\u0103rului. Nu irit\u0103 \u0219i nu usuc\u0103 p\u0103rul \u0219i scalpul.<\/p>\n<p>Samponul Nerilex contine substante active de spalare care curata in profunzime radacina parului si scalpul si substante active care reactiveaza radacina parului si stimuleaza cresterea acestuia.<br \/>\nEfectul de reactivare se ob\u021bine treptat cu utilizarea regulat\u0103.<br \/>\nSamponul Nerilex este special formulat pentru a avea un efect benefic asupra prevenirii caderii premature a parului si a raririi cu ingredientele sale active.<\/p>\n<p>Pre-sp\u0103lare:<br \/>\nUda\u021bi-v\u0103 p\u0103rul cu ap\u0103 c\u0103ldu\u021b\u0103 \u0219i aplica\u021bi \u0219amponul Nerilex<br \/>\nMasa\u021bi p\u0103rul \u0219i scalpul cu v\u00e2rful degetelor<br \/>\nCl\u0103ti\u021bi bine p\u0103rul.<\/p>\n<p>Spalare principala:<br \/>\nAplica\u021bi din nou \u0219amponul NERILEX, crea\u021bi spum\u0103 \u0219i freca\u021bi bine<br \/>\nL\u0103sa\u021bi \u0219amponul s\u0103 ac\u021bioneze 3-4 minute<br \/>\nSp\u0103la\u021bi p\u0103rul cu grij\u0103 \u0219i usca\u021bi-l<br \/>\nDac\u0103 \u0219amponul intr\u0103 \u00een contact cu ochii, cl\u0103ti\u021bi imediat cu ap\u0103.<\/p>\n<p>Aplica\u021bi \u0219amponul de p\u0103r NERILEX de cel pu\u021bin trei ori pe s\u0103pt\u0103m\u00e2n\u0103. Agita\u021bi sticla de \u0219ampon \u00eenainte de utilizare.<\/p>\n<p><strong>Not\u0103:<\/strong>\u00a0Ne str\u0103duim s\u0103 fim c\u00e2t mai precisi \u00een descrierea tuturor produselor, dar nu putem garanta c\u0103 toate descrierile sunt complete \u0219i f\u0103r\u0103 erori. Multumesc pentru intelegere.<br \/>\nToate articolele afi\u0219ate pe site fac parte din oferta noastr\u0103, dar nu \u00eenseamn\u0103 c\u0103 sunt disponibile \u00een orice moment<\/p>","protected":false},"featured_media":3621,"template":"","meta":[],"product_brand":[],"product_cat":[547,147],"product_tag":[606,811,894],"class_list":{"0":"post-3620","1":"product","2":"type-product","3":"status-publish","4":"has-post-thumbnail","6":"product_cat-kozmetika-i-nega-za-odrasle","7":"product_cat-samponi-za-negu-kose","8":"product_tag-protiv-opadanja-kose","9":"product_tag-sampon","10":"product_tag-stimulise-rast-kose","11":"pa_brend-zdravlje-kozmetika","13":"first","14":"instock","15":"shipping-taxable","16":"purchasable","17":"product-type-simple"},"ams_default_variation_id":0,"ams_product_points_reward":[],"ams_product_discount_percentage":0,"ams_price_to_display":369.69,"ams_acf":[],"jetpack_sharing_enabled":true,"_links":{"self":[{"href":"https:\/\/apotekar-online.rs\/ro\/wp-json\/wp\/v2\/product\/3620","targetHints":{"allow":["GET"]}}],"collection":[{"href":"https:\/\/apotekar-online.rs\/ro\/wp-json\/wp\/v2\/product"}],"about":[{"href":"https:\/\/apotekar-online.rs\/ro\/wp-json\/wp\/v2\/types\/product"}],"wp:featuredmedia":[{"embeddable":true,"href":"https:\/\/apotekar-online.rs\/ro\/wp-json\/wp\/v2\/media\/3621"}],"wp:attachment":[{"href":"https:\/\/apotekar-online.rs\/ro\/wp-json\/wp\/v2\/media?parent=3620"}],"wp:term":[{"taxonomy":"product_brand","embeddable":true,"href":"https:\/\/apotekar-online.rs\/ro\/wp-json\/wp\/v2\/product_brand?post=3620"},{"taxonomy":"product_cat","embeddable":true,"href":"https:\/\/apotekar-online.rs\/ro\/wp-json\/wp\/v2\/product_cat?post=3620"},{"taxonomy":"product_tag","embeddable":true,"href":"https:\/\/apotekar-online.rs\/ro\/wp-json\/wp\/v2\/product_tag?post=3620"}],"curies":[{"name":"wp","href":"https:\/\/api.w.org\/{rel}","templated":true}]}}