{"id":3652,"date":"2023-07-27T08:53:35","date_gmt":"2023-07-27T10:53:35","guid":{"rendered":"https:\/\/apotekar-online.rs\/?post_type=product&#038;p=3652"},"modified":"2026-03-05T08:15:06","modified_gmt":"2026-03-05T10:15:06","slug":"veet-silky-fresh-crema-depilatoare-piele-sensibila-100-ml","status":"publish","type":"product","link":"https:\/\/apotekar-online.rs\/ro\/p\/veet-silky-fresh-krema-za-depilaciju-osetljiva-koza-100-ml\/","title":{"rendered":"Crema depilatoare Veet, proaspata si matasoasa - piele sensibila, 100 ml"},"content":{"rendered":"","protected":false},"excerpt":{"rendered":"<ul class=\"cc ag dw\" data-designsystem=\"true\" data-dmid=\"dm-list\">\n<li class=\"u w ac kg hv\" data-dmid=\"dm-list-item\">\n<div class=\"d hy\">\n<div class=\"ea\">Crem\u0103 pentru \u00eendep\u0103rtarea p\u0103rului<\/div>\n<\/div>\n<\/li>\n<li class=\"u w ac kg hv\" data-dmid=\"dm-list-item\">\n<div class=\"d hy\">\n<div class=\"ea\">Pentru pielea sensibila<\/div>\n<\/div>\n<\/li>\n<li class=\"u w ac kg hv\" data-dmid=\"dm-list-item\">\n<div class=\"d hy\">\n<div class=\"ea\">Con\u021bine aloe vera \u0219i vitamina E<\/div>\n<\/div>\n<\/li>\n<li class=\"u w ac kg hv\" data-dmid=\"dm-list-item\">\n<div class=\"d hy\">\n<div class=\"ea\">Pielea este neted\u0103 p\u00e2n\u0103 la o s\u0103pt\u0103m\u00e2n\u0103<\/div>\n<\/div>\n<\/li>\n<li class=\"u w ac kg hv\" data-dmid=\"dm-list-item\">\n<div class=\"d hy\">\n<div class=\"ea\">Calmeaz\u0103 pielea<\/div>\n<\/div>\n<\/li>\n<\/ul>\n<div class=\"_1c4kox72\" data-dmid=\"product-detail-item-accordion-content-text\">\n<p class=\"u w gl ac ag hn di\" data-designsystem=\"true\" data-dmid=\"dm-text\">Vara este prea scurt\u0103 pentru a-\u021bi rade picioarele \u00een fiecare zi. Cu crema depilatoare Veet SILKY FRESH pentru piele sensibila, poti rezolva aceasta problema. Crema ac\u021bioneaz\u0103 pe r\u0103d\u0103cini, chiar \u0219i pe firele de p\u0103r scurte, \u0219i las\u0103 pielea neted\u0103 p\u00e2n\u0103 la o s\u0103pt\u0103m\u00e2n\u0103. Nu se b\u0103rbiere\u0219te, ci \u00eendep\u0103rteaz\u0103 p\u0103rul, a\u0219a c\u0103 dureaz\u0103 mai mult pentru ca acestea s\u0103 \u00eenceap\u0103 s\u0103 creasc\u0103 din nou. Formula u\u0219oar\u0103 con\u021bine aloe vera \u0219i vitamina E, care calmeaz\u0103 pielea. Crema depilatoare Veet SILKY FRESH iti hidrateaza pielea pana la 24 de ore si nu lasa un miros neplacut.<\/p>\n<p data-designsystem=\"true\" data-dmid=\"dm-text\"><strong>Not\u0103:<\/strong>\u00a0Ne str\u0103duim s\u0103 fim c\u00e2t mai precisi \u00een descrierea tuturor produselor, dar nu putem garanta c\u0103 toate descrierile sunt complete \u0219i f\u0103r\u0103 erori. Multumesc pentru intelegere.<br \/>\nToate articolele afi\u0219ate pe site fac parte din oferta noastr\u0103, dar nu \u00eenseamn\u0103 c\u0103 sunt disponibile \u00een orice moment.<\/p>\n<p data-designsystem=\"true\" data-dmid=\"dm-text\">\n<\/div>","protected":false},"featured_media":3653,"template":"","meta":[],"product_brand":[],"product_cat":[547,177],"product_tag":[905,917,910],"class_list":{"0":"post-3652","1":"product","2":"type-product","3":"status-publish","4":"has-post-thumbnail","6":"product_cat-kozmetika-i-nega-za-odrasle","7":"product_cat-nega-tela","8":"product_tag-depilacija","9":"product_tag-depilacija-tela","10":"product_tag-krema-za-depilaciju","11":"pa_brend-veet","13":"first","14":"instock","15":"shipping-taxable","16":"purchasable","17":"product-type-simple"},"ams_default_variation_id":0,"ams_product_points_reward":[],"ams_product_discount_percentage":0,"ams_price_to_display":380,"ams_acf":[],"jetpack_sharing_enabled":true,"_links":{"self":[{"href":"https:\/\/apotekar-online.rs\/ro\/wp-json\/wp\/v2\/product\/3652","targetHints":{"allow":["GET"]}}],"collection":[{"href":"https:\/\/apotekar-online.rs\/ro\/wp-json\/wp\/v2\/product"}],"about":[{"href":"https:\/\/apotekar-online.rs\/ro\/wp-json\/wp\/v2\/types\/product"}],"wp:featuredmedia":[{"embeddable":true,"href":"https:\/\/apotekar-online.rs\/ro\/wp-json\/wp\/v2\/media\/3653"}],"wp:attachment":[{"href":"https:\/\/apotekar-online.rs\/ro\/wp-json\/wp\/v2\/media?parent=3652"}],"wp:term":[{"taxonomy":"product_brand","embeddable":true,"href":"https:\/\/apotekar-online.rs\/ro\/wp-json\/wp\/v2\/product_brand?post=3652"},{"taxonomy":"product_cat","embeddable":true,"href":"https:\/\/apotekar-online.rs\/ro\/wp-json\/wp\/v2\/product_cat?post=3652"},{"taxonomy":"product_tag","embeddable":true,"href":"https:\/\/apotekar-online.rs\/ro\/wp-json\/wp\/v2\/product_tag?post=3652"}],"curies":[{"name":"wp","href":"https:\/\/api.w.org\/{rel}","templated":true}]}}