{"id":3676,"date":"2023-07-28T07:22:49","date_gmt":"2023-07-28T09:22:49","guid":{"rendered":"https:\/\/apotekar-online.rs\/?post_type=product&#038;p=3676"},"modified":"2026-03-05T08:15:05","modified_gmt":"2026-03-05T10:15:05","slug":"hansaplast-silver-active-spray-pentru-picioare-150-ml","status":"publish","type":"product","link":"https:\/\/apotekar-online.rs\/ro\/p\/hansaplast-silver-active-sprej-za-stopala-150-ml\/","title":{"rendered":"Spray activ pentru picioare Hansaplast argintiu, 150 ml"},"content":{"rendered":"","protected":false},"excerpt":{"rendered":"<ul class=\"cc ag ey\" data-designsystem=\"true\" data-dmid=\"dm-list\">\n<li class=\"u w ac nh kz\" data-dmid=\"dm-list-item\">\n<div class=\"d lc\">\n<div class=\"gc\">Protejeaz\u0103 \u00een mod fiabil \u00eempotriva transpira\u021biei \u0219i mirosurilor nepl\u0103cute ale picioarelor<\/div>\n<\/div>\n<\/li>\n<li class=\"u w ac nh kz\" data-dmid=\"dm-list-item\">\n<div class=\"d lc\">\n<div class=\"gc\">Previne apari\u021bia piciorului de atlet<\/div>\n<\/div>\n<\/li>\n<li class=\"u w ac nh kz\" data-dmid=\"dm-list-item\">\n<div class=\"d lc\">\n<div class=\"gc\">Complex cu ioni de argint pentru ac\u021biune antibacterian\u0103<\/div>\n<\/div>\n<\/li>\n<li class=\"u w ac nh kz\" data-dmid=\"dm-list-item\">\n<div class=\"d lc\">\n<div class=\"gc\">Formula bl\u00e2nd\u0103<\/div>\n<\/div>\n<\/li>\n<\/ul>\n<div class=\"_1c4kox72\" data-dmid=\"product-detail-item-accordion-content-text\">\n<p class=\"u w ep ac ag kn di\" data-designsystem=\"true\" data-dmid=\"dm-text\">Spray activ pentru picioare Hansaplast argintiu ofer\u0103 p\u00e2n\u0103 la 72 de ore de protec\u021bie \u00eempotriva dezvolt\u0103rii mirosurilor nepl\u0103cute \u0219i protejeaz\u0103 \u00een mod fiabil \u00eempotriva transpira\u021biei picioarelor. Datorit\u0103 complexului cu ioni de argint, spray-ul pentru picioare cu argint Hansaplast are efect antibacterian, \u0219i \u00een acela\u0219i timp previne apari\u021bia piciorului de atlet. Formula u\u0219oar\u0103 f\u0103r\u0103 alcool asigur\u0103 prospe\u021bimea \u0219i uscarea picioarelor.<\/p>\n<p data-designsystem=\"true\" data-dmid=\"dm-text\"><strong>Not\u0103:<\/strong>\u00a0Ne str\u0103duim s\u0103 fim c\u00e2t mai precisi \u00een descrierea tuturor produselor, dar nu putem garanta c\u0103 toate descrierile sunt complete \u0219i f\u0103r\u0103 erori. Multumesc pentru intelegere.<br \/>\nToate articolele afi\u0219ate pe site fac parte din oferta noastr\u0103, dar nu \u00eenseamn\u0103 c\u0103 sunt disponibile \u00een orice moment.<\/p>\n<p data-designsystem=\"true\" data-dmid=\"dm-text\">\n<\/div>","protected":false},"featured_media":3677,"template":"","meta":[],"product_brand":[],"product_cat":[547,177],"product_tag":[927,854],"class_list":{"0":"post-3676","1":"product","2":"type-product","3":"status-publish","4":"has-post-thumbnail","6":"product_cat-kozmetika-i-nega-za-odrasle","7":"product_cat-nega-tela","8":"product_tag-antiperspirant-za-stopala","9":"product_tag-znojenje","10":"pa_brend-hansaplast","12":"first","13":"instock","14":"shipping-taxable","15":"purchasable","16":"product-type-simple"},"ams_default_variation_id":0,"ams_product_points_reward":[],"ams_product_discount_percentage":0,"ams_price_to_display":486.12,"ams_acf":[],"jetpack_sharing_enabled":true,"_links":{"self":[{"href":"https:\/\/apotekar-online.rs\/ro\/wp-json\/wp\/v2\/product\/3676","targetHints":{"allow":["GET"]}}],"collection":[{"href":"https:\/\/apotekar-online.rs\/ro\/wp-json\/wp\/v2\/product"}],"about":[{"href":"https:\/\/apotekar-online.rs\/ro\/wp-json\/wp\/v2\/types\/product"}],"wp:featuredmedia":[{"embeddable":true,"href":"https:\/\/apotekar-online.rs\/ro\/wp-json\/wp\/v2\/media\/3677"}],"wp:attachment":[{"href":"https:\/\/apotekar-online.rs\/ro\/wp-json\/wp\/v2\/media?parent=3676"}],"wp:term":[{"taxonomy":"product_brand","embeddable":true,"href":"https:\/\/apotekar-online.rs\/ro\/wp-json\/wp\/v2\/product_brand?post=3676"},{"taxonomy":"product_cat","embeddable":true,"href":"https:\/\/apotekar-online.rs\/ro\/wp-json\/wp\/v2\/product_cat?post=3676"},{"taxonomy":"product_tag","embeddable":true,"href":"https:\/\/apotekar-online.rs\/ro\/wp-json\/wp\/v2\/product_tag?post=3676"}],"curies":[{"name":"wp","href":"https:\/\/api.w.org\/{rel}","templated":true}]}}