{"id":3696,"date":"2023-07-28T10:18:51","date_gmt":"2023-07-28T12:18:51","guid":{"rendered":"https:\/\/apotekar-online.rs\/?post_type=product&#038;p=3696"},"modified":"2026-03-05T08:15:04","modified_gmt":"2026-03-05T10:15:04","slug":"ulei-de-zieja-miere-pentru-baiere-si-dus-pentru-ten-atopic-270ml","status":"publish","type":"product","link":"https:\/\/apotekar-online.rs\/ro\/p\/ziaja-med-ulje-za-kupanje-i-tusiranje-za-atopicnu-kozu-270ml\/","title":{"rendered":"Ziaja Med ulei de baie si dus pentru ten atopic 270ml"},"content":{"rendered":"","protected":false},"excerpt":{"rendered":"<div class=\"product attribute description text-page\">\n<div class=\"value\">\n<p align=\"justify\">Ulei de dus si baie cu proprietati hidratante si calmante. Este recomandat pentru pielea atopic\u0103 predispus\u0103 la irita\u021bii, m\u00e2nc\u0103rimi severe \u0219i hipersensibil\u0103 la alergeni. \u00cenmoaie \u0219i cur\u0103\u021b\u0103 delicat pielea. previne uscarea epidermei, m\u00e2nc\u0103rimea \u0219i irita\u021bia. Reduce rugozitatea pielii \u0219i peelingul excesiv. Fara coloranti si sapun. Ingrediente cheie: ulei de floarea soarelui cu vitamina E.<\/p>\n<p>\u2022 Potrivit pentru bebelusi, copii si adulti.<\/p>\n<p>\u2022 Ofer\u0103 o igien\u0103 \u0219i o \u00eengrijire eficiente \u0219i sigure pentru pielea atopic\u0103 \u0219i predispus\u0103 la irita\u021bii.<\/p>\n<p>\u2022 Reduce mancarimile excesive, arsurile si roseata.<\/p>\n<p>\u2022 Regenereaza bariera hidrolipidica naturala a epidermei.<\/p>\n<p>\u2022 Echilibreaz\u0103 flora bacterian\u0103.<\/p>\n<p>\u2022 Hidrateaz\u0103 intens \u0219i eficient, catifeleaz\u0103 \u0219i reduce uscarea \u0219i rugozitatea pielii.<\/p>\n<p>\u2022 Cre\u0219te frecven\u021ba perioadelor asimptomatice de atopie.<\/p>\n<p>Poate fi folosit pentru fa\u021b\u0103 \u0219i corp. Evita\u021bi zona ochilor.<\/p>\n<p>Du\u0219: Aplica\u021bi o cantitate mic\u0103 \u0219i cl\u0103ti\u021bi bine.<\/p>\n<p>Sc\u0103ldat (sub form\u0103 de baie): Turna\u021bi 2-3 c\u0103ni \u00een ap\u0103 cald\u0103.<\/p>\n<p>Dup\u0103 baie, usca\u021bi pielea f\u0103r\u0103 frecare.<\/p>\n<p align=\"justify\"><strong>Compozi\u0163ie:<\/strong> Ulei de semin\u021be de Helianthus Annuus (floarea-soarelui), sulfat MIPA-Laureth, Laureth-3, Citrat Laureth-7, alcool benzilic, PEG-8, tocoferol, palmitat de ascorbil, acid ascorbic, acid citric, parfum (parfum).<\/p>\n<p align=\"justify\"><strong>Not\u0103:<\/strong>\u00a0Ne str\u0103duim s\u0103 fim c\u00e2t mai precisi \u00een descrierea tuturor produselor, dar nu putem garanta c\u0103 toate descrierile sunt complete \u0219i f\u0103r\u0103 erori. Multumesc pentru intelegere.<br \/>\nToate articolele afi\u0219ate pe site fac parte din oferta noastr\u0103, dar nu \u00eenseamn\u0103 c\u0103 sunt disponibile \u00een orice moment.<\/p>\n<\/div>\n<\/div>","protected":false},"featured_media":3697,"template":"","meta":[],"product_brand":[],"product_cat":[224,547,177],"product_tag":[948,802,952,953],"class_list":{"0":"post-3696","1":"product","2":"type-product","3":"status-publish","4":"has-post-thumbnail","6":"product_cat-kozmetika-za-decu","7":"product_cat-kozmetika-i-nega-za-odrasle","8":"product_cat-nega-tela","9":"product_tag-atopicna-koza","10":"product_tag-iritacija","11":"product_tag-ulje-za-kupanje","12":"product_tag-za-decu-i-za-odrasle","13":"pa_brend-ziaja","15":"first","16":"instock","17":"shipping-taxable","18":"purchasable","19":"product-type-simple"},"ams_default_variation_id":0,"ams_product_points_reward":[],"ams_product_discount_percentage":0,"ams_price_to_display":889.92,"ams_acf":[],"jetpack_sharing_enabled":true,"_links":{"self":[{"href":"https:\/\/apotekar-online.rs\/ro\/wp-json\/wp\/v2\/product\/3696","targetHints":{"allow":["GET"]}}],"collection":[{"href":"https:\/\/apotekar-online.rs\/ro\/wp-json\/wp\/v2\/product"}],"about":[{"href":"https:\/\/apotekar-online.rs\/ro\/wp-json\/wp\/v2\/types\/product"}],"wp:featuredmedia":[{"embeddable":true,"href":"https:\/\/apotekar-online.rs\/ro\/wp-json\/wp\/v2\/media\/3697"}],"wp:attachment":[{"href":"https:\/\/apotekar-online.rs\/ro\/wp-json\/wp\/v2\/media?parent=3696"}],"wp:term":[{"taxonomy":"product_brand","embeddable":true,"href":"https:\/\/apotekar-online.rs\/ro\/wp-json\/wp\/v2\/product_brand?post=3696"},{"taxonomy":"product_cat","embeddable":true,"href":"https:\/\/apotekar-online.rs\/ro\/wp-json\/wp\/v2\/product_cat?post=3696"},{"taxonomy":"product_tag","embeddable":true,"href":"https:\/\/apotekar-online.rs\/ro\/wp-json\/wp\/v2\/product_tag?post=3696"}],"curies":[{"name":"wp","href":"https:\/\/api.w.org\/{rel}","templated":true}]}}