{"id":3717,"date":"2023-07-29T08:34:39","date_gmt":"2023-07-29T10:34:39","guid":{"rendered":"https:\/\/apotekar-online.rs\/?post_type=product&#038;p=3717"},"modified":"2026-03-05T08:32:48","modified_gmt":"2026-03-05T10:32:48","slug":"pantenol-crema-gel-40ml","status":"publish","type":"product","link":"https:\/\/apotekar-online.rs\/ro\/p\/panthenol-krem-gel-40ml\/","title":{"rendered":"Panthenol crema gel 40 ml"},"content":{"rendered":"","protected":false},"excerpt":{"rendered":"<p>Textura placuta si usoara a gelului crema Panthenol nu ingrasa pielea. Hidrateaz\u0103 pielea \u0219i o face moale, neted\u0103 \u0219i elastic\u0103. Concentratia mare de pantenol favorizeaza calmarea, regenerarea iritatiilor si deteriorarea minora a stratului de suprafata al pielii.Recomandat pentru: ingrijirea zilnica a fetei si a corpului, calmant iritatii, ambalaj ideal pentru genti si calatorii.<\/p>\n<p><strong>Tip de piele<\/strong>: pentru toate tipurile.<\/p>\n<p>100 g de crem\u0103 gel con\u021bin:<\/p>\n<ul>\n<li>d-pantenol 5 g,<\/li>\n<li>vitamina E 0,5 g.<\/li>\n<\/ul>\n<p><strong>Ambalare:<\/strong>\u00a0\u00a0tub (40 ml)<\/p>\n<p><strong>Not\u0103:<\/strong>\u00a0Ne str\u0103duim s\u0103 fim c\u00e2t mai precisi \u00een descrierea tuturor produselor, dar nu putem garanta c\u0103 toate descrierile sunt complete \u0219i f\u0103r\u0103 erori. Multumesc pentru intelegere.<br \/>\nToate articolele afi\u0219ate pe site fac parte din oferta noastr\u0103, dar nu \u00eenseamn\u0103 c\u0103 sunt disponibile \u00een orice moment.<\/p>","protected":false},"featured_media":3718,"template":"","meta":[],"product_brand":[],"product_cat":[547,3054,178,177],"product_tag":[981,802,623,567,227,980,209],"class_list":{"0":"post-3717","1":"product","2":"type-product","3":"status-publish","4":"has-post-thumbnail","6":"product_cat-kozmetika-i-nega-za-odrasle","7":"product_cat-akcija","8":"product_cat-nega-lica","9":"product_cat-nega-tela","10":"product_tag-hrani-kozu","11":"product_tag-iritacija","12":"product_tag-pantenol","13":"product_tag-regeneracija","14":"product_tag-suva-koza","15":"product_tag-sve-tipove-koze","16":"product_tag-vitamin-e","17":"pa_brend-crystal-derma","19":"first","20":"instock","21":"shipping-taxable","22":"purchasable","23":"product-type-simple"},"ams_default_variation_id":0,"ams_product_points_reward":[],"ams_product_discount_percentage":0,"ams_price_to_display":324,"ams_acf":[],"jetpack_sharing_enabled":true,"_links":{"self":[{"href":"https:\/\/apotekar-online.rs\/ro\/wp-json\/wp\/v2\/product\/3717","targetHints":{"allow":["GET"]}}],"collection":[{"href":"https:\/\/apotekar-online.rs\/ro\/wp-json\/wp\/v2\/product"}],"about":[{"href":"https:\/\/apotekar-online.rs\/ro\/wp-json\/wp\/v2\/types\/product"}],"wp:featuredmedia":[{"embeddable":true,"href":"https:\/\/apotekar-online.rs\/ro\/wp-json\/wp\/v2\/media\/3718"}],"wp:attachment":[{"href":"https:\/\/apotekar-online.rs\/ro\/wp-json\/wp\/v2\/media?parent=3717"}],"wp:term":[{"taxonomy":"product_brand","embeddable":true,"href":"https:\/\/apotekar-online.rs\/ro\/wp-json\/wp\/v2\/product_brand?post=3717"},{"taxonomy":"product_cat","embeddable":true,"href":"https:\/\/apotekar-online.rs\/ro\/wp-json\/wp\/v2\/product_cat?post=3717"},{"taxonomy":"product_tag","embeddable":true,"href":"https:\/\/apotekar-online.rs\/ro\/wp-json\/wp\/v2\/product_tag?post=3717"}],"curies":[{"name":"wp","href":"https:\/\/api.w.org\/{rel}","templated":true}]}}