{"id":3723,"date":"2023-07-31T06:20:49","date_gmt":"2023-07-31T08:20:49","guid":{"rendered":"https:\/\/apotekar-online.rs\/?post_type=product&#038;p=3723"},"modified":"2026-03-05T08:15:02","modified_gmt":"2026-03-05T10:15:02","slug":"cink-cink-glukonat-30-tableta","status":"publish","type":"product","link":"https:\/\/apotekar-online.rs\/ro\/p\/cink-cink-glukonat-30-tableta\/","title":{"rendered":"Zinc - gluconat de zinc 30 comprimate"},"content":{"rendered":"","protected":false},"excerpt":{"rendered":"<p>Cink je esencijalni mineral, ima ga u maloj koli\u010dini u zemljinoj kori. U hrani ga naj\u010de\u0161\u0107e nalazimo u namirnicama \u017eivotinjskog, a manje u namirnicama biljnog porekla. Jako je bitan za funkcionisanje \u010ditavog organizma, a kako ga organizam ne sinteti\u0161e, moramo ga unositi putem hrane i suplemenata, posebno u zimskom periodu.<\/p>\n<p>Cink se u organizmu nalazi u malim koli\u010dinama, oko 2 ili 3 gr. Ali ba\u0161 zbog toga i mali deficit organizam oseti. Cink u\u010destvuje u mnogim procesima u organizmu.<\/p>\n<ul>\n<li>U\u010destvuje u sintezi proteina, pa tako podsti\u010de mentalni I fizi\u010dki rast i razvoj.<\/li>\n<li>Doprinosi ja\u010danju imuniteta i otpornosti organizma, smanjuje mogu\u010dnost prehlade. Vitamin A pospe\u0161uje resorpciju Cinka, a u kombinaciji sa vitaminom C je odli\u010dan izbor za prevenciju prehlada.<\/li>\n<li>U mozgu se pona\u0161a kao modulator i ima umiruju\u0107e efekte, samim tim nedostatak izaziva nervozu, depresiju, slabu koncentraciju, lo\u0161e pam\u0107enje\u2026<\/li>\n<li>Zna\u010dajan je za regulaciju hormona, pa je jako bitno uzimati ga u reproduktivnom periodu i \u017eena i mu\u0161karaca jer uti\u010de i na lu\u010denje testosterona i pokretljivost spermatozoida. Tako\u0111e od su\u0161tinske je va\u017enosti za pravilan rast i razvoj bebe. Najnovija istra\u017eivanja dokazuju da dovoljan unos cinka u trudno\u0107i smanjuje rizik od prevremenog poro\u0111aja.<\/li>\n<li>Spre\u010dava opadanje kose, a ko\u017eu \u010dini sve\u017eom i zdravom. Nedostatak mo\u017ee biti i razlog pojave peruti, opadanja kose, pucanja i listanja noktiju.<\/li>\n<li>Kao jak antioksidans bitan je za zdravlje oka.<\/li>\n<li>Sastavni je deo ko\u0161tanog sistema, pa je jako bitno uzimati ga u menopauzi jer smanjuje rizik od osteoporoze. Ovde je bitno napomenuti da se Cink i Kalcijum trebaju uzimati odvojeno jer \u0107e se tako bolje resorbovati, dok recimo vitamin C pospe\u0161uje resorpciju cinka.<\/li>\n<li>Ubrzava zarastanje rana, regeneraciju tkiva, poma\u017eekod opekotina i posle hirur\u0161kih intervencija.<\/li>\n<\/ul>\n<h2><strong>Kako prepoznati deficit cinka i na koje simptome trebamo reagovati?<\/strong><\/h2>\n<section>\n<div>\n<ul>\n<li>Slab imunitet, \u010deste respiratorne infekcije.<\/li>\n<li>Iscrpljenost i hroni\u010dni umor<\/li>\n<li>Ote\u017eano zarastanje rana i promene na ko\u017ei, preosetljivost na bol, zadr\u017eavanje modrica i po nekoliko dana.<\/li>\n<li>Te\u017ee prilago\u0111avanje na mrak.<\/li>\n<li>Poreme\u0107aj ukusa, gubitak apetita i \u010deste mu\u010dnine, mr\u0161avljenje.<\/li>\n<li>\u010cesta nervna napetost, nervoza, slaba koncentracija, lo\u0161e pam\u0107enje i zaboravnost.<\/li>\n<li>\u010ceste dijareje i nervozna creva.<\/li>\n<li>Opadanje kose i pojava peruti, nokti su krti i lako pucaju i listaju se.<\/li>\n<li>Ko\u017ea je suva i dehidrirana.<\/li>\n<\/ul>\n<p>Jedna tableta sadr\u017ei 7 mg cinka (cink glukonat).<\/p>\n<p><strong class=\"type\">Utilizarea<\/strong><\/p>\n<div class=\"value\">\n<p>Deca iznad 4 godina:\u00a01 tableta dnevno, uz obrok.<\/p>\n<p>Odrasli:\u00a01 &#8211; 2 tablete dnevno uz obrok.<\/p>\n<\/div>\n<\/div>\n<\/section>\n<div><\/div>\n<div><strong>Not\u0103:<\/strong>\u00a0Ne str\u0103duim s\u0103 fim c\u00e2t mai precisi \u00een descrierea tuturor produselor, dar nu putem garanta c\u0103 toate descrierile sunt complete \u0219i f\u0103r\u0103 erori. Multumesc pentru intelegere.<br \/>\nToate articolele afi\u0219ate pe site fac parte din oferta noastr\u0103, dar nu \u00eenseamn\u0103 c\u0103 sunt disponibile \u00een orice moment.<\/div>\n<section>\n<div>\n<div><\/div>\n<\/div>\n<\/section>","protected":false},"featured_media":3724,"template":"","meta":[],"product_brand":[],"product_cat":[78,983],"product_tag":[620,185,989,179,990,991,992],"class_list":{"0":"post-3723","1":"product","2":"type-product","3":"status-publish","4":"has-post-thumbnail","6":"product_cat-vitamini-i-minerali","7":"product_cat-sve-za-100-dinara","8":"product_tag-antioksidans","9":"product_tag-cink","10":"product_tag-esencijalni-mineral","11":"product_tag-imunitet","12":"product_tag-nervoza","13":"product_tag-opadanje-kose","14":"product_tag-ubrzava-zarasanje-rana","15":"pa_brend-zdravlje-lek","17":"first","18":"outofstock","19":"shipping-taxable","20":"purchasable","21":"product-type-simple"},"ams_default_variation_id":0,"ams_product_points_reward":[],"ams_product_discount_percentage":0,"ams_price_to_display":100,"ams_acf":[],"jetpack_sharing_enabled":true,"_links":{"self":[{"href":"https:\/\/apotekar-online.rs\/ro\/wp-json\/wp\/v2\/product\/3723","targetHints":{"allow":["GET"]}}],"collection":[{"href":"https:\/\/apotekar-online.rs\/ro\/wp-json\/wp\/v2\/product"}],"about":[{"href":"https:\/\/apotekar-online.rs\/ro\/wp-json\/wp\/v2\/types\/product"}],"wp:featuredmedia":[{"embeddable":true,"href":"https:\/\/apotekar-online.rs\/ro\/wp-json\/wp\/v2\/media\/3724"}],"wp:attachment":[{"href":"https:\/\/apotekar-online.rs\/ro\/wp-json\/wp\/v2\/media?parent=3723"}],"wp:term":[{"taxonomy":"product_brand","embeddable":true,"href":"https:\/\/apotekar-online.rs\/ro\/wp-json\/wp\/v2\/product_brand?post=3723"},{"taxonomy":"product_cat","embeddable":true,"href":"https:\/\/apotekar-online.rs\/ro\/wp-json\/wp\/v2\/product_cat?post=3723"},{"taxonomy":"product_tag","embeddable":true,"href":"https:\/\/apotekar-online.rs\/ro\/wp-json\/wp\/v2\/product_tag?post=3723"}],"curies":[{"name":"wp","href":"https:\/\/api.w.org\/{rel}","templated":true}]}}