{"id":3806,"date":"2023-08-03T09:19:54","date_gmt":"2023-08-03T11:19:54","guid":{"rendered":"https:\/\/apotekar-online.rs\/?post_type=product&#038;p=3806"},"modified":"2026-03-05T08:14:21","modified_gmt":"2026-03-05T10:14:21","slug":"exoderil-solutie-pentru-ten-1-10ml","status":"publish","type":"product","link":"https:\/\/apotekar-online.rs\/ro\/p\/exoderil-rastvor-za-kozu-1-10ml\/","title":{"rendered":"Exoderil solu\u021bie pentru piele 1% 10ml"},"content":{"rendered":"","protected":false},"excerpt":{"rendered":"<p><b><strong>Distribu\u021bia acestui medicament pe Internet este strict interzis\u0103 \u0219i reglementat\u0103 de legile Republicii Serbia, \u00een timp ce prezentarea lui pe Internet este permis\u0103, exclusiv \u00een scopul inform\u0103rii publicului larg \u0219i profesional cu privire la scopul s\u0103u \u0219i o mai bun\u0103 familiarizare cu caracteristicile de baz\u0103 ale medicamentului \u00een sine.<\/strong><\/b><\/p>\n<p><strong>Citi\u021bi cu aten\u021bie aceast\u0103 instruc\u021biune \u00eenainte de a \u00eencepe s\u0103 utiliza\u021bi acest medicament, deoarece con\u021bine<\/strong><br \/>\n<strong>informa\u021bii care sunt importante pentru dvs.<\/strong><br \/>\nUtiliza\u021bi \u00eentotdeauna acest medicament exact a\u0219a cum este men\u021bionat \u00een aceste instruc\u021biuni sau a\u0219a cum v-a explicat medicul dumneavoastr\u0103<br \/>\nmedic sau farmacist.<br \/>\n\uf02d Salva\u021bi instruc\u021biunile. Este posibil s\u0103 fie nevoie s\u0103-l citi\u021bi din nou.<br \/>\n\uf02d Dac\u0103 ave\u021bi \u00eentreb\u0103ri suplimentare sau ave\u021bi nevoie de sfaturi, contacta\u021bi-v\u0103 farmacistul.<br \/>\n\uf02d Dac\u0103 prezenta\u0163i orice reac\u0163ii adverse, adresa\u0163i-v\u0103 medicului dumneavoastr\u0103 sau farmacistului. Acest<br \/>\ninclude orice reac\u021bii adverse care nu sunt enumerate \u00een acest ghid. Vezi sec\u021biunea 4.<br \/>\n\uf02d Dac\u0103 nu v\u0103 sim\u0163i\u0163i mai bine sau v\u0103 sim\u0163i\u0163i mai r\u0103u timp de 4 s\u0103pt\u0103m\u00e2ni, trebuie s\u0103 v\u0103 adresa\u0163i medicului dumneavoastr\u0103 sau<br \/>\nfarmacist.<br \/>\n\u00cen acest ghid ve\u021bi citi:<br \/>\n1. Ce este Exoderil \u0219i pentru ce este?<br \/>\n2. Ce trebuie s\u0103 \u0219ti\u021bi \u00eenainte de a utiliza Exoderil<br \/>\n3. Cum se administreaz\u0103 Exoderil<br \/>\n4. Reac\u021bii adverse posibile<br \/>\n5. Cum se p\u0103streaz\u0103 Exoderil<br \/>\n6. Con\u021binutul pachetului \u0219i alte informa\u021bii<\/p>\n<p>1. <strong>Ce este Exoderil \u0219i pentru ce este?<\/strong><br \/>\nMedicamentul Exoderil, 10 mg\/ml, solu\u021bie pentru piele este destinat uzului extern la adul\u021bi, con\u021bine substan\u021be active.<br \/>\nsubstan\u021ba clorhidrat de naftifin\u0103 \u0219i este utilizat\u0103 pentru a trata infec\u021biile fungice ale pielii picioarelor. Medicamentul Exoderil este<br \/>\neficient \u00een tratarea ciupercilor pielii, drojdiei, mucegaiului \u0219i a altor ciuperci. De asemenea, este eficient \u00een tratarea infec\u021biilor<br \/>\ncauzate de un num\u0103r mare de bacterii care apar adesea \u00eempreun\u0103 cu o infec\u021bie fungic\u0103 la om.<br \/>\nMedicamentul Exoderil, 10 mg\/mL, solu\u021bie pentru piele este utilizat \u00een tratamentul infec\u021biilor fungice ale pielii picioarelor, \u00een special<br \/>\n\u00eentre degete \u0219i pe t\u0103lpile picioarelor (recunoscute prin ro\u0219ea\u021b\u0103, exfoliere, umflarea pielii \u0219i formarea de vezicule care sunt<br \/>\n\u00eenso\u0163it\u0103 de m\u00e2nc\u0103rime).<br \/>\n2. <strong>Ce trebuie s\u0103 \u0219ti\u021bi \u00eenainte de a utiliza Exoderil<\/strong><\/p>\n<p>Exoderil nu trebuie utilizat:<br \/>\n- dac\u0103 sunte\u021bi alergic (hipersensibil) la clorhidrat de naftifin\u0103, propilenglicol sau la oricare dintre excipien\u021bi<br \/>\nsubstan\u021be ale acestui medicament (enumerate la punctul 6).<br \/>\n<strong>Avertismente \u0219i precau\u021bii<\/strong><br \/>\nDiscuta\u021bi cu medicul dumneavoastr\u0103 sau cu farmacistul \u00eenainte de a utiliza Exoderil.<br \/>\nMedicamentul Exoderil, 10 mg\/mL, solu\u021bie pentru piele este destinat numai uzului extern \u0219i nu trebuie s\u0103 intre \u00een contact cu<br \/>\ncu ochii.<br \/>\nSolu\u021bia nu trebuie aplicat\u0103 pe r\u0103nile deschise ale pielii, deoarece con\u021bine alcool, care poate provoca durere<br \/>\nsenzatie arzatoare<br \/>\nDac\u0103 simptomele nu trec sau terapia nu este eficient\u0103 conform a\u0219tept\u0103rilor dup\u0103 4 s\u0103pt\u0103m\u00e2ni de tratament, este necesar s\u0103<br \/>\nconsulta\u021bi un medic c\u00e2t mai cur\u00e2nd posibil.<br \/>\n<strong>Alte medicamente \u0219i medicamentul Exoderil<\/strong><br \/>\nInforma\u021bi medicul dumneavoastr\u0103 \u0219i farmacistul dac\u0103 \u00eel utiliza\u021bi, l-a\u021bi folosit recent sau \u00eel pute\u021bi utiliza<br \/>\naplica\u021bi orice alte medicamente.<br \/>\n<strong>Sarcina \u0219i al\u0103ptarea<\/strong><br \/>\nDac\u0103 sunte\u021bi gravid\u0103 sau al\u0103pta\u021bi, crede\u021bi c\u0103 sunte\u021bi gravid\u0103 sau inten\u021biona\u021bi s\u0103 r\u0103m\u00e2ne\u021bi gravid\u0103, adresa\u021bi-v\u0103 medicului dumneavoastr\u0103 sau<br \/>\nfarmacistului pentru sfaturi \u00eenainte de a utiliza acest medicament.<br \/>\nCa m\u0103sur\u0103 de precau\u021bie, se recomand\u0103 evitarea utiliz\u0103rii acestui medicament \u00een timpul sarcinii \u0219i al\u0103pt\u0103rii.<br \/>\n<strong>Conducerea vehiculelor \u0219i operarea ma\u0219inilor<\/strong><br \/>\nMedicamentul Exoderil nu are efect asupra capacit\u0103\u021bii de a conduce vehicule sau de a folosi utilaje.<br \/>\nMedicamentul Exoderil, 10 mg\/ml, solu\u021bie pentru piele con\u021bine etanol \u0219i propilenglicol<br \/>\nAcest medicament con\u021bine etanol \u0219i, prin urmare, nu trebuie s\u0103 intre \u00een contact cu ochii \u0219i nu trebuie aplicat pe r\u0103ni deschise.<br \/>\npielea.<br \/>\nAcest medicament con\u021bine propilenglicol care poate provoca irita\u021bii ale pielii.<\/p>\n<p>3.<strong> Cum se utilizeaz\u0103 medicamentul Exoderil<\/strong><br \/>\nUtiliza\u021bi \u00eentotdeauna acest medicament exact a\u0219a cum este men\u021bionat \u00een aceste instruc\u021biuni sau a\u0219a cum v-a explicat medicul dumneavoastr\u0103<br \/>\nmedic sau farmacist. Dac\u0103 nu sunte\u021bi sigur, consulta\u021bi medicul sau farmacistul.<br \/>\nDac\u0103 nu este prescris altfel, aplica\u021bi doza de medicament conform indica\u021biilor.<br \/>\nMedicamentul Exoderil, 10 g\/mL, solu\u021bie pentru piele trebuie aplicat o dat\u0103 pe zi pe pielea curat\u0103 \u0219i bine uscat\u0103.<br \/>\nafectate de schimb\u0103ri.<br \/>\nCopii \u0219i adolescen\u021bi: siguran\u021ba \u0219i eficacitatea naftifinei la copii \u0219i adolescen\u021bi cu v\u00e2rsta sub 18 ani nu sunt \u00eenc\u0103 stabilite<br \/>\nmereu fix. Nici o informatie disponibila.<br \/>\nPacien\u021bi cu insuficien\u021b\u0103 hepatic\u0103 sau renal\u0103: nu este necesar\u0103 ajustarea dozei.<br \/>\nPacien\u021bi v\u00e2rstnici: nu este necesar\u0103 ajustarea dozei.<br \/>\n<strong>Durata terapiei<\/strong><br \/>\nIndiferent de ameliorarea rapid\u0103 a simptomelor (m\u00e2nc\u0103rime, arsur\u0103 etc.), este important s\u0103 se continue tratamentul ciupercii<br \/>\ninfec\u021bii ale pielii \u0219i \u00een urm\u0103toarele dou\u0103 s\u0103pt\u0103m\u00e2ni dup\u0103 rezolvarea tuturor simptomelor bolii, pentru a asigura<br \/>\nvindecare permanent\u0103.<br \/>\nDac\u0103 simptomele nu se amelioreaz\u0103 \u00een decurs de 4 s\u0103pt\u0103m\u00e2ni de la \u00eenceperea tratamentului cu Exoderil 10 mg\/ml<br \/>\nsolu\u021bie pentru piele, consulta\u021bi medicul.<br \/>\n<strong>Mod de aplicare<\/strong><br \/>\nMedicamentul Exoderil, 10 mg\/ml, solu\u021bie pentru piele trebuie aplicat exclusiv pe piele.<br \/>\nO cantitate suficient\u0103 de solu\u021bie trebuie aplicat\u0103 direct din sticl\u0103 sau cu o minge de bumbac. Aplica\u021bi astfel \u00eenc\u00e2t s\u0103 fie afectat<br \/>\nlocul, precum \u0219i zona din jurul pielii bolnave, umezi\u021bi bine cu solu\u021bia.<br \/>\nMedicamentul Exoderil 10 mg\/mL solu\u021bie pentru piele nu trebuie s\u0103 intre \u00een contact cu ochii \u0219i nu trebuie aplicat pe membrana mucoas\u0103.<br \/>\nPentru a ob\u021bine o vindecare mai rapid\u0103, v\u0103 rug\u0103m s\u0103 acorda\u021bi aten\u021bie urm\u0103toarelor recomand\u0103ri pentru tratamentul infec\u021biilor fungice<br \/>\ninfec\u021bie (micoz\u0103):<br \/>\n1. Microorganismele care sunt responsabile de apari\u021bia infec\u021biilor fungice pot adera la \u00eembr\u0103c\u0103mintea care vine \u00een<br \/>\ncontactul cu pielea infectat\u0103. Prin urmare, este necesar s\u0103 v\u0103 schimba\u021bi hainele \u00een fiecare zi.<br \/>\n2. O suprafa\u021b\u0103 a pielii nedeteriorat\u0103 \u0219i, mai presus de toate, uscat\u0103 ofer\u0103 cea mai bun\u0103 protec\u021bie \u00eempotriva infec\u021biilor fungice. Din cauza<br \/>\neste necesar s\u0103 se evite \u00eembr\u0103c\u0103mintea str\u00e2mt\u0103 sau \u00eembr\u0103c\u0103mintea care \u00eempiedic\u0103 circula\u021bia aerului (de exemplu, \u0219osete sintetice<br \/>\nmaterial \u00een pantofi str\u00e2m\u021bi). De asemenea, este necesar s\u0103 usca\u021bi bine p\u0103r\u021bile afectate ale pielii dup\u0103 sp\u0103lare. S\u0103 utiliza\u021bi<br \/>\ndoar propriile haine \u0219i prosoape \u0219i nu le \u00eemp\u0103rt\u0103\u0219i\u021bi altora pentru a preveni r\u0103sp\u00e2ndirea infec\u021biei. Prosoape de fa\u021b\u0103 \u0219i<br \/>\nprosoapele trebuie schimbate zilnic...<br \/>\n3. Dac\u0103 ave\u021bi o infec\u021bie fungic\u0103 a picioarelor, nu v\u0103 plimba\u021bi descul\u021b prin cas\u0103, \u00een baie sau, de exemplu, \u00een camera de hotel<br \/>\ncamer\u0103. Acest lucru va preveni r\u0103sp\u00e2ndirea \u00een continuare a microorganismelor \u0219i, mai ales, va preveni reinfectarea.<br \/>\n4<strong>. <\/strong>Nu merge\u021bi la saun\u0103 sau la baia turceasc\u0103 p\u00e2n\u0103 nu a\u021bi vindecat infec\u021bia cu drojdie.<br \/>\nDac\u0103 a\u021bi utilizat mai mult Exoderil dec\u00e2t trebuie<br \/>\nDac\u0103 a\u021bi utilizat mai mult Exoderil dec\u00e2t ar trebui, nu sunt de a\u0219teptat s\u0103 apar\u0103 situa\u021bii care pun via\u021ba \u00een pericol.<br \/>\nDac\u0103 \u00eenghi\u021bi\u021bi accidental o parte din solu\u021bie, informa\u021bi medicul dumneavoastr\u0103 care v\u0103 va sf\u0103tui ce s\u0103 face\u021bi.<br \/>\nSe recomand\u0103 o terapie simptomatic\u0103 adecvat\u0103.<\/p>\n<p><strong>Dac\u0103 uita\u0163i s\u0103 lua\u0163i Exoderil<\/strong><br \/>\nDac\u0103 uita\u021bi s\u0103 aplica\u021bi solu\u021bia, aplica\u021bi-o c\u00e2t mai cur\u00e2nd posibil \u0219i continua\u021bi cu aplicarea obi\u0219nuit\u0103. daca iti amintesti<br \/>\nnumai la momentul urm\u0103toarei cereri, aplica\u021bi suma obi\u0219nuit\u0103 \u0219i continua\u021bi cu aplicarea.<br \/>\n\u00cencerca\u021bi s\u0103 aplica\u021bi solu\u021bia a\u0219a cum este prescris. Acest lucru este important deoarece omiterea unei doze presupune un risc<br \/>\nreapari\u021bia infec\u021biei.<br \/>\nDac\u0103 \u00eenceta\u021bi brusc s\u0103 lua\u021bi Exoderil<br \/>\nPentru a preveni reapari\u021bia infec\u021biei, este foarte important s\u0103 continua\u021bi tratamentul cu Exoderil timp de doi ani.<br \/>\ns\u0103pt\u0103m\u00e2ni dup\u0103 ce simptomele infec\u021biei s-au diminuat.<br \/>\nDac\u0103 ave\u021bi orice \u00eentreb\u0103ri suplimentare cu privire la utilizarea acestui medicament, adresa\u021bi-v\u0103 medicului dumneavoastr\u0103 sau farmacistului.<br \/>\n4. <strong>Reac\u021bii adverse posibile<\/strong><br \/>\nCa toate medicamentele, acest medicament poate provoca reac\u021bii adverse, cu toate c\u0103 nu apar la toate persoanele.<br \/>\npacien\u0163ii care iau acest medicament.<br \/>\nPoate exista o reac\u021bie la locul de aplicare a medicamentului, cum ar fi o senza\u021bie de usc\u0103ciune, ro\u0219ea\u021b\u0103 \u0219i arsur\u0103. Acest<br \/>\nde obicei nu necesit\u0103 \u00eentreruperea terapiei, cu excep\u021bia cazurilor rare. Efectele adverse dispar dup\u0103 \u00eentreruperea tratamentului<br \/>\nterapie.<br \/>\n<strong>Raportarea reac\u021biilor adverse<\/strong><br \/>\nDac\u0103 ave\u021bi orice reac\u021bie nedorit\u0103, trebuie s\u0103 v\u0103 informa\u021bi medicul sau farmacistul sau<br \/>\nasistent medical. Aceasta include orice posibile efecte secundare care nu sunt enumerate \u00een acest ghid.<br \/>\nPrin raportarea reac\u021biilor adverse, pute\u021bi contribui la evaluarea siguran\u021bei acestui medicament. \u00cendoial\u0103<br \/>\nPute\u021bi raporta reac\u021biile adverse Agen\u021biei pentru Medicamente \u0219i Dispozitive Medicale din Serbia (ALIMS):<br \/>\nAgen\u021bia pentru Medicamente \u0219i Dispozitive Medicale din Serbia<br \/>\nCentrul Na\u021bional de Farmacovigilen\u021b\u0103<br \/>\nVojvode Stepe 458, 11221 Belgrad<br \/>\nRepublica Serbia<br \/>\nsite: www.alims.gov.rs<br \/>\ne-mail: nezeljene.reakcije@alims.gov.rs<br \/>\n5.<strong> Cum se p\u0103streaz\u0103 Exoderil<\/strong><br \/>\nNu l\u0103sa\u021bi medicamentul la vederea \u0219i \u00eendem\u00e2na copiilor.<br \/>\nData expir\u0103rii<br \/>\nNu trebuie s\u0103 utiliza\u021bi medicamentul Exoderil dup\u0103 data de expirare indicat\u0103 pe ambalajul exterior<br \/>\n&quot;Valabil p\u00e2n\u0103 la&quot;. Data de expirare se refer\u0103 la ultima zi a lunii specificate.<br \/>\nA se p\u0103stra medicamentul nedeschis la o temperatur\u0103 de p\u00e2n\u0103 la 30\u00baC.<br \/>\nDup\u0103 prima deschidere, p\u0103stra\u021bi medicamentul timp de 6 luni la o temperatur\u0103 de p\u00e2n\u0103 la 25\u00baC.<br \/>\nMedicamentele inutilizabile se predau farmaciei unde se afi\u0219eaz\u0103 anun\u021bul c\u0103 urmeaz\u0103 s\u0103 fie ridicate \u00een farmacia respectiv\u0103.<br \/>\nmedicamente inutilizabile de la cet\u0103\u021beni. Medicamentele inutilizabile nu trebuie aruncate \u00een canalizare sau \u00eempreun\u0103 cu<br \/>\ndeseuri municipale. Aceste m\u0103suri vor ajuta la protejarea mediului.<\/p>\n<p>6<strong>. Con\u021binutul pachetului \u0219i alte informa\u021bii<\/strong><br \/>\nCe con\u021bine Exoderil<br \/>\n\uf02d Substan\u021ba activ\u0103 este clorhidratul de naftifin\u0103.<br \/>\n1 ml de solu\u021bie con\u021bine 10 mg clorhidrat de naftifin\u0103<br \/>\n\uf02d Substantele auxiliare sunt: etanolul; propilen glicol; apa, purificata.<br \/>\nCum arat\u0103 Exoderil \u0219i con\u021binutul ambalajului<br \/>\nMedicamentul Exoderil, solu\u021bie pentru piele este o solu\u021bie limpede, incolor\u0103 p\u00e2n\u0103 la galben deschis, cu miros de etanol.<br \/>\nAmbalajul interior este o sticl\u0103 de sticl\u0103 \u00eenchis\u0103 la culoare (tip III) cu picur\u0103tor din polietilen\u0103 \u0219i polietilen\u0103<br \/>\ncapac cu inel de siguran\u021b\u0103 care con\u021bine 10 ml de solu\u021bie pentru piele.<br \/>\nAmbalajul exterior este o cutie de carton pliabil\u0103 care con\u021bine 1 flacon de 10 ml solu\u021bie pentru piele (1 x<br \/>\n10 ml) \u0219i Instruc\u021biuni pentru medicament.<br \/>\n<strong>De\u021bin\u0103torul licen\u021bei \u0219i produc\u0103torii<\/strong><br \/>\n<strong>Titularul licen\u021bei:<\/strong><br \/>\nBIROUL REPREZENTANT AL SANDOZ PHARMACEUTICALS DD BELGRAD<br \/>\nKneginje Zorke 2, Belgrad<br \/>\nProduc\u0103tori:<br \/>\nSANDOZ GMBH<br \/>\nBiochemiestrasse 10, Kundl, Austria<br \/>\nSOCIETATEA FARMACEUTIC\u0102 LEK DD<br \/>\nVerov\u0161kova 57, Ljubljana, Slovenia<br \/>\n<strong>Not\u0103:<\/strong><br \/>\nInstruc\u021biunile tip\u0103rite pentru medicament \u00een ambalajul specific al medicamentului trebuie s\u0103 indice clar produc\u0103torul<br \/>\nresponsabil de punerea \u00een circula\u021bie a exact acel lot de medicament \u00een cauz\u0103, adic\u0103. pentru a specifica numai acel produc\u0103tor, a<br \/>\nl\u0103sa\u021bi-i pe ceilal\u021bi afar\u0103.<br \/>\nAceast\u0103 instruc\u021biune a fost aprobat\u0103 ultima dat\u0103<br \/>\nSeptembrie, 2020<br \/>\n<strong>Mod de administrare a medicamentului:<\/strong><br \/>\nMedicamentul este eliberat f\u0103r\u0103 prescrip\u021bie medical\u0103.<br \/>\n<strong>Num\u0103rul \u0219i data licen\u021bei:<\/strong><br \/>\n515-01-04456-19-001 din 16.09.2020<\/p>\n<p><strong>Not\u0103:<\/strong>\u00a0Ne str\u0103duim s\u0103 fim c\u00e2t mai precisi \u00een descrierea tuturor produselor, dar nu putem garanta c\u0103 toate descrierile sunt complete \u0219i f\u0103r\u0103 erori. Multumesc pentru intelegere.<br \/>\nToate articolele afi\u0219ate pe site fac parte din oferta noastr\u0103, dar nu \u00eenseamn\u0103 c\u0103 sunt disponibile \u00een orice moment.<\/p>\n<p>&nbsp;<\/p>","protected":false},"featured_media":3807,"template":"","meta":[],"product_brand":[],"product_cat":[777],"product_tag":[943,1056,1055],"class_list":{"0":"post-3806","1":"product","2":"type-product","3":"status-publish","4":"has-post-thumbnail","6":"product_cat-proizvodi-koji-se-izdaju-bez-recepta","7":"product_tag-gljivice","8":"product_tag-rastvor-za-kozu","9":"product_tag-svrab","10":"pa_brend-sandoz","12":"first","13":"instock","14":"shipping-taxable","15":"product-type-simple"},"ams_default_variation_id":0,"ams_product_points_reward":[],"ams_product_discount_percentage":0,"ams_price_to_display":0,"ams_acf":[],"jetpack_sharing_enabled":true,"_links":{"self":[{"href":"https:\/\/apotekar-online.rs\/ro\/wp-json\/wp\/v2\/product\/3806","targetHints":{"allow":["GET"]}}],"collection":[{"href":"https:\/\/apotekar-online.rs\/ro\/wp-json\/wp\/v2\/product"}],"about":[{"href":"https:\/\/apotekar-online.rs\/ro\/wp-json\/wp\/v2\/types\/product"}],"wp:featuredmedia":[{"embeddable":true,"href":"https:\/\/apotekar-online.rs\/ro\/wp-json\/wp\/v2\/media\/3807"}],"wp:attachment":[{"href":"https:\/\/apotekar-online.rs\/ro\/wp-json\/wp\/v2\/media?parent=3806"}],"wp:term":[{"taxonomy":"product_brand","embeddable":true,"href":"https:\/\/apotekar-online.rs\/ro\/wp-json\/wp\/v2\/product_brand?post=3806"},{"taxonomy":"product_cat","embeddable":true,"href":"https:\/\/apotekar-online.rs\/ro\/wp-json\/wp\/v2\/product_cat?post=3806"},{"taxonomy":"product_tag","embeddable":true,"href":"https:\/\/apotekar-online.rs\/ro\/wp-json\/wp\/v2\/product_tag?post=3806"}],"curies":[{"name":"wp","href":"https:\/\/api.w.org\/{rel}","templated":true}]}}