{"id":3819,"date":"2023-08-03T11:14:41","date_gmt":"2023-08-03T13:14:41","guid":{"rendered":"https:\/\/apotekar-online.rs\/?post_type=product&#038;p=3819"},"modified":"2026-03-05T08:14:20","modified_gmt":"2026-03-05T10:14:20","slug":"presare-tableta-a10","status":"publish","type":"product","link":"https:\/\/apotekar-online.rs\/ro\/p\/pressing-tablete-a10\/","title":{"rendered":"Tablete de presare a10"},"content":{"rendered":"","protected":false},"excerpt":{"rendered":"<h4><b><strong>Distribu\u021bia acestui medicament pe Internet este strict interzis\u0103 \u0219i reglementat\u0103 de legile Republicii Serbia, \u00een timp ce prezentarea lui pe Internet este permis\u0103, exclusiv \u00een scopul inform\u0103rii publicului larg \u0219i profesional cu privire la scopul s\u0103u \u0219i o mai bun\u0103 familiarizare cu caracteristicile de baz\u0103 ale medicamentului \u00een sine.<\/strong><\/b><\/h4>\n<p>PUTE\u021aI VIZIONA REGULAMENTUL PRIVIND METODA MEDICAMENTULUI PUBLICIT\u0102\u021aI, PRIVIND MEDICINA (\u201eSl. Gl. RS\u201d, nr. 79\/2010)\u00a0<a href=\"http:\/\/www.alims.gov.rs\/ciril\/files\/2012\/06\/p-oglasavanje-79-2010.pdf\">AICI<\/a>.<\/p>\n<p><b><strong>Citi\u021bi cu aten\u021bie acest manual, deoarece con\u021bine informa\u021bii care sunt importante pentru dvs.<br \/>\n<\/strong><\/b>Acest medicament poate fi ob\u021binut f\u0103r\u0103 prescrip\u021bie medical\u0103. Cu toate acestea, este necesar s\u0103 utiliza\u021bi medicamentul Presare cu aten\u021bie, pentru a ob\u021bine cele mai bune rezultate cu acesta.<\/p>\n<ul>\n<li>Salva\u021bi instruc\u021biunile. Este posibil s\u0103 fie nevoie s\u0103-l citi\u021bi din nou.<\/li>\n<li>Dac\u0103 mai ave\u021bi \u00eentreb\u0103ri, adresa\u021bi-v\u0103 farmacistului.<\/li>\n<li>Dac\u0103 simptomele dumneavoastr\u0103 se agraveaz\u0103 sau nu v\u0103 \u00eembun\u0103t\u0103\u021bi\u021bi, trebuie s\u0103 v\u0103 adresa\u021bi medicului dumneavoastr\u0103.<\/li>\n<li>Dac\u0103 vreo reac\u021bie advers\u0103 devine grav\u0103 sau observa\u021bi orice reac\u021bie advers\u0103 care nu este men\u021bionat\u0103 \u00een acest ghid, v\u0103 rug\u0103m s\u0103 v\u0103 informa\u021bi medicul sau farmacistul.<\/li>\n<\/ul>\n<p><b><strong>\u00cen acest ghid ve\u021bi citi:<\/strong><\/b><\/p>\n<ol>\n<li>Ce este medicamentul Pressing \u0219i pentru ce este?<\/li>\n<li>Ce trebuie s\u0103 \u0219ti\u021bi \u00eenainte de a lua medicamentul Pressing<\/li>\n<li>Cum s\u0103 lua\u021bi medicamentul Presing<\/li>\n<li>Reac\u021bii adverse posibile<\/li>\n<li>Cum se p\u0103streaz\u0103 medicamentul Presare<\/li>\n<li>Con\u021binutul pachetului \u0219i alte informa\u021bii<\/li>\n<\/ol>\n<ol>\n<li><b><strong> Ce este medicamentul Pressing \u0219i pentru ce este?<\/strong><\/b><\/li>\n<\/ol>\n<p>Medicamentul Pressing tablets apar\u021bine unui grup de medicamente cunoscute sub numele de antihistaminice (blocante ale receptorilor H1).<\/p>\n<p>Antihistaminicele ajut\u0103 la ameliorarea simptomelor alergice prin prevenirea efectelor unei substan\u021be numite histamina, care este produs\u0103 \u00een organism.<\/p>\n<p>Medicamentul Pressing tablets amelioreaz\u0103 simptomele asociate cu rinita alergic\u0103 (de exemplu, febra f\u00e2nului), caracterizat\u0103 prin str\u0103nut, secre\u021bii nazale sau m\u00e2nc\u0103rime \u0219i o senza\u021bie de irita\u021bie la nivelul nasului, arsur\u0103 sau m\u00e2nc\u0103rime a ochilor.<\/p>\n<p>Comprimatele Lek Pressing sunt, de asemenea, folosite pentru a atenua simptomele urticariei cronice idiopatice (urticarie), care se caracterizeaz\u0103 prin m\u00e2nc\u0103rime \u0219i ro\u0219ea\u021b\u0103.<\/p>\n<ol start=\"2\">\n<li><b><strong> Ce trebuie s\u0103 \u0219ti\u021bi \u00eenainte de a lua medicamentul Pressing<\/strong><\/b><\/li>\n<\/ol>\n<p><b><strong>Presarea Lek nu trebuie luat\u0103:<\/strong><\/b><\/p>\n<p>dac\u0103 ave\u0163i o alergie (hipersensibilitate) la loratadin\u0103 sau la oricare dintre excipien\u0163ii acestui medicament (vezi pct. 6. \u201eCon\u0163inutul excipien\u0163ilor\u201d).<\/p>\n<p><b><strong>Avertismente \u0219i precau\u021bii<\/strong><\/b><\/p>\n<p>Discuta\u021bi cu medicul dumneavoastr\u0103 sau cu farmacistul \u00eenainte de a lua Comprimate Pressing:<\/p>\n<ul>\n<li>dac\u0103 ave\u021bi boal\u0103 hepatic\u0103 sever\u0103<\/li>\n<li>dac\u0103 trebuie s\u0103 face\u021bi teste de alergie cutanat\u0103, nu lua\u021bi medicamentul comprimate de presare<\/li>\n<li>cu cel pu\u021bin dou\u0103 zile \u00eenainte de efectuarea acestor teste, deoarece acest medicament poate afecta rezultatele analizelor.<\/li>\n<\/ul>\n<p><b><strong>Alte medicamente \u0219i presare<\/strong><\/b><\/p>\n<p>Spune\u021bi medicului dumneavoastr\u0103 sau farmacistului dac\u0103 lua\u021bi, a\u021bi luat recent sau s-ar putea s\u0103 lua\u021bi orice alte medicamente, inclusiv cele care pot fi eliberate f\u0103r\u0103 prescrip\u021bie medical\u0103.<\/p>\n<p><b><strong>Spune\u021bi medicului dumneavoastr\u0103 dac\u0103 lua\u021bi oricare dintre urm\u0103toarele medicamente:<\/strong><\/b><\/p>\n<p>Poate s\u0103 apar\u0103 o interac\u021biune poten\u021bial\u0103 cu to\u021bi inhibitorii cunoscu\u021bi ai CYP3A4 sau CYP2D6, ceea ce duce la o cre\u0219tere a concentra\u021biilor plasmatice de loratadin\u0103 \u0219i la o posibilitate crescut\u0103 de reac\u021bii adverse.<\/p>\n<p>O cre\u0219tere a concentra\u021biei de loratadin\u0103 \u00een plasm\u0103 a fost raportat\u0103 dup\u0103 administrarea simultan\u0103 cu ketoconazol (un medicament pentru tratamentul infec\u021biilor fungice), eritromicin\u0103 (un antibiotic) \u0219i cimetidin\u0103 (un medicament pentru tratamentul ulcerului), dar f\u0103r\u0103 modific\u0103ri semnificative clinic. (inclusiv electrocardiografic)<\/p>\n<p><b><strong>Luarea Pressing cu alimente, b\u0103uturi \u0219i alcool<\/strong><\/b><\/p>\n<p>Lek Pressing poate fi luat indiferent de ora mesei.<\/p>\n<p>Lek Pressing nu spore\u0219te efectele b\u0103uturilor alcoolice.<\/p>\n<p><b><strong>Sarcina, al\u0103ptarea \u0219i fertilitatea<\/strong><\/b><\/p>\n<p>Dac\u0103 sunte\u021bi gravid\u0103 sau al\u0103pta\u021bi, crede\u021bi c\u0103 a\u021bi putea fi gravid\u0103 sau inten\u021biona\u021bi s\u0103 r\u0103m\u00e2ne\u021bi gravid\u0103, adresa\u021bi-v\u0103 medicului dumneavoastr\u0103 sau farmacistului pentru recomand\u0103ri \u00eenainte de a lua acest medicament.<\/p>\n<p>Nu trebuie s\u0103 lua\u021bi medicamentul Pressing \u00een timpul sarcinii.<\/p>\n<p>Medicamentul Pressing nu trebuie administrat \u00een timpul al\u0103pt\u0103rii, av\u00e2nd \u00een vedere c\u0103 loratadina se excret\u0103 \u00een laptele matern.<\/p>\n<p><b><strong>Conducerea vehiculelor \u0219i operarea ma\u0219inilor<\/strong><\/b><\/p>\n<p>Lek Pressing Tablets nu are nicio influen\u021b\u0103 sau are o influen\u021b\u0103 neglijabil\u0103 asupra conducerii vehiculelor \u0219i folosirii utilajelor.<\/p>\n<p>Cu toate acestea, foarte rar, unele persoane pot prezenta somnolen\u021b\u0103, care poate afecta capacitatea de a conduce vehicule \u0219i de a folosi utilaje.<\/p>\n<p><b><strong>Lek Pressing con\u021bine lactoz\u0103<\/strong><\/b><\/p>\n<p>\u00cen caz de intoleran\u021b\u0103 la anumite zaharuri, consulta\u021bi medicul \u00eenainte de a utiliza acest medicament.<\/p>\n<ol start=\"3\">\n<li><b><strong> Cum s\u0103 lua\u021bi medicamentul Presing<\/strong><\/b><\/li>\n<\/ol>\n<p>Lua\u021bi \u00eentotdeauna acest medicament exact a\u0219a cum este men\u021bionat \u00een acest prospect sau a\u0219a cum v-a fost explicat de c\u0103tre medicul dumneavoastr\u0103 sau farmacistul. Dac\u0103 nu sunte\u021bi sigur, consulta\u021bi medicul sau farmacistul.<\/p>\n<p><b><strong>Adulti<\/strong><\/b><\/p>\n<p>O tablet\u0103 o dat\u0103 pe zi.<\/p>\n<p><b><strong>Populatie pediatrica<\/strong><\/b><\/p>\n<p><b><strong>Copii cu v\u00e2rsta de 6 ani \u0219i peste cu o greutate corporal\u0103 mai mare de 30 kg<\/strong><\/b><\/p>\n<p>O tablet\u0103 o dat\u0103 pe zi.<\/p>\n<p>Pentru o dozare adecvat\u0103 la copiii cu v\u00e2rsta sub 6 ani sau a c\u0103ror greutate corporal\u0103 este mai mic\u0103 de 30 kg sau mai pu\u021bin, sunt disponibile formul\u0103ri farmaceutice mai adecvate.<\/p>\n<p><b><strong>Copii sub 2 ani<\/strong><\/b><\/p>\n<p>Datorit\u0103 indisponibilit\u0103\u021bii datelor, utilizarea \u00een siguran\u021b\u0103 \u0219i eficacitatea comprimatelor de loratadin\u0103 nu au fost stabilite.<\/p>\n<p><b><strong>Pacien\u021bi cu insuficien\u021b\u0103 hepatic\u0103<\/strong><\/b><\/p>\n<p>La pacien\u021bii cu afectare sever\u0103 a func\u021biei hepatice, se prescriu doze ini\u021biale mai mici datorit\u0103 reducerii<\/p>\n<p>valorile clearance-ului loratadinei.<\/p>\n<p>La adul\u021bi \u0219i copiii cu o greutate mai mare de 30 kg, se recomand\u0103 o doz\u0103 ini\u021bial\u0103 de 10 mg de loratadin\u0103 o dat\u0103 la dou\u0103 zile.<\/p>\n<p><b><strong>Pacien\u021bi cu insuficien\u021b\u0103 renal\u0103<\/strong><\/b><\/p>\n<p>La pacien\u021bii cu insuficien\u021b\u0103 renal\u0103 sau la v\u00e2rstnici, nu este necesar\u0103 ajustarea special\u0103 a dozei de medicament.<\/p>\n<p><b><strong>Seniori<\/strong><\/b><\/p>\n<p>Nu este necesar\u0103 ajustarea dozei la pacien\u021bii v\u00e2rstnici.<\/p>\n<p><b><strong>Administrare oral\u0103<\/strong><\/b><\/p>\n<p>Medicamentul poate fi luat independent de mese.<\/p>\n<p><b><strong>Dac\u0103 a\u0163i luat mai mult Pressing dec\u00e2t ar trebui<\/strong><\/b><\/p>\n<p>Lua\u021bi medicamentul comprimate de presare numai a\u0219a cum este prescris. Nu sunt de a\u0219teptat probleme grave \u00een caz de supradozaj accidental. Cu toate acestea, dac\u0103 a\u021bi luat mai multe comprimate Pressing dec\u00e2t v-a prescris, adresa\u021bi-v\u0103 imediat medicului dumneavoastr\u0103 sau farmacistului.<\/p>\n<p>Au fost raportate cazuri de somnolen\u021b\u0103, ritm cardiac rapid \u0219i dureri de cap \u00een caz de supradozaj de comprimate Pressing.<\/p>\n<p><b><strong>Dac\u0103 uita\u021bi s\u0103 lua\u021bi medicamentul Pressing<\/strong><\/b><\/p>\n<p>Dac\u0103 uita\u021bi s\u0103 lua\u021bi o doz\u0103 de medicament la timp, lua\u021bi-o c\u00e2t mai cur\u00e2nd posibil \u0219i apoi continua\u021bi s\u0103 lua\u021bi medicamentul conform programului obi\u0219nuit. Cu toate acestea, dac\u0103 se apropie timpul pentru administrarea urm\u0103toarei doze, continua\u021bi s\u0103 lua\u021bi medicamentul conform regimului recomandat.<\/p>\n<p>Nu lua\u021bi niciodat\u0103 o doz\u0103 dubl\u0103 de medicament pentru a compensa doza omis\u0103!<\/p>\n<p><b><strong>Dac\u0103 \u00eenceta\u021bi brusc s\u0103 lua\u021bi medicamentul Pressing<\/strong><\/b><\/p>\n<p>Medicul dumneavoastr\u0103 v\u0103 va sf\u0103tui c\u00e2nd s\u0103 opri\u021bi terapia.<\/p>\n<p>Dac\u0103 ave\u021bi orice \u00eentreb\u0103ri suplimentare cu privire la utilizarea acestui medicament, adresa\u021bi-v\u0103 medicului dumneavoastr\u0103 sau farmacistului.<\/p>\n<ol start=\"4\">\n<li><b><strong> Reac\u021bii adverse posibile<\/strong><\/b><\/li>\n<\/ol>\n<p>Ca toate medicamentele, acest medicament poate provoca reac\u021bii adverse, cu toate c\u0103 nu apar la toate persoanele.<\/p>\n<ul>\n<li>Reac\u021bii adverse foarte frecvente (pot ap\u0103rea la mai mult de 1 din 10 pacien\u021bi care iau medicamentul):<\/li>\n<li>Reac\u021bii adverse frecvente (pot ap\u0103rea la p\u00e2n\u0103 la 1 din 10 pacien\u021bi care iau medicamentul):<\/li>\n<li>Reac\u021bii adverse ocazionale (pot ap\u0103rea la p\u00e2n\u0103 la 1 din 100 de pacien\u021bi care iau medicamentul):<\/li>\n<li>Reac\u021bii adverse rare (pot ap\u0103rea la p\u00e2n\u0103 la 1 din 1000 de pacien\u021bi care iau medicamentul):<\/li>\n<li>Reac\u021bii adverse foarte rare (pot ap\u0103rea la p\u00e2n\u0103 la 1 din 10.000 de pacien\u021bi care iau medicamentul):<\/li>\n<\/ul>\n<p><b><strong>Frecven\u021b\u0103 necunoscut\u0103:<\/strong><\/b>\u00a0nu poate fi estimat\u0103 din datele disponibile.<\/p>\n<p>Reac\u021biile adverse cel mai frecvent raportate la adul\u021bi \u0219i adolescen\u021bi sunt: somnolen\u021b\u0103, cefalee, cre\u0219terea apetitului \u0219i insomnie.<\/p>\n<p>Foarte rar, cazuri de reac\u021bii alergice severe (inclusiv angioedem \u0219i reac\u021bie anafilactic\u0103), ame\u021beli, spasme (convulsii), b\u0103t\u0103i rapide sau neregulate ale inimii, grea\u021b\u0103, usc\u0103ciune a gurii, inflama\u021bie a mucoasei stomacului (gastrit\u0103), disfunc\u021bie hepatic\u0103, erup\u021bie cutanat\u0103 cu granula\u021bie fin\u0103, s-au raportat c\u0103derea p\u0103rului.\u0219i senza\u021bie de oboseal\u0103.<\/p>\n<p><b><strong>Frecven\u021b\u0103 necunoscut\u0103:\u00a0<\/strong><\/b>cre\u0219tere \u00een greutate.<\/p>\n<p>Reac\u021biile adverse cel mai frecvent raportate la copiii cu v\u00e2rsta cuprins\u0103 \u00eentre 2 \u0219i 12 ani sunt: dureri de cap, anxietate \u0219i senza\u021bie de oboseal\u0103.<\/p>\n<p><b><strong>Dac\u0103 vreo reac\u021bie advers\u0103 devine grav\u0103 sau observa\u021bi orice reac\u021bie advers\u0103 care nu este men\u021bionat\u0103 \u00een acest ghid, v\u0103 rug\u0103m s\u0103 v\u0103 informa\u021bi medicul sau farmacistul.<\/strong><\/b><\/p>\n<p><b><strong>Raportarea reac\u021biilor adverse<\/strong><\/b><\/p>\n<p>Dac\u0103 ave\u021bi orice reac\u021bie nedorit\u0103, trebuie s\u0103 v\u0103 informa\u021bi medicul sau farmacistul.<\/p>\n<p>Aceasta include orice posibile efecte secundare care nu sunt enumerate \u00een acest ghid. Prin raportarea reac\u021biilor adverse, pute\u021bi contribui la evaluarea siguran\u021bei acestui medicament. Pute\u021bi raporta reac\u021biile adverse suspectate Agen\u021biei pentru Medicamente \u0219i Dispozitive Medicale din Serbia (ALIMS):<\/p>\n<p><b><strong>Agen\u021bia pentru Medicamente \u0219i Dispozitive Medicale din Serbia<\/strong><\/b><\/p>\n<p><b><strong>Centrul Na\u021bional de Farmacovigilen\u021b\u0103<\/strong><\/b><\/p>\n<p><b><strong>Vojvode Stepe 458, 11221 Belgrad<\/strong><\/b><\/p>\n<p><b><strong>Republica Serbia<\/strong><\/b><\/p>\n<p><b><strong>site: www.alims.gov.rs<\/strong><\/b><\/p>\n<p><b><strong>e-mail: nezeljene.reakcije@alims.gov.rs<\/strong><\/b><\/p>\n<ol start=\"5\">\n<li><b><strong> Cum se p\u0103streaz\u0103 medicamentul Presare<\/strong><\/b><\/li>\n<\/ol>\n<p>Nu l\u0103sa\u021bi medicamentul la vederea \u0219i \u00eendem\u00e2na copiilor.<\/p>\n<p>Nu trebuie s\u0103 utiliza\u021bi medicamentul Pressing tablets, dup\u0103 data de expirare indicat\u0103 pe ambalajul exterior \u0219i interior dup\u0103 (&quot;A se utiliza p\u00e2n\u0103 la&quot;). Data de expirare se refer\u0103 la ultima zi a lunii specificate.<\/p>\n<p>Tableta Lek Pressing nu necesit\u0103 condi\u021bii speciale de p\u0103strare.<\/p>\n<p>Medicamentele inutilizabile sunt predate farmaciei, care are un anun\u021b c\u0103 farmacia colecteaz\u0103 de la cet\u0103\u021beni medicamentele inutilizabile. Medicamentele inutilizabile nu trebuie aruncate \u00een canalizare sau \u00eempreun\u0103 cu de\u0219eurile municipale. Aceste m\u0103suri vor ajuta la protejarea mediului.<\/p>\n<ol start=\"6\">\n<li><b><strong> Con\u021binutul pachetului \u0219i alte informa\u021bii<\/strong><\/b><\/li>\n<\/ol>\n<p><b><strong>Ce con\u021bine presarea?<\/strong><\/b><\/p>\n<p>Substan\u021bele active sunt:<\/p>\n<p>Un comprimat con\u021bine: loratadin\u0103 10 mg<\/p>\n<p>Substantele auxiliare sunt: lactoza, monohidrat; amidon, porumb; silice, coloidal, anhidru; povidon\u0103 K 30; polisorbat 80; celuloz\u0103, microcristalin\u0103; crospovidon\u0103; pudra de talc; stearat de magneziu<\/p>\n<p><b><strong>Cum arat\u0103 medicamentul Presing \u0219i con\u021binutul ambalajului<\/strong><\/b><\/p>\n<p>Comprimatele Lek Pressing sunt comprimate rotunde, biconvexe, de culoare alb\u0103 p\u00e2n\u0103 la aproape alb\u0103, cu o linie pe o parte.<\/p>\n<p>Linia de separare serve\u0219te doar pentru a facilita spargerea medicamentului pentru a fi mai u\u0219or de \u00eenghi\u021bit, nu pentru a \u00eemp\u0103r\u021bi doza \u00een doze egale.<\/p>\n<p>Ambalajul interior este un blister (folie de Al\/PVC) cu 10 comprimate a c\u00e2te 10 mg fiecare.<\/p>\n<p>Ambalajul exterior este o cutie de carton pliabil\u0103 care con\u021bine un blister cu 10 comprimate \u0219i un manual de instruc\u021biuni.<\/p>\n<p><b><strong>De\u021bin\u0103torul licen\u021bei \u0219i produc\u0103torul<\/strong><\/b><\/p>\n<p>HEMOFARM AD VR\u0160AC<\/p>\n<p>Beogradski a pus bb Vr\u0161ac, Republica Serbia<\/p>\n<p>Acest ghid a fost aprobat ultima dat\u0103 \u00een martie 2019.<\/p>\n<p><b><strong>Mod de administrare a medicamentului:<\/strong><\/b><\/p>\n<p>Medicamentul este eliberat f\u0103r\u0103 prescrip\u021bie medical\u0103.<\/p>\n<h4><b><strong>\u00cenainte de utilizare, studia\u021bi instruc\u021biunile \u00een detaliu. Consulta\u021bi-v\u0103 medicul sau farmacistul despre indica\u021bii, precau\u021bii \u0219i reac\u021bii adverse la medicamente.<\/strong><\/b><\/h4>\n<p>&nbsp;<\/p>\n<p><strong>Not\u0103:<\/strong>\u00a0Ne str\u0103duim s\u0103 fim c\u00e2t mai precisi \u00een descrierea tuturor produselor, dar nu putem garanta c\u0103 toate descrierile sunt complete \u0219i f\u0103r\u0103 erori. Multumesc pentru intelegere.<br \/>\nToate articolele afi\u0219ate pe site fac parte din oferta noastr\u0103, dar nu \u00eenseamn\u0103 c\u0103 sunt disponibile \u00een orice moment<\/p>\n<p>&nbsp;<\/p>","protected":false},"featured_media":3820,"template":"","meta":[],"product_brand":[],"product_cat":[779,91],"product_tag":[775,1062],"class_list":{"0":"post-3819","1":"product","2":"type-product","3":"status-publish","4":"has-post-thumbnail","6":"product_cat-antihistaminici","7":"product_cat-preparati-za-alergiju","8":"product_tag-alergija","9":"product_tag-antihistaminik","11":"first","12":"instock","13":"shipping-taxable","14":"product-type-simple"},"ams_default_variation_id":0,"ams_product_points_reward":[],"ams_product_discount_percentage":0,"ams_price_to_display":0,"ams_acf":[],"jetpack_sharing_enabled":true,"_links":{"self":[{"href":"https:\/\/apotekar-online.rs\/ro\/wp-json\/wp\/v2\/product\/3819","targetHints":{"allow":["GET"]}}],"collection":[{"href":"https:\/\/apotekar-online.rs\/ro\/wp-json\/wp\/v2\/product"}],"about":[{"href":"https:\/\/apotekar-online.rs\/ro\/wp-json\/wp\/v2\/types\/product"}],"wp:featuredmedia":[{"embeddable":true,"href":"https:\/\/apotekar-online.rs\/ro\/wp-json\/wp\/v2\/media\/3820"}],"wp:attachment":[{"href":"https:\/\/apotekar-online.rs\/ro\/wp-json\/wp\/v2\/media?parent=3819"}],"wp:term":[{"taxonomy":"product_brand","embeddable":true,"href":"https:\/\/apotekar-online.rs\/ro\/wp-json\/wp\/v2\/product_brand?post=3819"},{"taxonomy":"product_cat","embeddable":true,"href":"https:\/\/apotekar-online.rs\/ro\/wp-json\/wp\/v2\/product_cat?post=3819"},{"taxonomy":"product_tag","embeddable":true,"href":"https:\/\/apotekar-online.rs\/ro\/wp-json\/wp\/v2\/product_tag?post=3819"}],"curies":[{"name":"wp","href":"https:\/\/api.w.org\/{rel}","templated":true}]}}