{"id":3825,"date":"2023-08-03T12:02:33","date_gmt":"2023-08-03T14:02:33","guid":{"rendered":"https:\/\/apotekar-online.rs\/?post_type=product&#038;p=3825"},"modified":"2026-03-31T00:00:08","modified_gmt":"2026-03-31T02:00:08","slug":"k2d3-viva-30-kapsula-2","status":"publish","type":"product","link":"https:\/\/apotekar-online.rs\/ro\/p\/k2d3-viva-30-kapsula-2\/","title":{"rendered":"K2D3 Viva 30 capsule"},"content":{"rendered":"","protected":false},"excerpt":{"rendered":"<p>K2D3 Viva je dijetetski suplement sa vitaminima K i D namenjen za posebna medicinska stanja kao \u0161to su odr\u017eavanje normalnih kostiju, osteoporoza, autoimuna, kardiovaskularna i maligna oboljenja.<\/p>\n<p>Vitamin D doprinosi normalnoj apsorpciji i iskori\u0161\u0107enju kalcijuma i fosfora, normalnom nivou kalcijuma u krvi, odr\u0107avanju normalnih kostiju, normalne mi\u0161i\u0107ne funkcije, normalnih zuba, normalnoj funkciji imunog sistema, ima ulogu u \u0107elijskoj deobi.<\/p>\n<p>Vitamin D i kalcijum doprinose smanjenju gubitka ko\u0161tane mase kod \u017eena u post-menopauzalnom periodu.<\/p>\n<p>Vitamin K doprinosi normalnoj koagulaciji krvi i odr\u017eavanju normalnih kostiju.<\/p>\n<p class=\"mainTitle oswald\"><strong>Compozi\u0163ie:<\/strong><\/p>\n<div class=\"text\">\n<p>D3 vitamin &#8211; 2000ij<br \/>\nK2 &#8211; 90mcg<\/p>\n<p class=\"mainTitle oswald\"><strong>Ne\u017eeljeno dejstvo:<\/strong><\/p>\n<div class=\"text\">\n<p>Proizvod nije namenjen osobama sa hiperkalcemijom i hipertireoidizmom.<br \/>\nMere opreza kod osoba koje su na terapiji tiazidima, kardiotoni\u010dnim glikozidima, rifampicinom, izoniazidom, fenitoinom i barbituratima.<br \/>\nIstovremena primena sa kortikosteroidima mo\u017ee dovesti do smanjenja dejstva proizvoda.<\/p>\n<p class=\"mainTitle oswald\"><strong>Mod de utilizare:<\/strong><\/p>\n<div class=\"text\">\n<p>Popiti jednu kapsulu dnevno.<\/p>\n<p><strong>Not\u0103:<\/strong>\u00a0Ne str\u0103duim s\u0103 fim c\u00e2t mai precisi \u00een descrierea tuturor produselor, dar nu putem garanta c\u0103 toate descrierile sunt complete \u0219i f\u0103r\u0103 erori. Multumesc pentru intelegere.<br \/>\nToate articolele afi\u0219ate pe site fac parte din oferta noastr\u0103, dar nu \u00eenseamn\u0103 c\u0103 sunt disponibile \u00een orice moment<\/p>\n<\/div>\n<\/div>\n<\/div>","protected":false},"featured_media":3826,"template":"","meta":[],"product_brand":[],"product_cat":[82,78],"product_tag":[1709,1071,267,1072,732,3097,359,246,280],"class_list":{"0":"post-3825","1":"product","2":"type-product","3":"status-publish","4":"has-post-thumbnail","6":"product_cat-kosti-zglobovi-i-neuropatski-bol","7":"product_cat-vitamini-i-minerali","8":"product_tag-betty","9":"product_tag-k2d3","10":"product_tag-kosti","11":"product_tag-maligna-oboljenja","12":"product_tag-osteoporoza","13":"product_tag-sp","14":"product_tag-super-petak","15":"product_tag-vitamin-d","16":"product_tag-vitamin-k","17":"pa_brend-abela-pharm","19":"first","20":"instock","21":"shipping-taxable","22":"purchasable","23":"product-type-simple"},"ams_default_variation_id":0,"ams_product_points_reward":[],"ams_product_discount_percentage":0,"ams_price_to_display":1511.1,"ams_acf":[],"jetpack_sharing_enabled":true,"_links":{"self":[{"href":"https:\/\/apotekar-online.rs\/ro\/wp-json\/wp\/v2\/product\/3825","targetHints":{"allow":["GET"]}}],"collection":[{"href":"https:\/\/apotekar-online.rs\/ro\/wp-json\/wp\/v2\/product"}],"about":[{"href":"https:\/\/apotekar-online.rs\/ro\/wp-json\/wp\/v2\/types\/product"}],"wp:featuredmedia":[{"embeddable":true,"href":"https:\/\/apotekar-online.rs\/ro\/wp-json\/wp\/v2\/media\/3826"}],"wp:attachment":[{"href":"https:\/\/apotekar-online.rs\/ro\/wp-json\/wp\/v2\/media?parent=3825"}],"wp:term":[{"taxonomy":"product_brand","embeddable":true,"href":"https:\/\/apotekar-online.rs\/ro\/wp-json\/wp\/v2\/product_brand?post=3825"},{"taxonomy":"product_cat","embeddable":true,"href":"https:\/\/apotekar-online.rs\/ro\/wp-json\/wp\/v2\/product_cat?post=3825"},{"taxonomy":"product_tag","embeddable":true,"href":"https:\/\/apotekar-online.rs\/ro\/wp-json\/wp\/v2\/product_tag?post=3825"}],"curies":[{"name":"wp","href":"https:\/\/api.w.org\/{rel}","templated":true}]}}