{"id":3921,"date":"2023-08-15T14:13:34","date_gmt":"2023-08-15T16:13:34","guid":{"rendered":"https:\/\/apotekar-online.rs\/?post_type=product&#038;p=3921"},"modified":"2026-03-05T08:14:16","modified_gmt":"2026-03-05T10:14:16","slug":"la-rive-sprej-za-telo-sa-sljokicama-lovely-pearl-200ml","status":"publish","type":"product","link":"https:\/\/apotekar-online.rs\/ro\/p\/la-rive-sprej-za-telo-sa-sljokicama-lovely-pearl-200ml\/","title":{"rendered":"La rive- sprej za telo sa \u0161ljokicama lovely pearl 200ml"},"content":{"rendered":"","protected":false},"excerpt":{"rendered":"<p>Aromati\u010dni sprej za telo neguje va\u0161u ko\u017eu i dodatno je hidrira.<\/p>\n<p>Nota parfumata este formata din:<br \/>\n-bo\u017eur<br \/>\n&#8211; \u0111ur\u0111evak<br \/>\n-magnolija<br \/>\n-kedar<br \/>\n-sandalovina<\/p>\n<p><strong>Not\u0103:<\/strong>\u00a0Ne str\u0103duim s\u0103 fim c\u00e2t mai precisi \u00een descrierea tuturor produselor, dar nu putem garanta c\u0103 toate descrierile sunt complete \u0219i f\u0103r\u0103 erori. Multumesc pentru intelegere.<br \/>\nToate articolele afi\u0219ate pe site fac parte din oferta noastr\u0103, dar nu \u00eenseamn\u0103 c\u0103 sunt disponibile \u00een orice moment<\/p>","protected":false},"featured_media":3922,"template":"","meta":[],"product_brand":[],"product_cat":[547,177],"product_tag":[1150,1151,844],"class_list":{"0":"post-3921","1":"product","2":"type-product","3":"status-publish","4":"has-post-thumbnail","6":"product_cat-kozmetika-i-nega-za-odrasle","7":"product_cat-nega-tela","8":"product_tag-miris","9":"product_tag-sprej-sa-sljokicama","10":"product_tag-sprej-za-telo","11":"pa_brend-la-rive","13":"first","14":"instock","15":"shipping-taxable","16":"purchasable","17":"product-type-simple"},"ams_default_variation_id":0,"ams_product_points_reward":[],"ams_product_discount_percentage":0,"ams_price_to_display":550,"ams_acf":[],"jetpack_sharing_enabled":true,"_links":{"self":[{"href":"https:\/\/apotekar-online.rs\/ro\/wp-json\/wp\/v2\/product\/3921","targetHints":{"allow":["GET"]}}],"collection":[{"href":"https:\/\/apotekar-online.rs\/ro\/wp-json\/wp\/v2\/product"}],"about":[{"href":"https:\/\/apotekar-online.rs\/ro\/wp-json\/wp\/v2\/types\/product"}],"wp:featuredmedia":[{"embeddable":true,"href":"https:\/\/apotekar-online.rs\/ro\/wp-json\/wp\/v2\/media\/3922"}],"wp:attachment":[{"href":"https:\/\/apotekar-online.rs\/ro\/wp-json\/wp\/v2\/media?parent=3921"}],"wp:term":[{"taxonomy":"product_brand","embeddable":true,"href":"https:\/\/apotekar-online.rs\/ro\/wp-json\/wp\/v2\/product_brand?post=3921"},{"taxonomy":"product_cat","embeddable":true,"href":"https:\/\/apotekar-online.rs\/ro\/wp-json\/wp\/v2\/product_cat?post=3921"},{"taxonomy":"product_tag","embeddable":true,"href":"https:\/\/apotekar-online.rs\/ro\/wp-json\/wp\/v2\/product_tag?post=3921"}],"curies":[{"name":"wp","href":"https:\/\/api.w.org\/{rel}","templated":true}]}}