{"id":3935,"date":"2023-08-17T07:07:02","date_gmt":"2023-08-17T09:07:02","guid":{"rendered":"https:\/\/apotekar-online.rs\/?post_type=product&#038;p=3935"},"modified":"2026-03-05T08:35:04","modified_gmt":"2026-03-05T10:35:04","slug":"medimento-balzam-za-pete-60ml","status":"publish","type":"product","link":"https:\/\/apotekar-online.rs\/ro\/p\/medimento-balzam-za-pete-60ml\/","title":{"rendered":"Balsam pentru c\u0103lc\u00e2i Medimento 60 ml"},"content":{"rendered":"","protected":false},"excerpt":{"rendered":"<h1><\/h1>\n<p>Medimento je linija dermatolo\u0161kih proizvoda, pomo\u0107u koje \u0107e Va\u0161a ko\u017ea ostati hidrirana i zdrava.Na\u0161i proizvodi poseduju koncentrovane formulacije koje poma\u017eu u popravljanju stanja veoma suve, grube i anhidroti\u010dne ko\u017ee ruku i stopala, kao i ko\u017ee sklone pucanju. Svaki Medimento proizvod je specifi\u010dno napravljen za funkciju koju treba da obavlja. Aktivni sastojak u bazi bogatoj ovla\u017eiva\u010dima ko\u017ee u Medimento balzamima za negu ruku i stopala je Urea (25% i 10%) koja je prirodni ovla\u017eiva\u010d ko\u017ee, a koji se normalno nalazi u ko\u017ei i \u010dini otprilike 7% prirodnih ovla\u017eiva\u010da ( engleski natural Moisturising Factor, NMF).Urea pove\u0107ava apsorpciju vode u dermisu i na taj na\u010din pove\u0107ava stepen hidriranosti ko\u017ee. Na\u0161i proizvodi su nau\u010dno formulisani i klini\u010dki dokazani u hidriranju suve i grube ko\u017ee. Medimento balzam za negu peta i stopala mo\u017ee se korisititi i u tretmanu suvih, tvrdih i ispucalih stopala karakteristi\u010dnih u sklopu \u0161e\u0107erne bolesti.Medimento balzam za negu peta i stopala i Medimento balzam za ruke sadr\u017ee hranljivu formulu koja kombinuje nauku i prirodu, i koja je neophodna za adekvatnu negu ruku, peta i stopala.ZA\u0160TO MEDIMENTO? Vidljivi rezultati Mogu da je koriste i dijabeti\u010dari,bez parabena Pogodan za svakodnevnu upotrebu. Medimento balzam za pete i stopala obezbe\u0111uje odgovaraju\u0107u negu stopala. Klini\u010dki je dokazano dejstvo na ko\u017eu suvih, grubih i ispucalih peta i stopala. Sadr\u017ei 25% Uree, koja poma\u017ee u odstranjivanju izumrlih slojeva ko\u017ee, i kao nau\u010dno, i od strane lekara dokazano sredstvo za hidriranje, pove\u0107ava sposobnost odr\u017eavanja vla\u017enosti ko\u017ee.Preporu\u010duje se da balzam za pete i stopala koristite svakodnevno kao preventivni hidratant ko\u017ee, koji \u0107e Va\u0161a stopala u\u010diniti glatkim, mekim i savr\u0161eno hidriranim.Medimento balzam za pete i stopala sadr\u017ei 25% Uree, supstance koja pove\u0107ava nivo hidracije ko\u017ee tako \u0161to pove\u0107ava sposobnost preuzimanja vode iz dermisa i kapacitet stratum korneuma da ve\u017ee vodu. Urea dokazano smanjuje transepidermalni gubitak vode, stvaraju\u0107i barijeru i pove\u0107avaju\u0107i kapacitet ko\u017ee da ve\u017ee vodu. Medimento balzam za pete i stopala pru\u017ea medicinski efikasan tretman i za dijabeti\u010dare. Na\u0161 balzam za pete i stopala je pogodan za tretman suvih, tvrdih i ispucalih stopala kod dijabeti\u010dara. Dijabetesna stopala su \u010desto anhidroti\u010dna ( stanje od koga pati 82,1% dijabeti\u010dara a manifestuje se u vidu crvenih, ispucalih stopala ili u vidu svraba). Anhidrozu prouzrokuje lo\u0161a periferna cirkulacija, koja ko\u017eu \u010dini suvom i ispucalom. Tretman ispucalih stopala u ranoj fazi mo\u017ee dovesti do zna\u010dajnog smanjenja kasnijih komplikacija, dok propust blagovremenog tretmana mo\u017ee dovesti i do amputacije.<\/p>\n<p><strong>Not\u0103:<\/strong>\u00a0Ne str\u0103duim s\u0103 fim c\u00e2t mai precisi \u00een descrierea tuturor produselor, dar nu putem garanta c\u0103 toate descrierile sunt complete \u0219i f\u0103r\u0103 erori. Multumesc pentru intelegere.<br \/>\nToate articolele afi\u0219ate pe site fac parte din oferta noastr\u0103, dar nu \u00eenseamn\u0103 c\u0103 sunt disponibile \u00een orice moment<\/p>","protected":false},"featured_media":3936,"template":"","meta":[],"product_brand":[],"product_cat":[177,547],"product_tag":[1169,1171,964,627,359,1170],"class_list":{"0":"post-3935","1":"product","2":"type-product","3":"status-publish","4":"has-post-thumbnail","6":"product_cat-nega-tela","7":"product_cat-kozmetika-i-nega-za-odrasle","8":"product_tag-25-urea","9":"product_tag-gruba-koza","10":"product_tag-ispucala-koza","11":"product_tag-nega-stopala","12":"product_tag-super-petak","13":"product_tag-suva-stopala","14":"pa_brend-ceumed","16":"first","17":"instock","18":"shipping-taxable","19":"purchasable","20":"product-type-simple"},"ams_default_variation_id":0,"ams_product_points_reward":[],"ams_product_discount_percentage":0,"ams_price_to_display":708,"ams_acf":[],"jetpack_sharing_enabled":true,"_links":{"self":[{"href":"https:\/\/apotekar-online.rs\/ro\/wp-json\/wp\/v2\/product\/3935","targetHints":{"allow":["GET"]}}],"collection":[{"href":"https:\/\/apotekar-online.rs\/ro\/wp-json\/wp\/v2\/product"}],"about":[{"href":"https:\/\/apotekar-online.rs\/ro\/wp-json\/wp\/v2\/types\/product"}],"wp:featuredmedia":[{"embeddable":true,"href":"https:\/\/apotekar-online.rs\/ro\/wp-json\/wp\/v2\/media\/3936"}],"wp:attachment":[{"href":"https:\/\/apotekar-online.rs\/ro\/wp-json\/wp\/v2\/media?parent=3935"}],"wp:term":[{"taxonomy":"product_brand","embeddable":true,"href":"https:\/\/apotekar-online.rs\/ro\/wp-json\/wp\/v2\/product_brand?post=3935"},{"taxonomy":"product_cat","embeddable":true,"href":"https:\/\/apotekar-online.rs\/ro\/wp-json\/wp\/v2\/product_cat?post=3935"},{"taxonomy":"product_tag","embeddable":true,"href":"https:\/\/apotekar-online.rs\/ro\/wp-json\/wp\/v2\/product_tag?post=3935"}],"curies":[{"name":"wp","href":"https:\/\/api.w.org\/{rel}","templated":true}]}}