{"id":3945,"date":"2023-08-28T06:32:58","date_gmt":"2023-08-28T08:32:58","guid":{"rendered":"https:\/\/apotekar-online.rs\/?post_type=product&#038;p=3945"},"modified":"2026-03-05T08:14:13","modified_gmt":"2026-03-05T10:14:13","slug":"loreal-paris-elseve-color-vive-sampon-za-kosu-400ml","status":"publish","type":"product","link":"https:\/\/apotekar-online.rs\/ro\/p\/loreal-paris-elseve-color-vive-sampon-za-kosu-400ml\/","title":{"rendered":"L&#8217;Oreal Paris Elseve Color Vive \u0160ampon za kosu 400ml"},"content":{"rendered":"","protected":false},"excerpt":{"rendered":"<p align=\"justify\">Laboratorije L\u2019Or\u00e9al Paris su specijalno razvile formulu za negu bojene kose koja daje mogu\u0107nost \u010destog pranja hemijski tretirane kose. Sistem hranljivog UV filtera, daje \u017eivu boju, dok spoj katjonskih sastojaka i UV filtera porodu\u017eavaju blistavost boje i hrane vlas. Obojena kosa je dubinski za\u0161ti\u0107ena od spolja\u0161njih uticaja (feniranje, sunce, zaga\u0111enje). Nova formula, sa 50% vi\u0161e UV filtera, zaustavlja ultraljubi\u010dasto zra\u010denje i omogu\u0107ava boji da ostane sjajna, blistava i \u017eiva mnogo du\u017ee. Dokazani rezultati Do 70 % vi\u0161e za\u0161tite boje.<\/p>\n<p align=\"justify\"><strong>Compozi\u0163ie<\/strong>: AQUA \/ WATER, SODIUM LAURETH SULFATE, DIMETHICONE, COCO-BETAINE, SODIUM CHLORIDE, GLYCOL DISTEARATE, GUAR HYDROXYPROPYLTRIMONIUM CHLORIDE, COCAMIDE MIPA, COCOS NUCIFERA OIL \/ COCONUT OIL, SODIUM BENZOATE, SODIUM HYDROXIDE, PAEONIA OFFICINALIS FLOWER EXTRACT, ETHYLHEXYL SALICYLATE, SALICYLIC ACID, FUMARIC ACID, BENZYL ALCOHOL, BENZYL SALICYLATE, LINALOOL, ALPHA-ISOMETHYL IONONE, CARBOMER, GERANIOL, CITRIC ACID, CITRONELLOL, POTASSIUM SORBATE, HEXYLENE GLYCOL, HEXYL CINNAMAL, GLYCERIN, PARFUM \/ FRAGRANCE<\/p>\n<p align=\"justify\">Pakovanje sadr\u017ei 400ml.<\/p>\n<p align=\"justify\"><strong>Not\u0103:<\/strong>\u00a0Ne str\u0103duim s\u0103 fim c\u00e2t mai precisi \u00een descrierea tuturor produselor, dar nu putem garanta c\u0103 toate descrierile sunt complete \u0219i f\u0103r\u0103 erori. Multumesc pentru intelegere.<br \/>\nToate articolele afi\u0219ate pe site fac parte din oferta noastr\u0103, dar nu \u00eenseamn\u0103 c\u0103 sunt disponibile \u00een orice moment.<\/p>\n<p align=\"justify\">","protected":false},"featured_media":3946,"template":"","meta":[],"product_brand":[],"product_cat":[1073,147],"product_tag":[814,1178,808,1177],"class_list":{"0":"post-3945","1":"product","2":"type-product","3":"status-publish","4":"has-post-thumbnail","6":"product_cat-samponi","7":"product_cat-samponi-za-negu-kose","8":"product_tag-farbana-kosa","9":"product_tag-nega-bojene-kose","10":"product_tag-sampon-za-kosu","11":"product_tag-uv-filter","12":"pa_brend-loreal-paris","14":"first","15":"instock","16":"shipping-taxable","17":"purchasable","18":"product-type-simple"},"ams_default_variation_id":0,"ams_product_points_reward":[],"ams_product_discount_percentage":0,"ams_price_to_display":565,"ams_acf":[],"jetpack_sharing_enabled":true,"_links":{"self":[{"href":"https:\/\/apotekar-online.rs\/ro\/wp-json\/wp\/v2\/product\/3945","targetHints":{"allow":["GET"]}}],"collection":[{"href":"https:\/\/apotekar-online.rs\/ro\/wp-json\/wp\/v2\/product"}],"about":[{"href":"https:\/\/apotekar-online.rs\/ro\/wp-json\/wp\/v2\/types\/product"}],"wp:featuredmedia":[{"embeddable":true,"href":"https:\/\/apotekar-online.rs\/ro\/wp-json\/wp\/v2\/media\/3946"}],"wp:attachment":[{"href":"https:\/\/apotekar-online.rs\/ro\/wp-json\/wp\/v2\/media?parent=3945"}],"wp:term":[{"taxonomy":"product_brand","embeddable":true,"href":"https:\/\/apotekar-online.rs\/ro\/wp-json\/wp\/v2\/product_brand?post=3945"},{"taxonomy":"product_cat","embeddable":true,"href":"https:\/\/apotekar-online.rs\/ro\/wp-json\/wp\/v2\/product_cat?post=3945"},{"taxonomy":"product_tag","embeddable":true,"href":"https:\/\/apotekar-online.rs\/ro\/wp-json\/wp\/v2\/product_tag?post=3945"}],"curies":[{"name":"wp","href":"https:\/\/api.w.org\/{rel}","templated":true}]}}