{"id":3967,"date":"2023-08-29T06:23:50","date_gmt":"2023-08-29T08:23:50","guid":{"rendered":"https:\/\/apotekar-online.rs\/?post_type=product&#038;p=3967"},"modified":"2026-03-05T08:14:13","modified_gmt":"2026-03-05T10:14:13","slug":"loreal-paris-elseve-total-repair-5-sampon-za-kosu-400ml","status":"publish","type":"product","link":"https:\/\/apotekar-online.rs\/ro\/p\/loreal-paris-elseve-total-repair-5-sampon-za-kosu-400ml\/","title":{"rendered":"L&#8217;Oreal Paris Elseve Total Repair 5 \u0161ampon za kosu 400ml"},"content":{"rendered":"","protected":false},"excerpt":{"rendered":"<ul class=\"_1609wnw2\">\n<li>\u0160ampon za o\u0161te\u0107enu kosu<\/li>\n<li>Kombinacija nevena i keramida<\/li>\n<li>Vra\u0107a kosi vitalnost,meko\u0107u i sjaj<\/li>\n<\/ul>\n<div class=\"_1609wnw3\">Total Repair 5 \u0161ampon za kosu je posebno prilago\u0111en potrebama o\u0161tec\u0301ene kose. Neven obnavlja kosu i ja\u010da strukturu,dok keramidi podr\u017eavaju i ja\u010daju za\u0161titni sloj kose.Uz Total Repair 5 \u0161ampon kosi vra\u0107a vitalnost, mekoc\u0301u i sjaj.<\/div>\n<div><\/div>\n<div><strong>Compozi\u0163ie<\/strong>: AQUA \/ WATER, SODIUM LAURETH SULFATE, SODIUM CHLORIDE, COCAMIDOPROPYL BETAINE, DIMETHICONE, PARFUM \/ FRAGRANCE, CITRIC ACID, HEXYLENE GLYCOL, SODIUM BENZOATE, SODIUM HYDROXIDE, AMODIMETHICONE, CARBOMER, GUAR HYDROXYPROPYLTRIMONIUM CHLORIDE, TRIDECETH-10, SALICYLIC ACID, GLYCOL DISTEARATE, MICA, PEG-100 STEARATE, HEXYL CINNAMAL, STEARETH-6, PHENOXYETHANOL, COCO-BETAINE, TRIDECETH-3, LINALOOL, CI 77891 \/ TITANIUM DIOXIDE, LIMONENE, BENZYL ALCOHOL, CITRONELLOL, ARGININE, SERINE, 2-OLEAMIDO-1,3-OCTADECANEDIOL, ALPHA-ISOMETHYL IONONE, ACETIC ACID, FUMARIC ACID<\/div>\n<div><strong>Utilizarea<\/strong> : Naneti na mokru kosu, umasirati, a zatim isprati.<\/div>\n<div><\/div>\n<div><strong>Ambalare<\/strong> de 400 ml.<\/div>\n<div><\/div>\n<div><strong>Not\u0103:<\/strong>\u00a0Ne str\u0103duim s\u0103 fim c\u00e2t mai precisi \u00een descrierea tuturor produselor, dar nu putem garanta c\u0103 toate descrierile sunt complete \u0219i f\u0103r\u0103 erori. Multumesc pentru intelegere.<br \/>\nToate articolele afi\u0219ate pe site fac parte din oferta noastr\u0103, dar nu \u00eenseamn\u0103 c\u0103 sunt disponibile \u00een orice moment.<\/div>","protected":false},"featured_media":3968,"template":"","meta":[],"product_brand":[],"product_cat":[147,547,1073],"product_tag":[1194,460,823,808,767],"class_list":{"0":"post-3967","1":"product","2":"type-product","3":"status-publish","4":"has-post-thumbnail","6":"product_cat-samponi-za-negu-kose","7":"product_cat-kozmetika-i-nega-za-odrasle","8":"product_cat-samponi","9":"product_tag-keramid","10":"product_tag-neven","11":"product_tag-ostecena-kosa","12":"product_tag-sampon-za-kosu","13":"product_tag-sjaj","14":"pa_brend-loreal-paris","16":"first","17":"instock","18":"shipping-taxable","19":"purchasable","20":"product-type-simple"},"ams_default_variation_id":0,"ams_product_points_reward":[],"ams_product_discount_percentage":0,"ams_price_to_display":570,"ams_acf":[],"jetpack_sharing_enabled":true,"_links":{"self":[{"href":"https:\/\/apotekar-online.rs\/ro\/wp-json\/wp\/v2\/product\/3967","targetHints":{"allow":["GET"]}}],"collection":[{"href":"https:\/\/apotekar-online.rs\/ro\/wp-json\/wp\/v2\/product"}],"about":[{"href":"https:\/\/apotekar-online.rs\/ro\/wp-json\/wp\/v2\/types\/product"}],"wp:featuredmedia":[{"embeddable":true,"href":"https:\/\/apotekar-online.rs\/ro\/wp-json\/wp\/v2\/media\/3968"}],"wp:attachment":[{"href":"https:\/\/apotekar-online.rs\/ro\/wp-json\/wp\/v2\/media?parent=3967"}],"wp:term":[{"taxonomy":"product_brand","embeddable":true,"href":"https:\/\/apotekar-online.rs\/ro\/wp-json\/wp\/v2\/product_brand?post=3967"},{"taxonomy":"product_cat","embeddable":true,"href":"https:\/\/apotekar-online.rs\/ro\/wp-json\/wp\/v2\/product_cat?post=3967"},{"taxonomy":"product_tag","embeddable":true,"href":"https:\/\/apotekar-online.rs\/ro\/wp-json\/wp\/v2\/product_tag?post=3967"}],"curies":[{"name":"wp","href":"https:\/\/api.w.org\/{rel}","templated":true}]}}