{"id":3969,"date":"2023-08-29T06:33:40","date_gmt":"2023-08-29T08:33:40","guid":{"rendered":"https:\/\/apotekar-online.rs\/?post_type=product&#038;p=3969"},"modified":"2026-03-05T08:14:12","modified_gmt":"2026-03-05T10:14:12","slug":"loreal-paris-hyaluron-sampon-plinut-pentru-par-deshidratat-400-ml","status":"publish","type":"product","link":"https:\/\/apotekar-online.rs\/ro\/p\/loreal-paris-hyaluron-plump-sampon-za-dehidriranu-kosu-400-ml\/","title":{"rendered":"L&#039;Oreal Paris Hyaluron \u0219ampon plinut pentru p\u0103r deshidratat, 400 ml"},"content":{"rendered":"","protected":false},"excerpt":{"rendered":"<ul class=\"_1609wnw2\">\n<li>Sampon pentru par deshidratat<\/li>\n<li>\u00cembog\u0103\u021bit cu acid hialuronic<\/li>\n<li>Red\u0103 volumul p\u0103rului, str\u0103lucirea s\u0103n\u0103toas\u0103, flexibilitatea \u0219i moliciunea<\/li>\n<li>Formula u\u0219oar\u0103, nu \u00eengreuneaz\u0103 p\u0103rul<\/li>\n<li>Potrivit pentru utilizarea de zi cu zi<\/li>\n<\/ul>\n<div class=\"_1609wnw3\">\u0218amponul LOr\u00e9al PARIS ELSEVE HYALURON PLUMP este special conceput pentru p\u0103rul deshidratat. \u00cembog\u0103\u021bit cu acid hialuronic, un ingredient care este standardul de aur c\u00e2nd vine vorba de hidratare, red\u0103 p\u0103rului plenitudinea, elasticitatea \u0219i men\u021bine hidratarea p\u00e2n\u0103 la 72 de ore*. Face p\u0103rul str\u0103lucitor, revitalizat \u0219i ofer\u0103 de 10 ori mai mult\u0103 hidratare.* Potrivit pentru toate tipurile de p\u0103r, pentru uz zilnic. Nu \u00eengreuneaz\u0103 p\u0103rul \u0219i eman\u0103 parfumuri moderne de fructe care combin\u0103 note florale cu vanilie dulce \u0219i dureaz\u0103 72 de ore. Cu \u0219amponul LOr\u00e9al PARIS ELSEVE HYALURON PLUMP, p\u0103rul este hr\u0103nit, hidratat \u0219i miroase minunat.<\/div>\n<div><\/div>\n<div><strong>Compozi\u0163ie: <\/strong>AQUA \/ APA, SULFAT DE LAURETH DE SODIU, DISTEARAT DE GLICOL, CLORUR\u0102 DE SODIU, COCAMIDOPROPIL BETAIN\u0102, DIMETICON, CI 60730 \/ EXT. Violet 2, guar hidroxipropiltrimoniu clorur\u0103, MEA de cocamid\u0103, coco-betain\u0103, benzoat de sodiu, hidroxid de sodiu, hialuronat de sodiu, fenoxietanol, steareth-6, acid acetic, acid salicilic, acid fumaric-10, trideceth-3 , AMODIMETICON, CARBOMER, ACID CITRIC, HEXILEN GLICOL, PARFUM \/ PARFUM.<\/div>\n<div><\/div>\n<div><strong>Ambalare<\/strong> de 400 ml.<\/div>\n<div><\/div>\n<div><strong>Not\u0103:<\/strong>\u00a0Ne str\u0103duim s\u0103 fim c\u00e2t mai precisi \u00een descrierea tuturor produselor, dar nu putem garanta c\u0103 toate descrierile sunt complete \u0219i f\u0103r\u0103 erori. Multumesc pentru intelegere.<br \/>\nToate articolele afi\u0219ate pe site fac parte din oferta noastr\u0103, dar nu \u00eenseamn\u0103 c\u0103 sunt disponibile \u00een orice moment.<\/div>","protected":false},"featured_media":3970,"template":"","meta":[],"product_brand":[],"product_cat":[547,147,1073],"product_tag":[1195,868,1197,808,1196],"class_list":{"0":"post-3969","1":"product","2":"type-product","3":"status-publish","4":"has-post-thumbnail","6":"product_cat-kozmetika-i-nega-za-odrasle","7":"product_cat-samponi-za-negu-kose","8":"product_cat-samponi","9":"product_tag-dehidrirana-kosa","10":"product_tag-hyaluron","11":"product_tag-lagana-formula","12":"product_tag-sampon-za-kosu","13":"product_tag-volumen","14":"pa_brend-loreal-paris","16":"first","17":"instock","18":"shipping-taxable","19":"purchasable","20":"product-type-simple"},"ams_default_variation_id":0,"ams_product_points_reward":[],"ams_product_discount_percentage":0,"ams_price_to_display":601.27,"ams_acf":[],"jetpack_sharing_enabled":true,"_links":{"self":[{"href":"https:\/\/apotekar-online.rs\/ro\/wp-json\/wp\/v2\/product\/3969","targetHints":{"allow":["GET"]}}],"collection":[{"href":"https:\/\/apotekar-online.rs\/ro\/wp-json\/wp\/v2\/product"}],"about":[{"href":"https:\/\/apotekar-online.rs\/ro\/wp-json\/wp\/v2\/types\/product"}],"wp:featuredmedia":[{"embeddable":true,"href":"https:\/\/apotekar-online.rs\/ro\/wp-json\/wp\/v2\/media\/3970"}],"wp:attachment":[{"href":"https:\/\/apotekar-online.rs\/ro\/wp-json\/wp\/v2\/media?parent=3969"}],"wp:term":[{"taxonomy":"product_brand","embeddable":true,"href":"https:\/\/apotekar-online.rs\/ro\/wp-json\/wp\/v2\/product_brand?post=3969"},{"taxonomy":"product_cat","embeddable":true,"href":"https:\/\/apotekar-online.rs\/ro\/wp-json\/wp\/v2\/product_cat?post=3969"},{"taxonomy":"product_tag","embeddable":true,"href":"https:\/\/apotekar-online.rs\/ro\/wp-json\/wp\/v2\/product_tag?post=3969"}],"curies":[{"name":"wp","href":"https:\/\/api.w.org\/{rel}","templated":true}]}}