{"id":4040,"date":"2023-08-29T09:04:21","date_gmt":"2023-08-29T11:04:21","guid":{"rendered":"https:\/\/apotekar-online.rs\/?post_type=product&#038;p=4040"},"modified":"2026-03-05T08:14:10","modified_gmt":"2026-03-05T10:14:10","slug":"bioten-rose-deodorant-roll-on-fara-aluminiu-50ml","status":"publish","type":"product","link":"https:\/\/apotekar-online.rs\/ro\/p\/bioten-rose-dezodorans-roll-on-bez-aluminijuma-50ml\/","title":{"rendered":"Bioten Rose deodorant roll on fara aluminiu 50ml"},"content":{"rendered":"","protected":false},"excerpt":{"rendered":"<p>Deodorantul roll on con\u021bine trandafir organic 100% \u0219i prebiotice de origine natural\u0103. Ofer\u0103 protec\u021bie \u00eempotriva transpira\u021biei \u0219i mirosurilor nepl\u0103cute p\u00e2n\u0103 la 48 de ore. Nu con\u021bine s\u0103ruri de aluminiu sau alcool. Nu lasa urme albe.<\/p>\n<p>&nbsp;<\/p>\n<p><strong>Compozi\u0163ie<\/strong> : etilhexilglicerin\u0103, ulei hibrid de Helianthus Annuus, fosfat de amidon hidroxipropil, octenidin\u0103 HCI, pantenol, distearat de PEG-8, propilenglicol, tocoferol, BHT, fenoxietanol, alfa-izometil ionon\u0103, citronellol, cumarin\u0103, isoxilaninol, hedroxil, gerenolol, hidroxilanina, hedroxil, citronellal nalool .<\/p>\n<p><strong>Ambalare<\/strong> contine 50 ml.<\/p>\n<p>&nbsp;<\/p>\n<p><strong>Not\u0103:<\/strong>\u00a0Ne str\u0103duim s\u0103 fim c\u00e2t mai precisi \u00een descrierea tuturor produselor, dar nu putem garanta c\u0103 toate descrierile sunt complete \u0219i f\u0103r\u0103 erori. Multumesc pentru intelegere.<br \/>\nToate articolele afi\u0219ate pe site fac parte din oferta noastr\u0103, dar nu \u00eenseamn\u0103 c\u0103 sunt disponibile \u00een orice moment<\/p>","protected":false},"featured_media":4043,"template":"","meta":[],"product_brand":[],"product_cat":[547,177],"product_tag":[1221,433,1224,1222,1227,1233,854],"class_list":{"0":"post-4040","1":"product","2":"type-product","3":"status-publish","4":"has-post-thumbnail","6":"product_cat-kozmetika-i-nega-za-odrasle","7":"product_cat-nega-tela","8":"product_tag-48h-zastita","9":"product_tag-bez-alkohola","10":"product_tag-bez-aluminijuma","11":"product_tag-organska-ruza","12":"product_tag-roll-on","13":"product_tag-za-zene","14":"product_tag-znojenje","15":"pa_brend-bioten","17":"first","18":"instock","19":"shipping-taxable","20":"purchasable","21":"product-type-simple"},"ams_default_variation_id":0,"ams_product_points_reward":[],"ams_product_discount_percentage":0,"ams_price_to_display":245,"ams_acf":[],"jetpack_sharing_enabled":true,"_links":{"self":[{"href":"https:\/\/apotekar-online.rs\/ro\/wp-json\/wp\/v2\/product\/4040","targetHints":{"allow":["GET"]}}],"collection":[{"href":"https:\/\/apotekar-online.rs\/ro\/wp-json\/wp\/v2\/product"}],"about":[{"href":"https:\/\/apotekar-online.rs\/ro\/wp-json\/wp\/v2\/types\/product"}],"wp:featuredmedia":[{"embeddable":true,"href":"https:\/\/apotekar-online.rs\/ro\/wp-json\/wp\/v2\/media\/4043"}],"wp:attachment":[{"href":"https:\/\/apotekar-online.rs\/ro\/wp-json\/wp\/v2\/media?parent=4040"}],"wp:term":[{"taxonomy":"product_brand","embeddable":true,"href":"https:\/\/apotekar-online.rs\/ro\/wp-json\/wp\/v2\/product_brand?post=4040"},{"taxonomy":"product_cat","embeddable":true,"href":"https:\/\/apotekar-online.rs\/ro\/wp-json\/wp\/v2\/product_cat?post=4040"},{"taxonomy":"product_tag","embeddable":true,"href":"https:\/\/apotekar-online.rs\/ro\/wp-json\/wp\/v2\/product_tag?post=4040"}],"curies":[{"name":"wp","href":"https:\/\/api.w.org\/{rel}","templated":true}]}}